{"id":230,"date":"2022-09-05T15:44:26","date_gmt":"2022-09-05T14:44:26","guid":{"rendered":"http:\/\/deaflgbtiqa.org.uk\/mot-och-anslut-top-dating-recensioner\/"},"modified":"2022-09-05T15:44:26","modified_gmt":"2022-09-05T14:44:26","slug":"mot-och-anslut-top-dating-recensioner","status":"publish","type":"page","link":"https:\/\/deaflgbtiqa.org.uk\/sv\/","title":{"rendered":"M\u00f6t och anslut: Top Dating Recensioner"},"content":{"rendered":"<p>Gratis dejtingsajter och appar \u00e4r inte bara f\u00f6r dem som letar efter k\u00e4rlek &#8211; de \u00e4r ett bra s\u00e4tt att hitta nya v\u00e4nner och skapa kontakter. Och \u00e4ven om det finns gott om betalda alternativ d\u00e4r ute, erbjuder n\u00e5gra av de b\u00e4sta allt du vill ha utan att beh\u00f6va betala n\u00e5got extra. H\u00e4r \u00e4r sju av v\u00e5ra favoriter.<\/p>\n<h2>Vuxen Dating Recension<\/h2>\n<p>Dessa webbplatser erbjuder en m\u00e4ngd olika funktioner f\u00f6r att g\u00f6ra det enkelt att hitta potentiella partners. Anv\u00e4ndare kan bl\u00e4ddra bland medlemmar baserat p\u00e5 plats, \u00e5ldersintervall, relationsstatus, sexuell l\u00e4ggning, etnicitet, religion, utbildningsniv\u00e5, yrke, inkomst, kroppstyp, l\u00e4ngd, vikt, r\u00f6kpreferenser och till och med politiska \u00e5sikter. Det finns tusentals olika kategorier att v\u00e4lja mellan. Anv\u00e4ndare kan anv\u00e4nda nyckelord f\u00f6r att begr\u00e4nsa s\u00f6kningar och kan ocks\u00e5 filtrera medlemmar efter kompatibilitetspo\u00e4ng, antal gemensamma v\u00e4nner och om de redan \u00e4r gifta eller f\u00f6rlovade.<\/p>\n<h3>T\u00e4ndsticka<\/h3>\n<p>Match \u00e4r en av de \u00e4ldsta dejtingtj\u00e4nsterna, l\u00e4nge predated mobilappar, och den samlar in mycket information om dina preferenser f\u00f6r att skapa profiler som du sedan kan anv\u00e4nda f\u00f6r att hitta en bra matchning.<\/p>\n<p>Liksom m\u00e5nga dejtingsajter l\u00e5ter Match dig sticka ut med boosts (som att f\u00e5 din profil h\u00f6gst upp) och super likes (f\u00e5 uppm\u00e4rksamhet fr\u00e5n n\u00e5gon du faktiskt vill ha).<\/p>\n<p>Men de fria aspekterna av Match \u00e4r inte s\u00e4rskilt \u00f6vertygande. Du kan bara gilla eller ogilla potentiella matchningar och skicka n\u00e5gra meddelanden. F\u00f6r att verkligen kommunicera med n\u00e5gon m\u00e5ste du betala f\u00f6r att h\u00f6ja betyget till Match Premium, som kostar allt fr\u00e5n $ 35 till $ 120 per m\u00e5nad beroende p\u00e5 hur mycket tid du spenderar p\u00e5 webbplatsen.<\/p>\n<p>Du kan f\u00f6rl\u00e4nga din prenumeration med ytterligare tre m\u00e5nader, men \u00e4ven d\u00e5 betalar du fortfarande.<\/p>\n<h3>OkCupid<\/h3>\n<p>OkCupid \u00e4r en av de \u00e4ldsta dejtingsplattformarna runt, och med goda sk\u00e4l. Dess gr\u00e4nssnitt \u00e4r l\u00e4tt att navigera, och dess matchningsalgoritm ser till att du inte hamnar hos n\u00e5gon som inte passar din personlighetstyp. Du kan bl\u00e4ddra baserat p\u00e5 plats, \u00e5lder, relationsstatus, k\u00f6n, etnicitet, religion, utbildningsniv\u00e5, l\u00e4ngd, vikt, kroppstyp, intressen, yrke, politiska \u00e5sikter, sexuell l\u00e4ggning och till och med husdjur.<\/p>\n<p>Du kan ocks\u00e5 st\u00e4lla in dina inst\u00e4llningar s\u00e5 att de bara visar dig de profiler som intresserar dig. Du kan till exempel v\u00e4lja personer som har delat foton av sig sj\u00e4lva som b\u00e4r vissa kl\u00e4der eller som har angett att de gillar sport.<\/p>\n<p>Om du vill se till att du ser varje enskild medlem i ditt fl\u00f6de kan du aktivera aviseringar. P\u00e5 s\u00e5 s\u00e4tt missar du inte n\u00e5gon som l\u00e4gger till dig i sin v\u00e4ngrupp eller f\u00f6ljer dig tillbaka.<\/p>\n<h3>Fn\u00f6ske<\/h3>\n<p>Tinder \u00e4r utan tvekan den mest popul\u00e4ra dejtingsappen idag. Om du n\u00e5gonsin har varit p\u00e5 ett datum d\u00e4r du befann dig att svepa \u00e5t v\u00e4nster p\u00e5 varje enskild person, \u00e4r chansen stor att du vet vad Tinder \u00e4r. Anv\u00e4ndare kan svepa \u00e5t h\u00f6ger p\u00e5 alla i n\u00e4rheten, och om b\u00e5da parter gillar varandra tillr\u00e4ckligt b\u00f6rjar de chatta. Detta g\u00f6r att du ocks\u00e5 kan se vem som gillar dig.<\/p>\n<p>Tinder \u00e4r enormt framg\u00e5ngsrikt. Med \u00f6ver 50 miljoner aktiva m\u00e5natliga anv\u00e4ndare \u00e4r det v\u00e4rldens st\u00f6rsta dejtingsapp. Men hur det fungerar kan g\u00f6ra att du vill sluta anv\u00e4nda det. Appen anv\u00e4nder ett enkelt system f\u00f6r att para ihop potentiella matchningar. N\u00e4r du \u00f6ppnar appen visar den en karta som visar var m\u00e4n och kvinnor i n\u00e4rheten letar efter datum. Om du ser n\u00e5gon du tycker om trycker du bara p\u00e5 sk\u00e4rmen och skickar dem en blinkning. De g\u00f6r likadant. Och om de b\u00e5da v\u00e4ljer att g\u00e5 vidare och chatta kommer du s\u00e5 sm\u00e5ningom att tr\u00e4ffas. Men det finns ett problem. Eftersom det hela \u00e4r baserat p\u00e5 att svepa \u00e5t h\u00f6ger eller v\u00e4nster, uppmuntrar det m\u00e4nniskor att anv\u00e4nda appen avslappnat. Och tillf\u00e4lligt sex \u00e4r inte alltid en bra id\u00e9.<\/p>\n<h3>Stappla<\/h3>\n<p>Om du f\u00f6redrar kvinnor framf\u00f6r m\u00e4n kan Bumble vara n\u00e5got f\u00f6r dig. P\u00e5 Bumble initierar kvinnor samtal med andra medlemmar, och om hon vill forts\u00e4tta prata m\u00e5ste hon skicka en &#8221;bump&#8221;. En bula l\u00e5ter hennes manliga motsvarighet veta att han pratas om, och han m\u00e5ste svara inom 24 timmar. Om han g\u00f6r det forts\u00e4tter samtalet. Om han inte g\u00f6r det f\u00e5r kvinnan sista ordet.<\/p>\n<h2>Gratis dejtingsappar<\/h2>\n<p>Vill du inte betala? Ta en titt p\u00e5 dessa gratisappar som vi rekommenderar att du provar innan du g\u00e5r till en mer premiumtj\u00e4nst!<\/p>\n<h3>AdultFriendFinder<\/h3>\n<p>Adult Friend Finder, eller AFF, har funnits sedan 1995 och det g\u00e5r fortfarande starkt idag. Ursprungligen var webbplatsen utformad f\u00f6r att hj\u00e4lpa m\u00e4n som letar efter kvinnor, men genom \u00e5ren har den utvecklats till en plats d\u00e4r b\u00e5de killar och tjejer kan g\u00e5 f\u00f6r att hitta n\u00e5gon speciell hittills. Om du vill anv\u00e4nda AFF f\u00f6r avslappnad sex finns det m\u00e5nga alternativ. Du kan antingen skicka meddelanden till singlar direkt eller g\u00e5 med i en av de m\u00e5nga grupperna som fokuserar p\u00e5 specifika \u00e4mnen som BDSM, fetischism och till och med swingers.<\/p>\n<p>F\u00f6r dem som \u00e4r intresserade av att hitta k\u00e4rlek erbjuder AFF m\u00e5nga olika funktioner. Du kan bl\u00e4ddra bland profiler och foton av singlar, chatta med dem och till och med utbyta telefonnummer. Och om du vill g\u00f6ra saker lite annorlunda kan du anv\u00e4nda gratis sms-funktionen f\u00f6r att flirta med andra medlemmar.<\/p>\n<h3>  Seeking.com<\/h3>\n<p>Seeking \u00e4r en gratis online dating app som v\u00e4nder sig till sugar daddy \/ baby nisch. Denna typ av relation \u00e4r mycket popul\u00e4r nuf\u00f6rtiden eftersom det ger b\u00e5da parter n\u00e5got att se fram emot varje m\u00e5nad. Sugar daddies kan betala unga damer f\u00f6r s\u00e4llskap medan unga damer f\u00e5r pengar f\u00f6r att vara tillr\u00e4ckligt attraktiva f\u00f6r att locka m\u00e4n.<\/p>\n<p>Appen fungerar p\u00e5 liknande s\u00e4tt som Tinder d\u00e4r m\u00e4nniskor sveper \u00e5t v\u00e4nster eller h\u00f6ger baserat p\u00e5 om de vill prata med n\u00e5gon eller inte. Det finns ingen fysisk interaktion involverad i att s\u00f6ka; Det finns dock gott om sexiga foton och videor att njuta av.<\/p>\n<h3>Ashley Madison<\/h3>\n<p>Om du har funderat p\u00e5 att fuska p\u00e5 din betydande andra, eller bara \u00e4r nyfiken p\u00e5 hur det skulle vara att tr\u00e4ffa n\u00e5gon som redan \u00e4r gift, kan Ashley Madison vara v\u00e4rt att kolla in. En dejtingapp f\u00f6r fuskare, webbplatsen erbjuder ett antal olika s\u00e4tt att tr\u00e4ffa potentiella partners. Oavsett om du letar efter avslappnad sex, n\u00e5gra heta trekanter eller till och med en diskret aff\u00e4r, finns det m\u00e5nga alternativ h\u00e4r.<\/p>\n<ul>\n<li>Gratis medlemskap ger dig tillg\u00e5ng till de flesta funktionerna.<\/li>\n<li>Om du letar efter n\u00e5got seri\u00f6st kan du uppgradera till ett premiumkonto f\u00f6r $ 19.95 per m\u00e5nad.<\/li>\n<li>Det finns inga kreditkortsavgifter inblandade.<\/li>\n<li>Du kan bl\u00e4ddra bland profiler anonymt, vilket inneb\u00e4r att du inte beh\u00f6ver oroa dig f\u00f6r att bli utsatt om du befinner dig attraherad av n\u00e5gon som \u00e4r gift.<\/li>\n<li>  Du kan g\u00e5 med utan att beh\u00f6va avsl\u00f6ja personlig information som ditt namn, telefonnummer, e-postadress etc.<\/li>\n<\/ul>\n<h2>Varf\u00f6r online dating \u00e4r bra f\u00f6r singlar<\/h2>\n<p>S\u00e5 hur \u00f6vervinner du detta hinder? F\u00f6rst och fr\u00e4mst, ta ett steg tillbaka och fr\u00e5ga dig sj\u00e4lv om du verkligen vill g\u00e5 p\u00e5 dejt med den h\u00e4r personen. Om du letar efter n\u00e5got avslappnat kanske du inte ska sl\u00f6sa f\u00f6r mycket tid p\u00e5 att f\u00f6rs\u00f6ka imponera p\u00e5 dem. P\u00e5 baksidan, om du letar efter n\u00e5got mer allvarligt, vill du se till att du g\u00f6r den anstr\u00e4ngning som kr\u00e4vs f\u00f6r att vinna deras hj\u00e4rta. N\u00e4r allt kommer omkring skulle du inte l\u00e5ta en potentiell partner g\u00e5 iv\u00e4g utan att ge allt, eller hur?<\/p>\n","protected":false},"excerpt":{"rendered":"<p>Gratis dejtingsajter och appar \u00e4r inte bara f\u00f6r dem som letar efter k\u00e4rlek &#8211; de \u00e4r ett bra s\u00e4tt att hitta nya v\u00e4nner och skapa kontakter. Och \u00e4ven om det finns gott om betalda alternativ d\u00e4r ute, erbjuder n\u00e5gra av de b\u00e4sta allt du vill ha utan att beh\u00f6va betala n\u00e5got extra. H\u00e4r \u00e4r sju &hellip; <\/p>\n<p class=\"link-more\"><a href=\"https:\/\/deaflgbtiqa.org.uk\/sv\/\" class=\"more-link\">Read more &rarr;<span class=\"screen-reader-text\">&#8221;M\u00f6t och anslut: Top Dating Recensioner&#8221;<\/span><\/a><\/p>\n","protected":false},"author":1,"featured_media":76,"parent":0,"menu_order":0,"comment_status":"closed","ping_status":"closed","template":"","meta":[],"yoast_head":"<!-- This site is optimized with the Yoast SEO plugin v17.7.1 - https:\/\/yoast.com\/wordpress\/plugins\/seo\/ -->\n<title>M\u00f6t och anslut: Top Dating Recensioner - LGBT Dating<\/title>\n<meta name=\"robots\" content=\"index, follow, max-snippet:-1, max-image-preview:large, max-video-preview:-1\" \/>\n<link rel=\"canonical\" href=\"https:\/\/deaflgbtiqa.org.uk\/sv\/\" \/>\n<meta property=\"og:locale\" content=\"sv_SE\" \/>\n<meta property=\"og:type\" content=\"article\" \/>\n<meta property=\"og:title\" content=\"M\u00f6t och anslut: Top Dating Recensioner - LGBT Dating\" \/>\n<meta property=\"og:description\" content=\"Gratis dejtingsajter och appar \u00e4r inte bara f\u00f6r dem som letar efter k\u00e4rlek &#8211; de \u00e4r ett bra s\u00e4tt att hitta nya v\u00e4nner och skapa kontakter. Och \u00e4ven om det finns gott om betalda alternativ d\u00e4r ute, erbjuder n\u00e5gra av de b\u00e4sta allt du vill ha utan att beh\u00f6va betala n\u00e5got extra. H\u00e4r \u00e4r sju &hellip; Read more &rarr;&quot;M\u00f6t och anslut: Top Dating Recensioner&quot;\" \/>\n<meta property=\"og:url\" content=\"https:\/\/deaflgbtiqa.org.uk\/sv\/\" \/>\n<meta property=\"og:site_name\" content=\"LGBT Dating\" \/>\n<meta property=\"og:image\" content=\"http:\/\/deaflgbtiqa.org.uk\/wp-content\/uploads\/2022\/09\/casual-meet-for-sex.jpeg\" \/>\n\t<meta property=\"og:image:width\" content=\"1125\" \/>\n\t<meta property=\"og:image:height\" content=\"750\" \/>\n<meta name=\"twitter:card\" content=\"summary_large_image\" \/>\n<meta name=\"twitter:label1\" content=\"Ber\u00e4knad l\u00e4stid\" \/>\n\t<meta name=\"twitter:data1\" content=\"7 minuter\" \/>\n<script type=\"application\/ld+json\" class=\"yoast-schema-graph\">{\"@context\":\"https:\/\/schema.org\",\"@graph\":[{\"@type\":\"WebSite\",\"@id\":\"https:\/\/deaflgbtiqa.org.uk\/#website\",\"url\":\"https:\/\/deaflgbtiqa.org.uk\/\",\"name\":\"LGBT Dating\",\"description\":\"Queer & Bi Advice\",\"potentialAction\":[{\"@type\":\"SearchAction\",\"target\":{\"@type\":\"EntryPoint\",\"urlTemplate\":\"https:\/\/deaflgbtiqa.org.uk\/?s={search_term_string}\"},\"query-input\":\"required name=search_term_string\"}],\"inLanguage\":\"sv-SE\"},{\"@type\":\"ImageObject\",\"@id\":\"https:\/\/deaflgbtiqa.org.uk\/sv\/#primaryimage\",\"inLanguage\":\"sv-SE\",\"url\":\"https:\/\/deaflgbtiqa.org.uk\/wp-content\/uploads\/2022\/09\/casual-meet-for-sex.jpeg\",\"contentUrl\":\"https:\/\/deaflgbtiqa.org.uk\/wp-content\/uploads\/2022\/09\/casual-meet-for-sex.jpeg\",\"width\":1125,\"height\":750},{\"@type\":\"WebPage\",\"@id\":\"https:\/\/deaflgbtiqa.org.uk\/sv\/#webpage\",\"url\":\"https:\/\/deaflgbtiqa.org.uk\/sv\/\",\"name\":\"M\\u00f6t och anslut: Top Dating Recensioner - LGBT Dating\",\"isPartOf\":{\"@id\":\"https:\/\/deaflgbtiqa.org.uk\/#website\"},\"primaryImageOfPage\":{\"@id\":\"https:\/\/deaflgbtiqa.org.uk\/sv\/#primaryimage\"},\"datePublished\":\"2022-09-05T14:44:26+00:00\",\"dateModified\":\"2022-09-05T14:44:26+00:00\",\"breadcrumb\":{\"@id\":\"https:\/\/deaflgbtiqa.org.uk\/sv\/#breadcrumb\"},\"inLanguage\":\"sv-SE\",\"potentialAction\":[{\"@type\":\"ReadAction\",\"target\":[\"https:\/\/deaflgbtiqa.org.uk\/sv\/\"]}]},{\"@type\":\"BreadcrumbList\",\"@id\":\"https:\/\/deaflgbtiqa.org.uk\/sv\/#breadcrumb\",\"itemListElement\":[{\"@type\":\"ListItem\",\"position\":1,\"name\":\"Home\",\"item\":\"http:\/\/deaflgbtiqa.org.uk\/sv\/\"},{\"@type\":\"ListItem\",\"position\":2,\"name\":\"M\\u00f6t och anslut: Top Dating Recensioner\"}]}]}<\/script>\n<!-- \/ Yoast SEO plugin. -->","yoast_head_json":{"title":"M\u00f6t och anslut: Top Dating Recensioner - LGBT Dating","robots":{"index":"index","follow":"follow","max-snippet":"max-snippet:-1","max-image-preview":"max-image-preview:large","max-video-preview":"max-video-preview:-1"},"canonical":"https:\/\/deaflgbtiqa.org.uk\/sv\/","og_locale":"sv_SE","og_type":"article","og_title":"M\u00f6t och anslut: Top Dating Recensioner - LGBT Dating","og_description":"Gratis dejtingsajter och appar \u00e4r inte bara f\u00f6r dem som letar efter k\u00e4rlek &#8211; de \u00e4r ett bra s\u00e4tt att hitta nya v\u00e4nner och skapa kontakter. Och \u00e4ven om det finns gott om betalda alternativ d\u00e4r ute, erbjuder n\u00e5gra av de b\u00e4sta allt du vill ha utan att beh\u00f6va betala n\u00e5got extra. H\u00e4r \u00e4r sju &hellip; Read more &rarr;\"M\u00f6t och anslut: Top Dating Recensioner\"","og_url":"https:\/\/deaflgbtiqa.org.uk\/sv\/","og_site_name":"LGBT Dating","og_image":[{"width":1125,"height":750,"url":"http:\/\/deaflgbtiqa.org.uk\/wp-content\/uploads\/2022\/09\/casual-meet-for-sex.jpeg","type":"image\/jpeg"}],"twitter_card":"summary_large_image","twitter_misc":{"Ber\u00e4knad l\u00e4stid":"7 minuter"},"schema":{"@context":"https:\/\/schema.org","@graph":[{"@type":"WebSite","@id":"https:\/\/deaflgbtiqa.org.uk\/#website","url":"https:\/\/deaflgbtiqa.org.uk\/","name":"LGBT Dating","description":"Queer & Bi Advice","potentialAction":[{"@type":"SearchAction","target":{"@type":"EntryPoint","urlTemplate":"https:\/\/deaflgbtiqa.org.uk\/?s={search_term_string}"},"query-input":"required name=search_term_string"}],"inLanguage":"sv-SE"},{"@type":"ImageObject","@id":"https:\/\/deaflgbtiqa.org.uk\/sv\/#primaryimage","inLanguage":"sv-SE","url":"https:\/\/deaflgbtiqa.org.uk\/wp-content\/uploads\/2022\/09\/casual-meet-for-sex.jpeg","contentUrl":"https:\/\/deaflgbtiqa.org.uk\/wp-content\/uploads\/2022\/09\/casual-meet-for-sex.jpeg","width":1125,"height":750},{"@type":"WebPage","@id":"https:\/\/deaflgbtiqa.org.uk\/sv\/#webpage","url":"https:\/\/deaflgbtiqa.org.uk\/sv\/","name":"M\u00f6t och anslut: Top Dating Recensioner - LGBT Dating","isPartOf":{"@id":"https:\/\/deaflgbtiqa.org.uk\/#website"},"primaryImageOfPage":{"@id":"https:\/\/deaflgbtiqa.org.uk\/sv\/#primaryimage"},"datePublished":"2022-09-05T14:44:26+00:00","dateModified":"2022-09-05T14:44:26+00:00","breadcrumb":{"@id":"https:\/\/deaflgbtiqa.org.uk\/sv\/#breadcrumb"},"inLanguage":"sv-SE","potentialAction":[{"@type":"ReadAction","target":["https:\/\/deaflgbtiqa.org.uk\/sv\/"]}]},{"@type":"BreadcrumbList","@id":"https:\/\/deaflgbtiqa.org.uk\/sv\/#breadcrumb","itemListElement":[{"@type":"ListItem","position":1,"name":"Home","item":"http:\/\/deaflgbtiqa.org.uk\/sv\/"},{"@type":"ListItem","position":2,"name":"M\u00f6t och anslut: Top Dating Recensioner"}]}]}},"_links":{"self":[{"href":"https:\/\/deaflgbtiqa.org.uk\/sv\/wp-json\/wp\/v2\/pages\/230"}],"collection":[{"href":"https:\/\/deaflgbtiqa.org.uk\/sv\/wp-json\/wp\/v2\/pages"}],"about":[{"href":"https:\/\/deaflgbtiqa.org.uk\/sv\/wp-json\/wp\/v2\/types\/page"}],"author":[{"embeddable":true,"href":"https:\/\/deaflgbtiqa.org.uk\/sv\/wp-json\/wp\/v2\/users\/1"}],"replies":[{"embeddable":true,"href":"https:\/\/deaflgbtiqa.org.uk\/sv\/wp-json\/wp\/v2\/comments?post=230"}],"version-history":[{"count":0,"href":"https:\/\/deaflgbtiqa.org.uk\/sv\/wp-json\/wp\/v2\/pages\/230\/revisions"}],"wp:featuredmedia":[{"embeddable":true,"href":"https:\/\/deaflgbtiqa.org.uk\/sv\/wp-json\/wp\/v2\/media\/76"}],"wp:attachment":[{"href":"https:\/\/deaflgbtiqa.org.uk\/sv\/wp-json\/wp\/v2\/media?parent=230"}],"curies":[{"name":"wp","href":"https:\/\/api.w.org\/{rel}","templated":true}]}}