{"id":158,"date":"2022-09-05T15:44:26","date_gmt":"2022-09-05T14:44:26","guid":{"rendered":"http:\/\/deaflgbtiqa.org.uk\/meet-and-hookup-top-dating-reviews\/"},"modified":"2022-09-05T15:44:26","modified_gmt":"2022-09-05T14:44:26","slug":"meet-and-hookup-top-dating-reviews","status":"publish","type":"page","link":"https:\/\/deaflgbtiqa.org.uk\/pt-pt\/","title":{"rendered":"Meet And Hookup: Top Dating Reviews"},"content":{"rendered":"<p>Sites e aplicativos de encontros gratuitos n\u00e3o s\u00e3o apenas para aqueles que procuram amor &#8211; eles s\u00e3o uma \u00f3tima maneira de encontrar novos amigos e fazer conex\u00f5es. E apesar de haver muitas op\u00e7\u00f5es pagas l\u00e1 fora, algumas das melhores oferecem tudo o que voc\u00ea gostaria sem ter que pagar nada extra. Aqui est\u00e3o sete dos nossos favoritos.<\/p>\n<h2>Coment\u00e1rio de namoro para adultos<\/h2>\n<p>Estes sites oferecem uma variedade de funcionalidades para facilitar a procura de potenciais parceiros. Os utilizadores podem navegar nos membros com base na localiza\u00e7\u00e3o, faixa et\u00e1ria, estado de relacionamento, orienta\u00e7\u00e3o sexual, etnia, religi\u00e3o, n\u00edvel de educa\u00e7\u00e3o, ocupa\u00e7\u00e3o, rendimento, tipo de corpo, altura, peso, prefer\u00eancias de tabagismo e at\u00e9 mesmo opini\u00f5es pol\u00edticas. H\u00e1 milhares de categorias diferentes para escolher. Os utilizadores podem usar palavras-chave para reduzir as pesquisas, e tamb\u00e9m podem filtrar os membros atrav\u00e9s da pontua\u00e7\u00e3o de compatibilidade, n\u00famero de amigos m\u00fatuos e se j\u00e1 est\u00e3o casados ou noivos.<\/p>\n<h3>Correspond\u00eancia<\/h3>\n<p>Match \u00e9 um dos servi\u00e7os de encontros mais antigos, aplica\u00e7\u00f5es m\u00f3veis antigas e recolhe muita informa\u00e7\u00e3o sobre as suas prefer\u00eancias para criar perfis que pode usar para encontrar uma boa correspond\u00eancia.<\/p>\n<p>Como muitos sites de encontros, o Match permite-lhe destacar-se com boosts (como obter o seu perfil no topo) e super gostos (recebendo a aten\u00e7\u00e3o de algu\u00e9m que realmente quer).<\/p>\n<p>Mas os aspetos livres do Match n\u00e3o s\u00e3o muito convincentes. S\u00f3 pode gostar ou n\u00e3o gostar de potenciais partidas e enviar algumas mensagens. Para realmente comunicar com qualquer pessoa, voc\u00ea tem que pagar para subir de grau para Match Premium, que custa entre $35 a $120 por m\u00eas, dependendo do tempo que gasta no site.<\/p>\n<p>Pode prolongar a sua subscri\u00e7\u00e3o por mais tr\u00eas meses, mas mesmo assim, continuar\u00e1 a pagar.<\/p>\n<h3>OkCupid<\/h3>\n<p>OkCupid \u00e9 uma das plataformas de namoro mais antigas ao redor, e por uma boa raz\u00e3o. A sua interface \u00e9 f\u00e1cil de navegar, e o seu algoritmo correspondente garante que n\u00e3o acabas com algu\u00e9m que n\u00e3o se encaixa no teu tipo de personalidade. Voc\u00ea pode navegar com base na localiza\u00e7\u00e3o, idade, estado de relacionamento, sexo, etnia, religi\u00e3o, n\u00edvel de educa\u00e7\u00e3o, altura, peso, tipo de corpo, interesses, ocupa\u00e7\u00e3o, pontos de vista pol\u00edticos, orienta\u00e7\u00e3o sexual e at\u00e9 mesmo animais de estima\u00e7\u00e3o.<\/p>\n<p>Tamb\u00e9m pode definir as suas prefer\u00eancias para lhe mostrar apenas os perfis que lhe interessam. Por exemplo, pode selecionar pessoas que tenham partilhado fotos de si mesmas usando determinadas roupas ou que tenham indicado que gostam de desporto.<\/p>\n<p>Se quiser ter a certeza de que v\u00ea todos os membros do seu feed, pode ativar notifica\u00e7\u00f5es. Assim, n\u00e3o vais perder ningu\u00e9m que te adicione ao grupo de amigos deles ou te siga de volta.<\/p>\n<h3>Rio Tinder<\/h3>\n<p>O Tinder \u00e9, sem d\u00favida, a aplica\u00e7\u00e3o de encontros mais popular hoje em dia. Se alguma vez tiveste um encontro em que te encontraste a desviar-te de todas as pessoas, \u00e9 prov\u00e1vel que saibas o que \u00e9 o Tinder. Os utilizadores podem passar para qualquer um pr\u00f3ximo, e se ambas as partes gostarem uma da outra o suficiente, come\u00e7ar\u00e3o a conversar. Isto permite-te ver quem mais gosta de ti, tamb\u00e9m.<\/p>\n<p>O Tinder tem muito sucesso. Com mais de 50 milh\u00f5es de utilizadores mensais ativos, \u00e9 a maior aplica\u00e7\u00e3o de encontros do mundo. Mas a forma como funciona pode fazer-te querer parar de us\u00e1-lo. A aplica\u00e7\u00e3o usa um sistema simples para emparelhar potenciais f\u00f3sforos. Quando abre a aplica\u00e7\u00e3o, exibe um mapa que mostra onde homens e mulheres pr\u00f3ximos est\u00e3o \u00e0 procura de datas. Se vires algu\u00e9m de quem gostes, toca no ecr\u00e3 e manda-lhe um piscar de olhos. Fazem o mesmo. E se ambos escolherem ir em frente e conversar, eventualmente vais encontrar-te. Mas h\u00e1 um problema. Porque tudo se baseia em swiping direita ou esquerda, encoraja as pessoas a usar a app casualmente. E sexo casual nem sempre \u00e9 uma boa ideia.<\/p>\n<h3>Rio Bumble<\/h3>\n<p>Se preferes mulheres a homens, o Bumble pode ser para ti. Em Bumble, as mulheres iniciam conversas com outros membros, e se ela quer continuar a falar, ela deve enviar um &#8220;galo&#8221;. Um galo permite ao seu hom\u00f3logo masculino saber que est\u00e1 a ser falado, e tem de responder dentro de 24 horas. Se o fizer, a conversa continua. Se n\u00e3o o fizer, a mulher recebe a palavra final.<\/p>\n<h2>Aplicativos de namoro gratuitos<\/h2>\n<p>N\u00e3o quer pagar? Veja estas aplica\u00e7\u00f5es gratuitas que recomendamos que experimente antes de ir para um servi\u00e7o mais premium!<\/p>\n<h3>AdultFriendFinder<\/h3>\n<p>Adult Friend Finder, ou AFF, existe desde 1995 e ainda hoje est\u00e1 forte. Originalmente, o site foi projetado para ajudar homens \u00e0 procura de mulheres, mas ao longo dos anos, evoluiu para um lugar onde tanto rapazes como meninas podem ir \u00e0 procura de algu\u00e9m especial at\u00e9 \u00e0 data. Se quiser usar AFF para sexo casual, h\u00e1 muitas op\u00e7\u00f5es. Voc\u00ea pode enviar mensagens diretamente para solteiros, ou se juntar a um dos muitos grupos que se focam em t\u00f3picos espec\u00edficos como BDSM, fetichismo e at\u00e9 swingers.<\/p>\n<p>Para os interessados em encontrar o amor, a AFF oferece um monte de caracter\u00edsticas diferentes. Pode navegar em perfis e fotos de solteiros, conversar com eles e at\u00e9 trocar n\u00fameros de telefone. E se quiser fazer as coisas de forma um pouco diferente, pode utilizar a funcionalidade de sms gratuita para namoriscar com outros membros.<\/p>\n<h3>  Seeking.com<\/h3>\n<p>Procurar \u00e9 uma aplica\u00e7\u00e3o de encontros online gratuita que atende ao nicho do pai\/beb\u00e9. Este tipo de relacionamento \u00e9 muito popular hoje em dia porque d\u00e1 a ambas as partes algo para olhar para a frente todos os meses. Os pais a\u00e7ucareiros s\u00e3o capazes de pagar a jovens senhoras por companhia, enquanto as jovens recebem dinheiro por serem atraentes o suficiente para atrair homens.<\/p>\n<p>A aplica\u00e7\u00e3o funciona de forma semelhante ao Tinder, onde as pessoas passam para a esquerda ou para a direita com base em se querem ou n\u00e3o falar com algu\u00e9m. N\u00e3o h\u00e1 qualquer intera\u00e7\u00e3o f\u00edsica envolvida na procura; no entanto, h\u00e1 uma abund\u00e2ncia de fotos e v\u00eddeos sexy para desfrutar.<\/p>\n<h3>Ashley Madison<\/h3>\n<p>Se tens pensado em trair o teu outro significativo, ou est\u00e1s apenas curioso para namorar com algu\u00e9m que j\u00e1 \u00e9 casado, a Ashley Madison pode valer a pena verificar. Uma aplica\u00e7\u00e3o de encontros para batoteiros, o site oferece uma s\u00e9rie de maneiras diferentes de conhecer potenciais parceiros. Quer esteja \u00e0 procura de sexo casual, alguns trios quentes, ou at\u00e9 mesmo um caso discreto, h\u00e1 muitas op\u00e7\u00f5es aqui.<\/p>\n<ul>\n<li>A ades\u00e3o gratuita d\u00e1-lhe acesso \u00e0 maioria das funcionalidades.<\/li>\n<li>Se procura algo s\u00e9rio, pode fazer upgrade para uma conta premium de 19,95 d\u00f3lares por m\u00eas.<\/li>\n<li>N\u00e3o h\u00e1 taxas de cart\u00e3o de cr\u00e9dito envolvidas.<\/li>\n<li>Podes procurar perfis anonimamente, o que significa que n\u00e3o tens de te preocupar em ser exposto se te sentires atra\u00eddo por algu\u00e9m que \u00e9 casado.<\/li>\n<li>  Pode participar sem ter de revelar informa\u00e7\u00f5es pessoais como o seu nome, n\u00famero de telefone, endere\u00e7o de e-mail, etc.<\/li>\n<\/ul>\n<h2>Por que namorar on-line \u00e9 bom para solteiros<\/h2>\n<p>Ent\u00e3o, como se ultrapassa este obst\u00e1culo? Primeiro, d\u00ea um passo para tr\u00e1s e pergunte a si mesmo se realmente quer sair com esta pessoa. Se procura algo casual, talvez n\u00e3o deva perder muito tempo tentando impression\u00e1-los. Por outro lado, se procura algo mais s\u00e9rio, ent\u00e3o vai querer ter certeza de que est\u00e1 a fazer o esfor\u00e7o necess\u00e1rio para conquistar o cora\u00e7\u00e3o deles. Afinal, n\u00e3o deixarias um parceiro em potencial ir embora sem dar o teu melhor, certo?<\/p>\n","protected":false},"excerpt":{"rendered":"<p>Sites e aplicativos de encontros gratuitos n\u00e3o s\u00e3o apenas para aqueles que procuram amor &#8211; eles s\u00e3o uma \u00f3tima maneira de encontrar novos amigos e fazer conex\u00f5es. E apesar de haver muitas op\u00e7\u00f5es pagas l\u00e1 fora, algumas das melhores oferecem tudo o que voc\u00ea gostaria sem ter que pagar nada extra. Aqui est\u00e3o sete dos &hellip; <\/p>\n<p class=\"link-more\"><a href=\"https:\/\/deaflgbtiqa.org.uk\/pt-pt\/\" class=\"more-link\">Read more &rarr;<span class=\"screen-reader-text\">&#8220;Meet And Hookup: Top Dating Reviews&#8221;<\/span><\/a><\/p>\n","protected":false},"author":1,"featured_media":73,"parent":0,"menu_order":0,"comment_status":"closed","ping_status":"closed","template":"","meta":[],"yoast_head":"<!-- This site is optimized with the Yoast SEO plugin v17.7.1 - https:\/\/yoast.com\/wordpress\/plugins\/seo\/ -->\n<title>Meet And Hookup: Top Dating Reviews - LGBT Dating<\/title>\n<meta name=\"robots\" content=\"index, follow, max-snippet:-1, max-image-preview:large, max-video-preview:-1\" \/>\n<link rel=\"canonical\" href=\"https:\/\/deaflgbtiqa.org.uk\/pt-pt\/\" \/>\n<meta property=\"og:locale\" content=\"pt_PT\" \/>\n<meta property=\"og:type\" content=\"article\" \/>\n<meta property=\"og:title\" content=\"Meet And Hookup: Top Dating Reviews - LGBT Dating\" \/>\n<meta property=\"og:description\" content=\"Sites e aplicativos de encontros gratuitos n\u00e3o s\u00e3o apenas para aqueles que procuram amor &#8211; eles s\u00e3o uma \u00f3tima maneira de encontrar novos amigos e fazer conex\u00f5es. E apesar de haver muitas op\u00e7\u00f5es pagas l\u00e1 fora, algumas das melhores oferecem tudo o que voc\u00ea gostaria sem ter que pagar nada extra. Aqui est\u00e3o sete dos &hellip; Read more &rarr;&quot;Meet And Hookup: Top Dating Reviews&quot;\" \/>\n<meta property=\"og:url\" content=\"https:\/\/deaflgbtiqa.org.uk\/pt-pt\/\" \/>\n<meta property=\"og:site_name\" content=\"LGBT Dating\" \/>\n<meta property=\"og:image\" content=\"https:\/\/deaflgbtiqa.org.uk\/wp-content\/uploads\/2022\/09\/casual-meet-for-sex.jpeg\" \/>\n\t<meta property=\"og:image:width\" content=\"1125\" \/>\n\t<meta property=\"og:image:height\" content=\"750\" \/>\n<meta name=\"twitter:card\" content=\"summary_large_image\" \/>\n<meta name=\"twitter:label1\" content=\"Tempo estimado de leitura\" \/>\n\t<meta name=\"twitter:data1\" content=\"7 minutos\" \/>\n<script type=\"application\/ld+json\" class=\"yoast-schema-graph\">{\"@context\":\"https:\/\/schema.org\",\"@graph\":[{\"@type\":\"WebSite\",\"@id\":\"https:\/\/deaflgbtiqa.org.uk\/#website\",\"url\":\"https:\/\/deaflgbtiqa.org.uk\/\",\"name\":\"LGBT Dating\",\"description\":\"Queer & Bi Advice\",\"potentialAction\":[{\"@type\":\"SearchAction\",\"target\":{\"@type\":\"EntryPoint\",\"urlTemplate\":\"https:\/\/deaflgbtiqa.org.uk\/?s={search_term_string}\"},\"query-input\":\"required name=search_term_string\"}],\"inLanguage\":\"pt-PT\"},{\"@type\":\"ImageObject\",\"@id\":\"https:\/\/deaflgbtiqa.org.uk\/pt-pt\/#primaryimage\",\"inLanguage\":\"pt-PT\",\"url\":\"https:\/\/deaflgbtiqa.org.uk\/wp-content\/uploads\/2022\/09\/casual-meet-for-sex.jpeg\",\"contentUrl\":\"https:\/\/deaflgbtiqa.org.uk\/wp-content\/uploads\/2022\/09\/casual-meet-for-sex.jpeg\",\"width\":1125,\"height\":750},{\"@type\":\"WebPage\",\"@id\":\"https:\/\/deaflgbtiqa.org.uk\/pt-pt\/#webpage\",\"url\":\"https:\/\/deaflgbtiqa.org.uk\/pt-pt\/\",\"name\":\"Meet And Hookup: Top Dating Reviews - LGBT Dating\",\"isPartOf\":{\"@id\":\"https:\/\/deaflgbtiqa.org.uk\/#website\"},\"primaryImageOfPage\":{\"@id\":\"https:\/\/deaflgbtiqa.org.uk\/pt-pt\/#primaryimage\"},\"datePublished\":\"2022-09-05T14:44:26+00:00\",\"dateModified\":\"2022-09-05T14:44:26+00:00\",\"breadcrumb\":{\"@id\":\"https:\/\/deaflgbtiqa.org.uk\/pt-pt\/#breadcrumb\"},\"inLanguage\":\"pt-PT\",\"potentialAction\":[{\"@type\":\"ReadAction\",\"target\":[\"https:\/\/deaflgbtiqa.org.uk\/pt-pt\/\"]}]},{\"@type\":\"BreadcrumbList\",\"@id\":\"https:\/\/deaflgbtiqa.org.uk\/pt-pt\/#breadcrumb\",\"itemListElement\":[{\"@type\":\"ListItem\",\"position\":1,\"name\":\"Home\",\"item\":\"https:\/\/deaflgbtiqa.org.uk\/pt-pt\/\"},{\"@type\":\"ListItem\",\"position\":2,\"name\":\"Meet And Hookup: Top Dating Reviews\"}]}]}<\/script>\n<!-- \/ Yoast SEO plugin. -->","yoast_head_json":{"title":"Meet And Hookup: Top Dating Reviews - LGBT Dating","robots":{"index":"index","follow":"follow","max-snippet":"max-snippet:-1","max-image-preview":"max-image-preview:large","max-video-preview":"max-video-preview:-1"},"canonical":"https:\/\/deaflgbtiqa.org.uk\/pt-pt\/","og_locale":"pt_PT","og_type":"article","og_title":"Meet And Hookup: Top Dating Reviews - LGBT Dating","og_description":"Sites e aplicativos de encontros gratuitos n\u00e3o s\u00e3o apenas para aqueles que procuram amor &#8211; eles s\u00e3o uma \u00f3tima maneira de encontrar novos amigos e fazer conex\u00f5es. E apesar de haver muitas op\u00e7\u00f5es pagas l\u00e1 fora, algumas das melhores oferecem tudo o que voc\u00ea gostaria sem ter que pagar nada extra. Aqui est\u00e3o sete dos &hellip; Read more &rarr;\"Meet And Hookup: Top Dating Reviews\"","og_url":"https:\/\/deaflgbtiqa.org.uk\/pt-pt\/","og_site_name":"LGBT Dating","og_image":[{"width":1125,"height":750,"url":"https:\/\/deaflgbtiqa.org.uk\/wp-content\/uploads\/2022\/09\/casual-meet-for-sex.jpeg","type":"image\/jpeg"}],"twitter_card":"summary_large_image","twitter_misc":{"Tempo estimado de leitura":"7 minutos"},"schema":{"@context":"https:\/\/schema.org","@graph":[{"@type":"WebSite","@id":"https:\/\/deaflgbtiqa.org.uk\/#website","url":"https:\/\/deaflgbtiqa.org.uk\/","name":"LGBT Dating","description":"Queer & Bi Advice","potentialAction":[{"@type":"SearchAction","target":{"@type":"EntryPoint","urlTemplate":"https:\/\/deaflgbtiqa.org.uk\/?s={search_term_string}"},"query-input":"required name=search_term_string"}],"inLanguage":"pt-PT"},{"@type":"ImageObject","@id":"https:\/\/deaflgbtiqa.org.uk\/pt-pt\/#primaryimage","inLanguage":"pt-PT","url":"https:\/\/deaflgbtiqa.org.uk\/wp-content\/uploads\/2022\/09\/casual-meet-for-sex.jpeg","contentUrl":"https:\/\/deaflgbtiqa.org.uk\/wp-content\/uploads\/2022\/09\/casual-meet-for-sex.jpeg","width":1125,"height":750},{"@type":"WebPage","@id":"https:\/\/deaflgbtiqa.org.uk\/pt-pt\/#webpage","url":"https:\/\/deaflgbtiqa.org.uk\/pt-pt\/","name":"Meet And Hookup: Top Dating Reviews - LGBT Dating","isPartOf":{"@id":"https:\/\/deaflgbtiqa.org.uk\/#website"},"primaryImageOfPage":{"@id":"https:\/\/deaflgbtiqa.org.uk\/pt-pt\/#primaryimage"},"datePublished":"2022-09-05T14:44:26+00:00","dateModified":"2022-09-05T14:44:26+00:00","breadcrumb":{"@id":"https:\/\/deaflgbtiqa.org.uk\/pt-pt\/#breadcrumb"},"inLanguage":"pt-PT","potentialAction":[{"@type":"ReadAction","target":["https:\/\/deaflgbtiqa.org.uk\/pt-pt\/"]}]},{"@type":"BreadcrumbList","@id":"https:\/\/deaflgbtiqa.org.uk\/pt-pt\/#breadcrumb","itemListElement":[{"@type":"ListItem","position":1,"name":"Home","item":"https:\/\/deaflgbtiqa.org.uk\/pt-pt\/"},{"@type":"ListItem","position":2,"name":"Meet And Hookup: Top Dating Reviews"}]}]}},"_links":{"self":[{"href":"https:\/\/deaflgbtiqa.org.uk\/pt-pt\/wp-json\/wp\/v2\/pages\/158"}],"collection":[{"href":"https:\/\/deaflgbtiqa.org.uk\/pt-pt\/wp-json\/wp\/v2\/pages"}],"about":[{"href":"https:\/\/deaflgbtiqa.org.uk\/pt-pt\/wp-json\/wp\/v2\/types\/page"}],"author":[{"embeddable":true,"href":"https:\/\/deaflgbtiqa.org.uk\/pt-pt\/wp-json\/wp\/v2\/users\/1"}],"replies":[{"embeddable":true,"href":"https:\/\/deaflgbtiqa.org.uk\/pt-pt\/wp-json\/wp\/v2\/comments?post=158"}],"version-history":[{"count":0,"href":"https:\/\/deaflgbtiqa.org.uk\/pt-pt\/wp-json\/wp\/v2\/pages\/158\/revisions"}],"wp:featuredmedia":[{"embeddable":true,"href":"https:\/\/deaflgbtiqa.org.uk\/pt-pt\/wp-json\/wp\/v2\/media\/73"}],"wp:attachment":[{"href":"https:\/\/deaflgbtiqa.org.uk\/pt-pt\/wp-json\/wp\/v2\/media?parent=158"}],"curies":[{"name":"wp","href":"https:\/\/api.w.org\/{rel}","templated":true}]}}