{"id":232,"date":"2022-09-05T15:44:26","date_gmt":"2022-09-05T14:44:26","guid":{"rendered":"http:\/\/deaflgbtiqa.org.uk\/incontra-e-collega-le-migliori-recensioni-di-appuntamenti\/"},"modified":"2022-09-05T15:44:26","modified_gmt":"2022-09-05T14:44:26","slug":"incontra-e-collega-le-migliori-recensioni-di-appuntamenti","status":"publish","type":"page","link":"https:\/\/deaflgbtiqa.org.uk\/it\/","title":{"rendered":"Incontra e collega: le migliori recensioni di appuntamenti"},"content":{"rendered":"<p>I siti e le app di incontri gratuiti non sono solo per coloro che cercano l&#8217;amore: sono un ottimo modo per trovare nuovi amici e creare connessioni. E mentre ci sono molte opzioni a pagamento l\u00e0 fuori, alcune delle migliori offrono tutto ci\u00f2 che vorresti senza dover pagare nulla in pi\u00f9. Ecco sette dei nostri preferiti.<\/p>\n<h2>Recensione di incontri per adulti<\/h2>\n<p>Questi siti offrono una variet\u00e0 di funzionalit\u00e0 per facilitare la ricerca di potenziali partner. Gli utenti possono sfogliare i membri in base alla posizione, alla fascia d&#8217;et\u00e0, allo stato della relazione, all&#8217;orientamento sessuale, all&#8217;etnia, alla religione, al livello di istruzione, all&#8217;occupazione, al reddito, al tipo di corporatura, all&#8217;altezza, al peso, alle preferenze sul fumo e persino alle opinioni politiche. Ci sono migliaia di categorie diverse tra cui scegliere. Gli utenti possono utilizzare le parole chiave per restringere le ricerche e possono anche filtrare i membri in base al punteggio di compatibilit\u00e0, al numero di amici comuni e al fatto che siano gi\u00e0 sposati o fidanzati.<\/p>\n<h3>Fiammifero<\/h3>\n<p>Match \u00e8 uno dei pi\u00f9 antichi servizi di appuntamenti, app mobili da tempo predate e raccoglie molte informazioni sulle tue preferenze per creare profili che puoi quindi utilizzare per trovare una buona corrispondenza.<\/p>\n<p>Come molti siti di incontri, Match ti consente di distinguerti con potenziamenti (come ottenere il tuo profilo in alto) e super Mi piace (attirando l&#8217;attenzione di qualcuno che desideri davvero).<\/p>\n<p>Ma gli aspetti gratuiti di Match non sono molto convincenti. Puoi solo apprezzare o non apprezzare le potenziali corrispondenze e inviare alcuni messaggi. Per comunicare davvero con chiunque, devi pagare fino al grado di Match Premium, che costa ovunque da $ 35 a $ 120 al mese a seconda di quanto tempo trascorri sul sito.<\/p>\n<p>Puoi estendere l&#8217;abbonamento per altri tre mesi, ma anche in questo caso pagherai comunque.<\/p>\n<h3>OkCupido<\/h3>\n<p>OkCupid \u00e8 una delle pi\u00f9 antiche piattaforme di incontri in circolazione, e per una buona ragione. La sua interfaccia \u00e8 facile da navigare e il suo algoritmo di corrispondenza ti assicura di non finire con qualcuno che non si adatta al tuo tipo di personalit\u00e0. Puoi navigare in base a posizione, et\u00e0, stato della relazione, sesso, etnia, religione, livello di istruzione, altezza, peso, tipo di corporatura, interessi, occupazione, opinioni politiche, orientamento sessuale e persino animali domestici.<\/p>\n<p>Puoi anche impostare le tue preferenze per mostrarti solo i profili che ti interessano. Ad esempio, puoi selezionare persone che hanno condiviso foto di se stessi indossando determinati abiti o che hanno indicato che amano lo sport.<\/p>\n<p>Se vuoi assicurarti di vedere ogni singolo membro sul tuo feed, puoi abilitare le notifiche. In questo modo, non perderai nessuno che ti aggiunga al proprio gruppo di amici o ti segua.<\/p>\n<h3>Esca<\/h3>\n<p>Tinder \u00e8 probabilmente l&#8217;app di appuntamenti pi\u00f9 popolare oggi. Se sei mai stato in un appuntamento in cui ti sei ritrovato a scorrere a sinistra su ogni singola persona, \u00e8 probabile che tu sappia cos&#8217;\u00e8 Tinder. Gli utenti possono scorrere verso destra su chiunque si trovi nelle vicinanze e, se entrambe le parti si piacciono abbastanza, inizieranno a chattare. Questo ti permette di vedere anche a chi piaci gli altri.<\/p>\n<p>Tinder ha un enorme successo. Con oltre 50 milioni di utenti mensili attivi, \u00e8 la pi\u00f9 grande app di appuntamenti al mondo. Ma il modo in cui funziona potrebbe farti desiderare di smettere di usarlo. L&#8217;app utilizza un semplice sistema per accoppiare potenziali corrispondenze. Quando apri l&#8217;app, visualizza una mappa che mostra dove uomini e donne nelle vicinanze stanno cercando appuntamenti. Se vedi qualcuno che ti piace, tocca lo schermo e inviagli un occhiolino. Fanno lo stesso. E se entrambi scelgono di andare avanti e chattare, alla fine ti incontrerai. Ma c&#8217;\u00e8 un problema. Poich\u00e9 il tutto si basa sullo scorrimento a destra o a sinistra, incoraggia le persone a utilizzare l&#8217;app in modo casuale. E il sesso occasionale non \u00e8 sempre una buona idea.<\/p>\n<h3>Bumble<\/h3>\n<p>Se preferisci le donne agli uomini, Bumble potrebbe essere per te. Su Bumble, le donne iniziano conversazioni con altri membri e, se vuole continuare a parlare, deve inviare un &#8220;urto&#8221;. Un urto fa sapere alla sua controparte maschile di cui si sta parlando, e deve rispondere entro 24 ore. Se lo fa, la conversazione continua. Se non lo fa, la donna ottiene l&#8217;ultima parola.<\/p>\n<h2>App di appuntamenti gratuite<\/h2>\n<p>Non vuoi pagare? Dai un&#8217;occhiata a queste app gratuite che ti consigliamo di provare prima di andare per un servizio pi\u00f9 premium!<\/p>\n<h3>AdultFriendFinder<\/h3>\n<p>Adult Friend Finder, o AFF, \u00e8 in circolazione dal 1995 e sta ancora andando forte oggi. Originariamente, il sito \u00e8 stato progettato per aiutare gli uomini in cerca di donne, ma nel corso degli anni si \u00e8 evoluto in un luogo in cui sia i ragazzi che le ragazze possono andare a trovare qualcuno di speciale con cui uscire. Se vuoi usare AFF per il sesso occasionale, ci sono molte opzioni. Puoi inviare messaggi direttamente ai single o unirti a uno dei tanti gruppi che si concentrano su argomenti specifici come BDSM, feticismo e persino scambisti.<\/p>\n<p>Per coloro che sono interessati a trovare l&#8217;amore, AFF offre molte funzionalit\u00e0 diverse. Puoi sfogliare profili e foto di single, chattare con loro e persino scambiare numeri di telefono. E se vuoi fare le cose in modo leggermente diverso, puoi utilizzare la funzione di messaggistica gratuita per flirtare con altri membri.<\/p>\n<h3>  Seeking.com<\/h3>\n<p>Seeking \u00e8 un&#8217;app di appuntamenti online gratuita che si rivolge alla nicchia sugar daddy \/ baby. Questo tipo di relazione \u00e8 molto popolare al giorno d&#8217;oggi perch\u00e9 d\u00e0 a entrambe le parti qualcosa da guardare avanti ogni mese. I pap\u00e0 dello zucchero sono in grado di pagare le giovani donne per la compagnia mentre le giovani donne ricevono denaro per essere abbastanza attraenti da attirare gli uomini.<\/p>\n<p>L&#8217;app funziona in modo simile a Tinder in cui le persone scorrono verso sinistra o destra in base al fatto che vogliano parlare con qualcuno o meno. Non c&#8217;\u00e8 interazione fisica coinvolta nella ricerca; tuttavia, ci sono molte foto e video sexy da godere.<\/p>\n<h3>Ashley Madison<\/h3>\n<p>Se hai pensato di tradire il tuo altro significativo, o sei solo curioso di sapere come sarebbe uscire con qualcuno che \u00e8 gi\u00e0 sposato, Ashley Madison potrebbe valere la pena dare un&#8217;occhiata. Un&#8217;app di appuntamenti per imbroglioni, il sito offre una serie di modi diversi per incontrare potenziali partner. Sia che tu stia cercando sesso occasionale, alcuni trio caldi o anche una relazione discreta, ci sono molte opzioni qui.<\/p>\n<ul>\n<li>L&#8217;abbonamento gratuito ti d\u00e0 accesso alla maggior parte delle funzionalit\u00e0.<\/li>\n<li>Se stai cercando qualcosa di serio, puoi passare a un account premium per $ 19.95 al mese.<\/li>\n<li>Non ci sono commissioni sulla carta di credito coinvolte.<\/li>\n<li>Puoi sfogliare i profili in modo anonimo, il che significa che non devi preoccuparti di essere esposto se ti trovi attratto da qualcuno che \u00e8 sposato.<\/li>\n<li>  Puoi iscriverti senza dover rivelare informazioni personali come nome, numero di telefono, indirizzo e-mail, ecc.<\/li>\n<\/ul>\n<h2>Perch\u00e9 gli appuntamenti online sono buoni per i single<\/h2>\n<p>Quindi, come si fa a superare questo ostacolo? Prima di tutto, fai un passo indietro e chiediti se vuoi davvero andare ad un appuntamento con questa persona. Se stai cercando qualcosa di casual, allora forse non dovresti perdere troppo tempo a cercare di impressionarli. Il rovescio della medaglia, se stai cercando qualcosa di pi\u00f9 serio, allora vorrai assicurarti di fare lo sforzo necessario per conquistare il loro cuore. Dopotutto, non lasceresti che un potenziale partner se ne vada senza dare il massimo, giusto?<\/p>\n","protected":false},"excerpt":{"rendered":"<p>I siti e le app di incontri gratuiti non sono solo per coloro che cercano l&#8217;amore: sono un ottimo modo per trovare nuovi amici e creare connessioni. E mentre ci sono molte opzioni a pagamento l\u00e0 fuori, alcune delle migliori offrono tutto ci\u00f2 che vorresti senza dover pagare nulla in pi\u00f9. Ecco sette dei nostri &hellip; <\/p>\n<p class=\"link-more\"><a href=\"https:\/\/deaflgbtiqa.org.uk\/it\/\" class=\"more-link\">Read more &rarr;<span class=\"screen-reader-text\">&#8220;Incontra e collega: le migliori recensioni di appuntamenti&#8221;<\/span><\/a><\/p>\n","protected":false},"author":1,"featured_media":70,"parent":0,"menu_order":0,"comment_status":"closed","ping_status":"closed","template":"","meta":[],"yoast_head":"<!-- This site is optimized with the Yoast SEO plugin v17.7.1 - https:\/\/yoast.com\/wordpress\/plugins\/seo\/ -->\n<title>Incontra e collega: le migliori recensioni di appuntamenti - LGBT Dating<\/title>\n<meta name=\"robots\" content=\"index, follow, max-snippet:-1, max-image-preview:large, max-video-preview:-1\" \/>\n<link rel=\"canonical\" href=\"https:\/\/deaflgbtiqa.org.uk\/it\/\" \/>\n<meta property=\"og:locale\" content=\"it_IT\" \/>\n<meta property=\"og:type\" content=\"article\" \/>\n<meta property=\"og:title\" content=\"Incontra e collega: le migliori recensioni di appuntamenti - LGBT Dating\" \/>\n<meta property=\"og:description\" content=\"I siti e le app di incontri gratuiti non sono solo per coloro che cercano l&#8217;amore: sono un ottimo modo per trovare nuovi amici e creare connessioni. E mentre ci sono molte opzioni a pagamento l\u00e0 fuori, alcune delle migliori offrono tutto ci\u00f2 che vorresti senza dover pagare nulla in pi\u00f9. Ecco sette dei nostri &hellip; Read more &rarr;&quot;Incontra e collega: le migliori recensioni di appuntamenti&quot;\" \/>\n<meta property=\"og:url\" content=\"https:\/\/deaflgbtiqa.org.uk\/it\/\" \/>\n<meta property=\"og:site_name\" content=\"LGBT Dating\" \/>\n<meta property=\"og:image\" content=\"https:\/\/deaflgbtiqa.org.uk\/wp-content\/uploads\/2022\/09\/casual-meet-for-sex.jpeg\" \/>\n\t<meta property=\"og:image:width\" content=\"1125\" \/>\n\t<meta property=\"og:image:height\" content=\"750\" \/>\n<meta name=\"twitter:card\" content=\"summary_large_image\" \/>\n<meta name=\"twitter:label1\" content=\"Tempo di lettura stimato\" \/>\n\t<meta name=\"twitter:data1\" content=\"6 minutes\" \/>\n<script type=\"application\/ld+json\" class=\"yoast-schema-graph\">{\"@context\":\"https:\/\/schema.org\",\"@graph\":[{\"@type\":\"WebSite\",\"@id\":\"https:\/\/deaflgbtiqa.org.uk\/#website\",\"url\":\"https:\/\/deaflgbtiqa.org.uk\/\",\"name\":\"LGBT Dating\",\"description\":\"Queer & Bi Advice\",\"potentialAction\":[{\"@type\":\"SearchAction\",\"target\":{\"@type\":\"EntryPoint\",\"urlTemplate\":\"https:\/\/deaflgbtiqa.org.uk\/?s={search_term_string}\"},\"query-input\":\"required name=search_term_string\"}],\"inLanguage\":\"it-IT\"},{\"@type\":\"ImageObject\",\"@id\":\"https:\/\/deaflgbtiqa.org.uk\/it\/#primaryimage\",\"inLanguage\":\"it-IT\",\"url\":\"https:\/\/deaflgbtiqa.org.uk\/wp-content\/uploads\/2022\/09\/casual-meet-for-sex.jpeg\",\"contentUrl\":\"https:\/\/deaflgbtiqa.org.uk\/wp-content\/uploads\/2022\/09\/casual-meet-for-sex.jpeg\",\"width\":1125,\"height\":750},{\"@type\":\"WebPage\",\"@id\":\"https:\/\/deaflgbtiqa.org.uk\/it\/#webpage\",\"url\":\"https:\/\/deaflgbtiqa.org.uk\/it\/\",\"name\":\"Incontra e collega: le migliori recensioni di appuntamenti - LGBT Dating\",\"isPartOf\":{\"@id\":\"https:\/\/deaflgbtiqa.org.uk\/#website\"},\"primaryImageOfPage\":{\"@id\":\"https:\/\/deaflgbtiqa.org.uk\/it\/#primaryimage\"},\"datePublished\":\"2022-09-05T14:44:26+00:00\",\"dateModified\":\"2022-09-05T14:44:26+00:00\",\"breadcrumb\":{\"@id\":\"https:\/\/deaflgbtiqa.org.uk\/it\/#breadcrumb\"},\"inLanguage\":\"it-IT\",\"potentialAction\":[{\"@type\":\"ReadAction\",\"target\":[\"https:\/\/deaflgbtiqa.org.uk\/it\/\"]}]},{\"@type\":\"BreadcrumbList\",\"@id\":\"https:\/\/deaflgbtiqa.org.uk\/it\/#breadcrumb\",\"itemListElement\":[{\"@type\":\"ListItem\",\"position\":1,\"name\":\"Home\",\"item\":\"https:\/\/deaflgbtiqa.org.uk\/it\/\"},{\"@type\":\"ListItem\",\"position\":2,\"name\":\"Incontra e collega: le migliori recensioni di appuntamenti\"}]}]}<\/script>\n<!-- \/ Yoast SEO plugin. -->","yoast_head_json":{"title":"Incontra e collega: le migliori recensioni di appuntamenti - LGBT Dating","robots":{"index":"index","follow":"follow","max-snippet":"max-snippet:-1","max-image-preview":"max-image-preview:large","max-video-preview":"max-video-preview:-1"},"canonical":"https:\/\/deaflgbtiqa.org.uk\/it\/","og_locale":"it_IT","og_type":"article","og_title":"Incontra e collega: le migliori recensioni di appuntamenti - LGBT Dating","og_description":"I siti e le app di incontri gratuiti non sono solo per coloro che cercano l&#8217;amore: sono un ottimo modo per trovare nuovi amici e creare connessioni. E mentre ci sono molte opzioni a pagamento l\u00e0 fuori, alcune delle migliori offrono tutto ci\u00f2 che vorresti senza dover pagare nulla in pi\u00f9. Ecco sette dei nostri &hellip; Read more &rarr;\"Incontra e collega: le migliori recensioni di appuntamenti\"","og_url":"https:\/\/deaflgbtiqa.org.uk\/it\/","og_site_name":"LGBT Dating","og_image":[{"width":1125,"height":750,"url":"https:\/\/deaflgbtiqa.org.uk\/wp-content\/uploads\/2022\/09\/casual-meet-for-sex.jpeg","type":"image\/jpeg"}],"twitter_card":"summary_large_image","twitter_misc":{"Tempo di lettura stimato":"6 minutes"},"schema":{"@context":"https:\/\/schema.org","@graph":[{"@type":"WebSite","@id":"https:\/\/deaflgbtiqa.org.uk\/#website","url":"https:\/\/deaflgbtiqa.org.uk\/","name":"LGBT Dating","description":"Queer & Bi Advice","potentialAction":[{"@type":"SearchAction","target":{"@type":"EntryPoint","urlTemplate":"https:\/\/deaflgbtiqa.org.uk\/?s={search_term_string}"},"query-input":"required name=search_term_string"}],"inLanguage":"it-IT"},{"@type":"ImageObject","@id":"https:\/\/deaflgbtiqa.org.uk\/it\/#primaryimage","inLanguage":"it-IT","url":"https:\/\/deaflgbtiqa.org.uk\/wp-content\/uploads\/2022\/09\/casual-meet-for-sex.jpeg","contentUrl":"https:\/\/deaflgbtiqa.org.uk\/wp-content\/uploads\/2022\/09\/casual-meet-for-sex.jpeg","width":1125,"height":750},{"@type":"WebPage","@id":"https:\/\/deaflgbtiqa.org.uk\/it\/#webpage","url":"https:\/\/deaflgbtiqa.org.uk\/it\/","name":"Incontra e collega: le migliori recensioni di appuntamenti - LGBT Dating","isPartOf":{"@id":"https:\/\/deaflgbtiqa.org.uk\/#website"},"primaryImageOfPage":{"@id":"https:\/\/deaflgbtiqa.org.uk\/it\/#primaryimage"},"datePublished":"2022-09-05T14:44:26+00:00","dateModified":"2022-09-05T14:44:26+00:00","breadcrumb":{"@id":"https:\/\/deaflgbtiqa.org.uk\/it\/#breadcrumb"},"inLanguage":"it-IT","potentialAction":[{"@type":"ReadAction","target":["https:\/\/deaflgbtiqa.org.uk\/it\/"]}]},{"@type":"BreadcrumbList","@id":"https:\/\/deaflgbtiqa.org.uk\/it\/#breadcrumb","itemListElement":[{"@type":"ListItem","position":1,"name":"Home","item":"https:\/\/deaflgbtiqa.org.uk\/it\/"},{"@type":"ListItem","position":2,"name":"Incontra e collega: le migliori recensioni di appuntamenti"}]}]}},"_links":{"self":[{"href":"https:\/\/deaflgbtiqa.org.uk\/it\/wp-json\/wp\/v2\/pages\/232"}],"collection":[{"href":"https:\/\/deaflgbtiqa.org.uk\/it\/wp-json\/wp\/v2\/pages"}],"about":[{"href":"https:\/\/deaflgbtiqa.org.uk\/it\/wp-json\/wp\/v2\/types\/page"}],"author":[{"embeddable":true,"href":"https:\/\/deaflgbtiqa.org.uk\/it\/wp-json\/wp\/v2\/users\/1"}],"replies":[{"embeddable":true,"href":"https:\/\/deaflgbtiqa.org.uk\/it\/wp-json\/wp\/v2\/comments?post=232"}],"version-history":[{"count":0,"href":"https:\/\/deaflgbtiqa.org.uk\/it\/wp-json\/wp\/v2\/pages\/232\/revisions"}],"wp:featuredmedia":[{"embeddable":true,"href":"https:\/\/deaflgbtiqa.org.uk\/it\/wp-json\/wp\/v2\/media\/70"}],"wp:attachment":[{"href":"https:\/\/deaflgbtiqa.org.uk\/it\/wp-json\/wp\/v2\/media?parent=232"}],"curies":[{"name":"wp","href":"https:\/\/api.w.org\/{rel}","templated":true}]}}