{"id":160,"date":"2022-09-05T15:44:26","date_gmt":"2022-09-05T14:44:26","guid":{"rendered":"http:\/\/deaflgbtiqa.org.uk\/upoznajte-i-spojite-se-najbolje-recenzije-za-upoznavanje\/"},"modified":"2022-09-05T15:44:26","modified_gmt":"2022-09-05T14:44:26","slug":"upoznajte-i-spojite-se-najbolje-recenzije-za-upoznavanje","status":"publish","type":"page","link":"https:\/\/deaflgbtiqa.org.uk\/hr\/","title":{"rendered":"Upoznajte i spojite se: Najbolje recenzije za upoznavanje"},"content":{"rendered":"<p>Besplatne web stranice i aplikacije za upoznavanje nisu samo za one koji tra\u017ee ljubav &#8211; oni su sjajan na\u010din za pronala\u017eenje novih prijatelja i uspostavljanje veza. I dok postoji mnogo pla\u0107enih opcija, neke od najboljih nude sve \u0161to biste \u017eeljeli, a da ne morate platiti ni\u0161ta dodatno. Evo sedam na\u0161ih omiljenih.<\/p>\n<h2>Pregled upoznavanja odraslih<\/h2>\n<p>Ove web stranice nude razne zna\u010dajke koje olak\u0161avaju pronala\u017eenje potencijalnih partnera. Korisnici mogu pregledavati \u010dlanove na temelju lokacije, dobnog raspona, statusa veze, seksualne orijentacije, etni\u010dke pripadnosti, vjere, razine obrazovanja, zanimanja, prihoda, tipa tijela, visine, te\u017eine, sklonosti pu\u0161enju, pa \u010dak i politi\u010dkih stavova. Mo\u017eete birati izme\u0111u tisu\u0107a razli\u010ditih kategorija. Korisnici mogu koristiti klju\u010dne rije\u010di za su\u017eavanje pretra\u017eivanja, a \u010dlanove mogu filtrirati i prema ocjeni kompatibilnosti, broju zajedni\u010dkih prijatelja i o tome jesu li ve\u0107 u braku ili zaru\u010deni.<\/p>\n<h3>Odgovarati<\/h3>\n<p>Match je jedna od najstarijih usluga upoznavanja, dugo prethodila mobilnim aplikacijama i prikuplja mnogo informacija o va\u0161im \u017eeljama za stvaranje profila koje zatim mo\u017eete koristiti za pronala\u017eenje dobrog podudaranja.<\/p>\n<p>Kao i mnoge web stranice za upoznavanje, Match vam omogu\u0107uje da se istaknete poticajima (poput dobivanja profila na vrhu) i super lajkova (privla\u010denje pa\u017enje nekoga koga zapravo \u017eelite).<\/p>\n<p>Ali slobodni aspekti Matcha nisu ba\u0161 uvjerljivi. Potencijalna podudaranja mo\u017eete voljeti ili vam se ne svi\u0111ati i poslati nekoliko poruka. Da biste stvarno komunicirali s bilo kim, morate platiti do razreda do Match Premiuma, koji ko\u0161ta bilo gdje od 35 do 120 USD mjese\u010dno, ovisno o tome koliko vremena provodite na web mjestu.<\/p>\n<p>Pretplatu mo\u017eete produljiti za jo\u0161 tri mjeseca, ali \u010dak i tada \u0107ete i dalje pla\u0107ati.<\/p>\n<h3>OkCupid<\/h3>\n<p>OkCupid je jedna od najstarijih platformi za upoznavanje i to s dobrim razlogom. Su\u010delje mu je jednostavno za navigaciju, a njegov odgovaraju\u0107i algoritam osigurava da ne zavr\u0161ite s nekim tko se ne uklapa u va\u0161 tip osobnosti. Mo\u017eete pregledavati na temelju lokacije, dobi, statusa veze, spola, etni\u010dke pripadnosti, vjere, razine obrazovanja, visine, te\u017eine, tipa tijela, interesa, zanimanja, politi\u010dkih stavova, seksualne orijentacije, pa \u010dak i ku\u0107nih ljubimaca.<\/p>\n<p>Tako\u0111er mo\u017eete postaviti svoje postavke tako da vam prikazuju samo one profile koji vas zanimaju. Na primjer, mo\u017eete odabrati ljude koji su podijelili svoje fotografije u odre\u0111enim odjevnim kombinacijama ili koji su nazna\u010dili da vole sport.<\/p>\n<p>Ako \u017eelite biti sigurni da \u0107ete vidjeti svakog pojedinog \u010dlana u feedu, mo\u017eete omogu\u0107iti obavijesti. Na taj na\u010din ne\u0107ete propustiti nikoga tko vas doda u svoju grupu prijatelja ili vas prati natrag.<\/p>\n<h3>Tinder<\/h3>\n<p>Tinder je vjerojatno najpopularnija aplikacija za upoznavanje danas. Ako ste ikada bili na spoju na kojem ste se na\u0161li kako vu\u010dete prstom ulijevo na svaku osobu, velike su \u0161anse da znate \u0161to je Tinder. Korisnici mogu prije\u0107i prstom udesno na bilo koga u blizini, a ako se obje strane dovoljno svi\u0111aju jedna drugoj, po\u010det \u0107e \u010davrljati. To vam omogu\u0107uje da vidite i tko vas jo\u0161 voli.<\/p>\n<p>Tinder je izuzetno uspje\u0161an. S vi\u0161e od 50 milijuna aktivnih mjese\u010dnih korisnika, to je najve\u0107a svjetska aplikacija za upoznavanje. Ali na\u010din na koji radi mo\u017ee vas natjerati da ga prestanete koristiti. Aplikacija koristi jednostavan sustav za uparivanje potencijalnih podudaranja. Kada otvorite aplikaciju, ona prikazuje kartu na kojoj se vidi gdje mu\u0161karci i \u017eene u blizini tra\u017ee datume. Ako vidite nekoga tko vam se svi\u0111a, samo dodirnite zaslon i po\u0161aljite mu mig. Oni rade isto. A ako oboje odlu\u010de i\u0107i naprijed i razgovarati, na kraju \u0107ete se sresti. Ali postoji problem. Budu\u0107i da se cijela stvar temelji na povla\u010denju udesno ili ulijevo, poti\u010de ljude da le\u017eerno koriste aplikaciju. A povremeni seks nije uvijek dobra ideja.<\/p>\n<h3>Bumble<\/h3>\n<p>Ako vi\u0161e volite \u017eene nego mu\u0161karce, Bumble bi mogao biti za vas. Na Bumbleu \u017eene pokre\u0107u razgovore s drugim \u010dlanovima, a ako \u017eeli nastaviti razgovarati, mora poslati &#8220;kvrgu&#8221;. Kvrga daje do znanja njenom mu\u0161kom kolegi da se o njemu pri\u010da, i mora odgovoriti u roku od 24 sata. Ako to u\u010dini, razgovor se nastavlja. Ako to ne u\u010dini, \u017eena \u0107e dobiti posljednju rije\u010d.<\/p>\n<h2>Besplatne aplikacije za upoznavanje<\/h2>\n<p>Ne \u017eeli\u0161 platiti? Pogledajte ove besplatne aplikacije koje vam preporu\u010dujemo da isprobate prije nego \u0161to odete na premium uslugu!<\/p>\n<h3>AdultFriendFinder<\/h3>\n<p>Adult Friend Finder, ili AFF, postoji od 1995. godine, a i danas je sna\u017ean. Izvorno, stranica je dizajnirana kako bi pomogla mu\u0161karcima koji tra\u017ee \u017eene, ali tijekom godina evoluirala je u mjesto gdje i de\u010dki i djevojke mogu oti\u0107i prona\u0107i nekoga posebnog do danas. Ako \u017eelite koristiti AFF za povremeni seks, postoji mnogo opcija. Mo\u017eete izravno slati poruke samcima ili se pridru\u017eiti jednoj od mnogih skupina koje se usredoto\u010duju na odre\u0111ene teme poput BDSM-a, feti\u0161izma, pa \u010dak i swingera.<\/p>\n<p>Za one koji su zainteresirani za pronala\u017eenje ljubavi, AFF nudi mnogo razli\u010ditih zna\u010dajki. Mo\u017eete pregledavati profile i fotografije samaca, razgovarati s njima, pa \u010dak i razmjenjivati telefonske brojeve. A ako \u017eelite raditi stvari malo druga\u010dije, mo\u017eete iskoristiti zna\u010dajku besplatnog slanja poruka za koketiranje s drugim \u010dlanovima.<\/p>\n<h3>  Seeking.com<\/h3>\n<p>Tra\u017eenje je besplatna internetska aplikacija za upoznavanje koja zadovoljava ni\u0161u sugar daddy \/ baby. Ova vrsta odnosa danas je vrlo popularna jer objema stranama daje ne\u0161to \u010demu se mogu radovati svaki mjesec. \u0160e\u0107erni tatice mogu pla\u0107ati mladim damama za dru\u017eenje, dok mlade dame dobivaju novac jer su dovoljno atraktivne da privuku mu\u0161karce.<\/p>\n<p>Aplikacija funkcionira na sli\u010dan na\u010din kao i Tinder gdje ljudi prelaze prstom ulijevo ili udesno na temelju toga \u017eele li razgovarati s nekim ili ne. Nema fizi\u010dke interakcije uklju\u010dene u tra\u017eenje; me\u0111utim, postoji mnogo seksi fotografija i videozapisa za u\u017eivanje.<\/p>\n<h3>Ashley Madison<\/h3>\n<p>Ako ste razmi\u0161ljali o varanju svoje zna\u010dajne druge osobe ili vas samo zanima kako bi bilo izlaziti s nekim tko je ve\u0107 o\u017eenjen, Ashley Madison bi mogla biti vrijedna provjere. Aplikacija za upoznavanje varalica, stranica nudi niz razli\u010ditih na\u010dina za upoznavanje potencijalnih partnera. Bilo da tra\u017eite neobavezni seks, neke vru\u0107e trojke ili \u010dak diskretnu aferu, ovdje postoji mnogo opcija.<\/p>\n<ul>\n<li>Besplatno \u010dlanstvo omogu\u0107uje vam pristup ve\u0107ini zna\u010dajki.<\/li>\n<li>Ako tra\u017eite ne\u0161to ozbiljno, mo\u017eete nadograditi na premium ra\u010dun za 19.95 USD mjese\u010dno.<\/li>\n<li>Nisu uklju\u010dene naknade za kreditne kartice.<\/li>\n<li>Profile mo\u017eete pregledavati anonimno, \u0161to zna\u010di da ne morate brinuti ho\u0107e li biti izlo\u017eeni ako vas privla\u010di netko tko je o\u017eenjen.<\/li>\n<li>  Mo\u017eete se pridru\u017eiti bez potrebe za otkrivanjem osobnih podataka kao \u0161to su va\u0161e ime, telefonski broj, adresa e-po\u0161te itd.<\/li>\n<\/ul>\n<h2>Za\u0161to je online upoznavanje dobro za samce<\/h2>\n<p>Kako onda prevladati ovu prepreku? Prije svega, odmaknite se i zapitajte se \u017eelite li zaista i\u0107i na spoj s tom osobom. Ako tra\u017eite ne\u0161to le\u017eerno, mo\u017eda ne biste trebali gubiti previ\u0161e vremena poku\u0161avaju\u0107i ih impresionirati. S druge strane, ako tra\u017eite ne\u0161to ozbiljnije, onda \u0107ete se htjeti uvjeriti da ula\u017eete trud potreban za osvajanje njihovog srca. Na kraju krajeva, ne bi dopustio potencijalnom partneru da ode, a da ne da\u0161 sve od sebe, zar ne?<\/p>\n","protected":false},"excerpt":{"rendered":"<p>Besplatne web stranice i aplikacije za upoznavanje nisu samo za one koji tra\u017ee ljubav &#8211; oni su sjajan na\u010din za pronala\u017eenje novih prijatelja i uspostavljanje veza. I dok postoji mnogo pla\u0107enih opcija, neke od najboljih nude sve \u0161to biste \u017eeljeli, a da ne morate platiti ni\u0161ta dodatno. Evo sedam na\u0161ih omiljenih. Pregled upoznavanja odraslih Ove &hellip; <\/p>\n<p class=\"link-more\"><a href=\"https:\/\/deaflgbtiqa.org.uk\/hr\/\" class=\"more-link\">Read more &rarr;<span class=\"screen-reader-text\">&#8220;Upoznajte i spojite se: Najbolje recenzije za upoznavanje&#8221;<\/span><\/a><\/p>\n","protected":false},"author":1,"featured_media":63,"parent":0,"menu_order":0,"comment_status":"closed","ping_status":"closed","template":"","meta":[],"yoast_head":"<!-- This site is optimized with the Yoast SEO plugin v17.7.1 - https:\/\/yoast.com\/wordpress\/plugins\/seo\/ -->\n<title>Upoznajte i spojite se: Najbolje recenzije za upoznavanje - LGBT Dating<\/title>\n<meta name=\"robots\" content=\"index, follow, max-snippet:-1, max-image-preview:large, max-video-preview:-1\" \/>\n<link rel=\"canonical\" href=\"https:\/\/deaflgbtiqa.org.uk\/hr\/\" \/>\n<meta property=\"og:locale\" content=\"hr_HR\" \/>\n<meta property=\"og:type\" content=\"article\" \/>\n<meta property=\"og:title\" content=\"Upoznajte i spojite se: Najbolje recenzije za upoznavanje - LGBT Dating\" \/>\n<meta property=\"og:description\" content=\"Besplatne web stranice i aplikacije za upoznavanje nisu samo za one koji tra\u017ee ljubav &#8211; oni su sjajan na\u010din za pronala\u017eenje novih prijatelja i uspostavljanje veza. I dok postoji mnogo pla\u0107enih opcija, neke od najboljih nude sve \u0161to biste \u017eeljeli, a da ne morate platiti ni\u0161ta dodatno. Evo sedam na\u0161ih omiljenih. Pregled upoznavanja odraslih Ove &hellip; Read more &rarr;&quot;Upoznajte i spojite se: Najbolje recenzije za upoznavanje&quot;\" \/>\n<meta property=\"og:url\" content=\"https:\/\/deaflgbtiqa.org.uk\/hr\/\" \/>\n<meta property=\"og:site_name\" content=\"LGBT Dating\" \/>\n<meta property=\"og:image\" content=\"https:\/\/deaflgbtiqa.org.uk\/wp-content\/uploads\/2022\/09\/casual-meet-for-sex.jpeg\" \/>\n\t<meta property=\"og:image:width\" content=\"1125\" \/>\n\t<meta property=\"og:image:height\" content=\"750\" \/>\n<meta name=\"twitter:card\" content=\"summary_large_image\" \/>\n<meta name=\"twitter:label1\" content=\"Procijenjeno vrijeme \u010ditanja\" \/>\n\t<meta name=\"twitter:data1\" content=\"6 minuta\" \/>\n<script type=\"application\/ld+json\" class=\"yoast-schema-graph\">{\"@context\":\"https:\/\/schema.org\",\"@graph\":[{\"@type\":\"WebSite\",\"@id\":\"https:\/\/deaflgbtiqa.org.uk\/#website\",\"url\":\"https:\/\/deaflgbtiqa.org.uk\/\",\"name\":\"LGBT Dating\",\"description\":\"Queer & Bi Advice\",\"potentialAction\":[{\"@type\":\"SearchAction\",\"target\":{\"@type\":\"EntryPoint\",\"urlTemplate\":\"https:\/\/deaflgbtiqa.org.uk\/?s={search_term_string}\"},\"query-input\":\"required name=search_term_string\"}],\"inLanguage\":\"hr\"},{\"@type\":\"ImageObject\",\"@id\":\"https:\/\/deaflgbtiqa.org.uk\/hr\/#primaryimage\",\"inLanguage\":\"hr\",\"url\":\"https:\/\/deaflgbtiqa.org.uk\/wp-content\/uploads\/2022\/09\/casual-meet-for-sex.jpeg\",\"contentUrl\":\"https:\/\/deaflgbtiqa.org.uk\/wp-content\/uploads\/2022\/09\/casual-meet-for-sex.jpeg\",\"width\":1125,\"height\":750},{\"@type\":\"WebPage\",\"@id\":\"https:\/\/deaflgbtiqa.org.uk\/hr\/#webpage\",\"url\":\"https:\/\/deaflgbtiqa.org.uk\/hr\/\",\"name\":\"Upoznajte i spojite se: Najbolje recenzije za upoznavanje - LGBT Dating\",\"isPartOf\":{\"@id\":\"https:\/\/deaflgbtiqa.org.uk\/#website\"},\"primaryImageOfPage\":{\"@id\":\"https:\/\/deaflgbtiqa.org.uk\/hr\/#primaryimage\"},\"datePublished\":\"2022-09-05T14:44:26+00:00\",\"dateModified\":\"2022-09-05T14:44:26+00:00\",\"breadcrumb\":{\"@id\":\"https:\/\/deaflgbtiqa.org.uk\/hr\/#breadcrumb\"},\"inLanguage\":\"hr\",\"potentialAction\":[{\"@type\":\"ReadAction\",\"target\":[\"https:\/\/deaflgbtiqa.org.uk\/hr\/\"]}]},{\"@type\":\"BreadcrumbList\",\"@id\":\"https:\/\/deaflgbtiqa.org.uk\/hr\/#breadcrumb\",\"itemListElement\":[{\"@type\":\"ListItem\",\"position\":1,\"name\":\"Home\",\"item\":\"https:\/\/deaflgbtiqa.org.uk\/hr\/\"},{\"@type\":\"ListItem\",\"position\":2,\"name\":\"Upoznajte i spojite se: Najbolje recenzije za upoznavanje\"}]}]}<\/script>\n<!-- \/ Yoast SEO plugin. -->","yoast_head_json":{"title":"Upoznajte i spojite se: Najbolje recenzije za upoznavanje - LGBT Dating","robots":{"index":"index","follow":"follow","max-snippet":"max-snippet:-1","max-image-preview":"max-image-preview:large","max-video-preview":"max-video-preview:-1"},"canonical":"https:\/\/deaflgbtiqa.org.uk\/hr\/","og_locale":"hr_HR","og_type":"article","og_title":"Upoznajte i spojite se: Najbolje recenzije za upoznavanje - LGBT Dating","og_description":"Besplatne web stranice i aplikacije za upoznavanje nisu samo za one koji tra\u017ee ljubav &#8211; oni su sjajan na\u010din za pronala\u017eenje novih prijatelja i uspostavljanje veza. I dok postoji mnogo pla\u0107enih opcija, neke od najboljih nude sve \u0161to biste \u017eeljeli, a da ne morate platiti ni\u0161ta dodatno. Evo sedam na\u0161ih omiljenih. Pregled upoznavanja odraslih Ove &hellip; Read more &rarr;\"Upoznajte i spojite se: Najbolje recenzije za upoznavanje\"","og_url":"https:\/\/deaflgbtiqa.org.uk\/hr\/","og_site_name":"LGBT Dating","og_image":[{"width":1125,"height":750,"url":"https:\/\/deaflgbtiqa.org.uk\/wp-content\/uploads\/2022\/09\/casual-meet-for-sex.jpeg","type":"image\/jpeg"}],"twitter_card":"summary_large_image","twitter_misc":{"Procijenjeno vrijeme \u010ditanja":"6 minuta"},"schema":{"@context":"https:\/\/schema.org","@graph":[{"@type":"WebSite","@id":"https:\/\/deaflgbtiqa.org.uk\/#website","url":"https:\/\/deaflgbtiqa.org.uk\/","name":"LGBT Dating","description":"Queer & Bi Advice","potentialAction":[{"@type":"SearchAction","target":{"@type":"EntryPoint","urlTemplate":"https:\/\/deaflgbtiqa.org.uk\/?s={search_term_string}"},"query-input":"required name=search_term_string"}],"inLanguage":"hr"},{"@type":"ImageObject","@id":"https:\/\/deaflgbtiqa.org.uk\/hr\/#primaryimage","inLanguage":"hr","url":"https:\/\/deaflgbtiqa.org.uk\/wp-content\/uploads\/2022\/09\/casual-meet-for-sex.jpeg","contentUrl":"https:\/\/deaflgbtiqa.org.uk\/wp-content\/uploads\/2022\/09\/casual-meet-for-sex.jpeg","width":1125,"height":750},{"@type":"WebPage","@id":"https:\/\/deaflgbtiqa.org.uk\/hr\/#webpage","url":"https:\/\/deaflgbtiqa.org.uk\/hr\/","name":"Upoznajte i spojite se: Najbolje recenzije za upoznavanje - LGBT Dating","isPartOf":{"@id":"https:\/\/deaflgbtiqa.org.uk\/#website"},"primaryImageOfPage":{"@id":"https:\/\/deaflgbtiqa.org.uk\/hr\/#primaryimage"},"datePublished":"2022-09-05T14:44:26+00:00","dateModified":"2022-09-05T14:44:26+00:00","breadcrumb":{"@id":"https:\/\/deaflgbtiqa.org.uk\/hr\/#breadcrumb"},"inLanguage":"hr","potentialAction":[{"@type":"ReadAction","target":["https:\/\/deaflgbtiqa.org.uk\/hr\/"]}]},{"@type":"BreadcrumbList","@id":"https:\/\/deaflgbtiqa.org.uk\/hr\/#breadcrumb","itemListElement":[{"@type":"ListItem","position":1,"name":"Home","item":"https:\/\/deaflgbtiqa.org.uk\/hr\/"},{"@type":"ListItem","position":2,"name":"Upoznajte i spojite se: Najbolje recenzije za upoznavanje"}]}]}},"_links":{"self":[{"href":"https:\/\/deaflgbtiqa.org.uk\/hr\/wp-json\/wp\/v2\/pages\/160"}],"collection":[{"href":"https:\/\/deaflgbtiqa.org.uk\/hr\/wp-json\/wp\/v2\/pages"}],"about":[{"href":"https:\/\/deaflgbtiqa.org.uk\/hr\/wp-json\/wp\/v2\/types\/page"}],"author":[{"embeddable":true,"href":"https:\/\/deaflgbtiqa.org.uk\/hr\/wp-json\/wp\/v2\/users\/1"}],"replies":[{"embeddable":true,"href":"https:\/\/deaflgbtiqa.org.uk\/hr\/wp-json\/wp\/v2\/comments?post=160"}],"version-history":[{"count":0,"href":"https:\/\/deaflgbtiqa.org.uk\/hr\/wp-json\/wp\/v2\/pages\/160\/revisions"}],"wp:featuredmedia":[{"embeddable":true,"href":"https:\/\/deaflgbtiqa.org.uk\/hr\/wp-json\/wp\/v2\/media\/63"}],"wp:attachment":[{"href":"https:\/\/deaflgbtiqa.org.uk\/hr\/wp-json\/wp\/v2\/media?parent=160"}],"curies":[{"name":"wp","href":"https:\/\/api.w.org\/{rel}","templated":true}]}}