{"id":243,"date":"2022-09-05T15:44:26","date_gmt":"2022-09-05T14:44:26","guid":{"rendered":"http:\/\/deaflgbtiqa.org.uk\/rencontre-et-connexion-meilleures-critiques-de-rencontres\/"},"modified":"2022-09-05T15:44:26","modified_gmt":"2022-09-05T14:44:26","slug":"rencontre-et-connexion-meilleures-critiques-de-rencontres","status":"publish","type":"page","link":"https:\/\/deaflgbtiqa.org.uk\/fr\/","title":{"rendered":"Rencontre et connexion: Meilleures critiques de rencontres"},"content":{"rendered":"<p>Les sites et applications de rencontres gratuits ne sont pas seulement pour ceux qui recherchent l\u2019amour, ils sont un excellent moyen de trouver de nouveaux amis et d\u2019\u00e9tablir des liens. Et bien qu\u2019il existe de nombreuses options payantes, certaines des meilleures offrent tout ce que vous voulez sans avoir \u00e0 payer quoi que ce soit de plus. Voici sept de nos favoris.<\/p>\n<h2>Examen des rencontres pour adultes<\/h2>\n<p>Ces sites offrent une vari\u00e9t\u00e9 de fonctionnalit\u00e9s pour faciliter la recherche de partenaires potentiels. Les utilisateurs peuvent parcourir les membres en fonction de l\u2019emplacement, de la tranche d\u2019\u00e2ge, du statut de la relation, de l\u2019orientation sexuelle, de l\u2019origine ethnique, de la religion, du niveau d\u2019\u00e9ducation, de la profession, du revenu, du type de corps, de la taille, du poids, des pr\u00e9f\u00e9rences tabagiques et m\u00eame des opinions politiques. Il existe des milliers de cat\u00e9gories diff\u00e9rentes parmi lesquelles choisir. Les utilisateurs peuvent utiliser des mots-cl\u00e9s pour affiner les recherches et peuvent \u00e9galement filtrer les membres en fonction du score de compatibilit\u00e9, du nombre d\u2019amis communs et du fait qu\u2019ils soient d\u00e9j\u00e0 mari\u00e9s ou fianc\u00e9s.<\/p>\n<h3>Allumette<\/h3>\n<p>Match est l\u2019un des plus anciens services de rencontres, des applications mobiles longtemps ant\u00e9rieures, et il recueille beaucoup d\u2019informations sur vos pr\u00e9f\u00e9rences pour cr\u00e9er des profils que vous pouvez ensuite utiliser pour trouver une bonne correspondance.<\/p>\n<p>Comme beaucoup de sites de rencontres, Match vous permet de vous d\u00e9marquer avec des boosts (comme obtenir votre profil en haut) et des super likes (attirer l\u2019attention de quelqu\u2019un que vous voulez r\u00e9ellement).<\/p>\n<p>Mais les aspects gratuits de Match ne sont pas tr\u00e8s convaincants. Vous ne pouvez qu\u2019aimer ou ne pas aimer les correspondances potentielles et envoyer quelques messages. Pour vraiment communiquer avec n\u2019importe qui, vous devez payer pour augmenter la note de Match Premium, qui co\u00fbte entre 35 $ et 120 $ par mois en fonction du temps que vous passez sur le site.<\/p>\n<p>Vous pouvez prolonger votre abonnement de trois mois suppl\u00e9mentaires, mais m\u00eame dans ce cas, vous continuerez \u00e0 payer.<\/p>\n<h3>OkCupid<\/h3>\n<p>OkCupid est l\u2019une des plus anciennes plateformes de rencontres, et pour une bonne raison. Son interface est facile \u00e0 naviguer et son algorithme de correspondance vous permet de ne pas vous retrouver avec quelqu\u2019un qui ne correspond pas \u00e0 votre type de personnalit\u00e9. Vous pouvez naviguer en fonction de l\u2019emplacement, de l\u2019\u00e2ge, du statut relationnel, du sexe, de l\u2019origine ethnique, de la religion, du niveau d\u2019\u00e9ducation, de la taille, du poids, du type de corps, des int\u00e9r\u00eats, de la profession, des opinions politiques, de l\u2019orientation sexuelle et m\u00eame des animaux domestiques.<\/p>\n<p>Vous pouvez \u00e9galement d\u00e9finir vos pr\u00e9f\u00e9rences pour ne vous montrer que les profils qui vous int\u00e9ressent. Par exemple, vous pouvez s\u00e9lectionner des personnes qui ont partag\u00e9 des photos d\u2019elles-m\u00eames portant certaines tenues ou qui ont indiqu\u00e9 qu\u2019elles aiment le sport.<\/p>\n<p>Si vous voulez vous assurer que vous voyez chaque membre sur votre flux, vous pouvez activer les notifications. De cette fa\u00e7on, vous ne manquerez pas quelqu\u2019un qui vous ajoute \u00e0 son groupe d\u2019amis ou vous suit.<\/p>\n<h3>Amadou<\/h3>\n<p>Tinder est sans doute l\u2019application de rencontres la plus populaire aujourd\u2019hui. Si vous avez d\u00e9j\u00e0 \u00e9t\u00e9 \u00e0 un rendez-vous o\u00f9 vous vous \u00eates retrouv\u00e9 \u00e0 glisser \u00e0 gauche sur chaque personne, il y a de fortes chances que vous sachiez ce qu\u2019est Tinder. Les utilisateurs peuvent glisser vers la droite sur n\u2019importe qui \u00e0 proximit\u00e9, et si les deux parties s\u2019aiment suffisamment, elles commenceront \u00e0 discuter. Cela vous permet de voir qui d\u2019autre vous aime aussi.<\/p>\n<p>Tinder conna\u00eet un \u00e9norme succ\u00e8s. Avec plus de 50 millions d\u2019utilisateurs actifs par mois, c\u2019est la plus grande application de rencontres au monde. Mais la fa\u00e7on dont cela fonctionne pourrait vous donner envie d\u2019arr\u00eater de l\u2019utiliser. L\u2019application utilise un syst\u00e8me simple pour jumeler des correspondances potentielles. Lorsque vous ouvrez l\u2019application, elle affiche une carte montrant o\u00f9 les hommes et les femmes \u00e0 proximit\u00e9 recherchent des dates. Si vous voyez quelqu\u2019un que vous aimez, il vous suffit d\u2019appuyer sur l\u2019\u00e9cran et de lui envoyer un clin d\u2019\u0153il. Ils font de m\u00eame. Et s\u2019ils choisissent tous les deux d\u2019aller de l\u2019avant et de discuter, vous finirez par vous rencontrer. Mais il y a un probl\u00e8me. Parce que le tout est bas\u00e9 sur le balayage vers la droite ou la gauche, cela encourage les gens \u00e0 utiliser l\u2019application avec d\u00e9sinvolture. Et le sexe occasionnel n\u2019est pas toujours une bonne id\u00e9e.<\/p>\n<h3>Bumble<\/h3>\n<p>Si vous pr\u00e9f\u00e9rez les femmes aux hommes, Bumble pourrait \u00eatre pour vous. Sur Bumble, les femmes entament des conversations avec d\u2019autres membres, et si elle veut continuer \u00e0 parler, elle doit envoyer une \u00ab&nbsp;bosse&nbsp;\u00bb. Une bosse permet \u00e0 son homologue masculin de savoir qu\u2019on parle de lui, et il doit r\u00e9pondre dans les 24 heures. S\u2019il le fait, la conversation continue. S\u2019il ne le fait pas, la femme a le dernier mot.<\/p>\n<h2>Applications de rencontres gratuites<\/h2>\n<p>Vous ne voulez pas payer? Jetez un coup d\u2019\u0153il \u00e0 ces applications gratuites que nous vous recommandons d\u2019essayer avant de vous lancer dans un service plus premium!<\/p>\n<h3>AdultFriendFinder<\/h3>\n<p>Adult Friend Finder, ou AFF, existe depuis 1995 et il est toujours aussi fort aujourd\u2019hui. \u00c0 l\u2019origine, le site a \u00e9t\u00e9 con\u00e7u pour aider les hommes \u00e0 la recherche de femmes, mais au fil des ans, il a \u00e9volu\u00e9 pour devenir un endroit o\u00f9 les gar\u00e7ons et les filles peuvent aller pour trouver quelqu\u2019un de sp\u00e9cial \u00e0 ce jour. Si vous souhaitez utiliser AFF pour le sexe occasionnel, il existe de nombreuses options. Vous pouvez soit envoyer des messages directement aux c\u00e9libataires, soit rejoindre l\u2019un des nombreux groupes qui se concentrent sur des sujets sp\u00e9cifiques comme le BDSM, le f\u00e9tichisme et m\u00eame les \u00e9changistes.<\/p>\n<p>Pour ceux qui souhaitent trouver l\u2019amour, AFF offre de nombreuses fonctionnalit\u00e9s diff\u00e9rentes. Vous pouvez parcourir les profils et les photos de c\u00e9libataires, discuter avec eux et m\u00eame \u00e9changer des num\u00e9ros de t\u00e9l\u00e9phone. Et si vous voulez faire les choses un peu diff\u00e9remment, vous pouvez utiliser la fonction de sms gratuit pour flirter avec d\u2019autres membres.<\/p>\n<h3>  Seeking.com<\/h3>\n<p>Seeking est une application de rencontres en ligne gratuite qui s\u2019adresse au cr\u00e9neau sugar daddy \/ baby. Ce type de relation est tr\u00e8s populaire de nos jours car il donne aux deux parties quelque chose \u00e0 attendre avec impatience chaque mois. Les sugar daddies sont en mesure de payer les jeunes femmes pour la compagnie tandis que les jeunes femmes re\u00e7oivent de l\u2019argent pour \u00eatre assez attrayantes pour attirer les hommes.<\/p>\n<p>L\u2019application fonctionne de la m\u00eame mani\u00e8re que Tinder o\u00f9 les gens glissent vers la gauche ou la droite selon qu\u2019ils veulent parler \u00e0 quelqu\u2019un ou non. Il n\u2019y a pas d\u2019interaction physique impliqu\u00e9e dans la recherche; Cependant, il y a beaucoup de photos et de vid\u00e9os sexy \u00e0 appr\u00e9cier.<\/p>\n<h3>Ashley Madison<\/h3>\n<p>Si vous avez pens\u00e9 \u00e0 tromper votre partenaire, ou si vous \u00eates simplement curieux de savoir ce que ce serait de sortir avec quelqu\u2019un qui est d\u00e9j\u00e0 mari\u00e9, Ashley Madison pourrait valoir la peine d\u2019\u00eatre v\u00e9rifi\u00e9e. Une application de rencontres pour les tricheurs, le site offre un certain nombre de fa\u00e7ons diff\u00e9rentes de rencontrer des partenaires potentiels. Que vous recherchiez du sexe occasionnel, des trios chauds ou m\u00eame une liaison discr\u00e8te, il existe de nombreuses options ici.<\/p>\n<ul>\n<li>L\u2019adh\u00e9sion gratuite vous donne acc\u00e8s \u00e0 la plupart des fonctionnalit\u00e9s.<\/li>\n<li>Si vous recherchez quelque chose de s\u00e9rieux, vous pouvez passer \u00e0 un compte premium pour 19,95 $ par mois.<\/li>\n<li>Il n\u2019y a pas de frais de carte de cr\u00e9dit impliqu\u00e9s.<\/li>\n<li>Vous pouvez parcourir les profils de mani\u00e8re anonyme, ce qui signifie que vous n\u2019avez pas \u00e0 vous soucier d\u2019\u00eatre expos\u00e9 si vous \u00eates attir\u00e9 par quelqu\u2019un qui est mari\u00e9.<\/li>\n<li>  Vous pouvez vous inscrire sans avoir \u00e0 r\u00e9v\u00e9ler d\u2019informations personnelles telles que votre nom, votre num\u00e9ro de t\u00e9l\u00e9phone, votre adresse e-mail, etc.<\/li>\n<\/ul>\n<h2>Pourquoi les rencontres en ligne sont bonnes pour les c\u00e9libataires<\/h2>\n<p>Alors, comment surmonter cet obstacle? Tout d\u2019abord, prenez du recul et demandez-vous si vous voulez vraiment aller \u00e0 un rendez-vous avec cette personne. Si vous cherchez quelque chose de d\u00e9contract\u00e9, alors peut-\u00eatre que vous ne devriez pas perdre trop de temps \u00e0 essayer de les impressionner. D\u2019un autre c\u00f4t\u00e9, si vous cherchez quelque chose de plus s\u00e9rieux, alors vous voudrez vous assurer que vous faites l\u2019effort n\u00e9cessaire pour gagner leur c\u0153ur. Apr\u00e8s tout, vous ne laisseriez pas un partenaire potentiel s\u2019en aller sans tout donner, n\u2019est-ce pas?<\/p>\n","protected":false},"excerpt":{"rendered":"<p>Les sites et applications de rencontres gratuits ne sont pas seulement pour ceux qui recherchent l\u2019amour, ils sont un excellent moyen de trouver de nouveaux amis et d\u2019\u00e9tablir des liens. Et bien qu\u2019il existe de nombreuses options payantes, certaines des meilleures offrent tout ce que vous voulez sans avoir \u00e0 payer quoi que ce soit &hellip; <\/p>\n<p class=\"link-more\"><a href=\"https:\/\/deaflgbtiqa.org.uk\/fr\/\" class=\"more-link\">Read more &rarr;<span class=\"screen-reader-text\">\u00ab\u00a0Rencontre et connexion: Meilleures critiques de rencontres\u00a0\u00bb<\/span><\/a><\/p>\n","protected":false},"author":1,"featured_media":67,"parent":0,"menu_order":0,"comment_status":"closed","ping_status":"closed","template":"","meta":[],"yoast_head":"<!-- This site is optimized with the Yoast SEO plugin v17.7.1 - https:\/\/yoast.com\/wordpress\/plugins\/seo\/ -->\n<title>Rencontre et connexion: Meilleures critiques de rencontres - LGBT Dating<\/title>\n<meta name=\"robots\" content=\"index, follow, max-snippet:-1, max-image-preview:large, max-video-preview:-1\" \/>\n<link rel=\"canonical\" href=\"https:\/\/deaflgbtiqa.org.uk\/fr\/\" \/>\n<meta property=\"og:locale\" content=\"fr_FR\" \/>\n<meta property=\"og:type\" content=\"article\" \/>\n<meta property=\"og:title\" content=\"Rencontre et connexion: Meilleures critiques de rencontres - LGBT Dating\" \/>\n<meta property=\"og:description\" content=\"Les sites et applications de rencontres gratuits ne sont pas seulement pour ceux qui recherchent l\u2019amour, ils sont un excellent moyen de trouver de nouveaux amis et d\u2019\u00e9tablir des liens. Et bien qu\u2019il existe de nombreuses options payantes, certaines des meilleures offrent tout ce que vous voulez sans avoir \u00e0 payer quoi que ce soit &hellip; Read more &rarr;&quot;Rencontre et connexion: Meilleures critiques de rencontres&quot;\" \/>\n<meta property=\"og:url\" content=\"https:\/\/deaflgbtiqa.org.uk\/fr\/\" \/>\n<meta property=\"og:site_name\" content=\"LGBT Dating\" \/>\n<meta property=\"og:image\" content=\"https:\/\/deaflgbtiqa.org.uk\/wp-content\/uploads\/2022\/09\/casual-meet-for-sex.jpeg\" \/>\n\t<meta property=\"og:image:width\" content=\"1125\" \/>\n\t<meta property=\"og:image:height\" content=\"750\" \/>\n<meta name=\"twitter:card\" content=\"summary_large_image\" \/>\n<meta name=\"twitter:label1\" content=\"Dur\u00e9e de lecture estim\u00e9e\" \/>\n\t<meta name=\"twitter:data1\" content=\"8 minutes\" \/>\n<script type=\"application\/ld+json\" class=\"yoast-schema-graph\">{\"@context\":\"https:\/\/schema.org\",\"@graph\":[{\"@type\":\"WebSite\",\"@id\":\"https:\/\/deaflgbtiqa.org.uk\/#website\",\"url\":\"https:\/\/deaflgbtiqa.org.uk\/\",\"name\":\"LGBT Dating\",\"description\":\"Queer & Bi Advice\",\"potentialAction\":[{\"@type\":\"SearchAction\",\"target\":{\"@type\":\"EntryPoint\",\"urlTemplate\":\"https:\/\/deaflgbtiqa.org.uk\/?s={search_term_string}\"},\"query-input\":\"required name=search_term_string\"}],\"inLanguage\":\"fr-FR\"},{\"@type\":\"ImageObject\",\"@id\":\"https:\/\/deaflgbtiqa.org.uk\/fr\/#primaryimage\",\"inLanguage\":\"fr-FR\",\"url\":\"https:\/\/deaflgbtiqa.org.uk\/wp-content\/uploads\/2022\/09\/casual-meet-for-sex.jpeg\",\"contentUrl\":\"https:\/\/deaflgbtiqa.org.uk\/wp-content\/uploads\/2022\/09\/casual-meet-for-sex.jpeg\",\"width\":1125,\"height\":750},{\"@type\":\"WebPage\",\"@id\":\"https:\/\/deaflgbtiqa.org.uk\/fr\/#webpage\",\"url\":\"https:\/\/deaflgbtiqa.org.uk\/fr\/\",\"name\":\"Rencontre et connexion: Meilleures critiques de rencontres - LGBT Dating\",\"isPartOf\":{\"@id\":\"https:\/\/deaflgbtiqa.org.uk\/#website\"},\"primaryImageOfPage\":{\"@id\":\"https:\/\/deaflgbtiqa.org.uk\/fr\/#primaryimage\"},\"datePublished\":\"2022-09-05T14:44:26+00:00\",\"dateModified\":\"2022-09-05T14:44:26+00:00\",\"breadcrumb\":{\"@id\":\"https:\/\/deaflgbtiqa.org.uk\/fr\/#breadcrumb\"},\"inLanguage\":\"fr-FR\",\"potentialAction\":[{\"@type\":\"ReadAction\",\"target\":[\"https:\/\/deaflgbtiqa.org.uk\/fr\/\"]}]},{\"@type\":\"BreadcrumbList\",\"@id\":\"https:\/\/deaflgbtiqa.org.uk\/fr\/#breadcrumb\",\"itemListElement\":[{\"@type\":\"ListItem\",\"position\":1,\"name\":\"Home\",\"item\":\"https:\/\/deaflgbtiqa.org.uk\/fr\/\"},{\"@type\":\"ListItem\",\"position\":2,\"name\":\"Rencontre et connexion: Meilleures critiques de rencontres\"}]}]}<\/script>\n<!-- \/ Yoast SEO plugin. -->","yoast_head_json":{"title":"Rencontre et connexion: Meilleures critiques de rencontres - LGBT Dating","robots":{"index":"index","follow":"follow","max-snippet":"max-snippet:-1","max-image-preview":"max-image-preview:large","max-video-preview":"max-video-preview:-1"},"canonical":"https:\/\/deaflgbtiqa.org.uk\/fr\/","og_locale":"fr_FR","og_type":"article","og_title":"Rencontre et connexion: Meilleures critiques de rencontres - LGBT Dating","og_description":"Les sites et applications de rencontres gratuits ne sont pas seulement pour ceux qui recherchent l\u2019amour, ils sont un excellent moyen de trouver de nouveaux amis et d\u2019\u00e9tablir des liens. Et bien qu\u2019il existe de nombreuses options payantes, certaines des meilleures offrent tout ce que vous voulez sans avoir \u00e0 payer quoi que ce soit &hellip; Read more &rarr;\"Rencontre et connexion: Meilleures critiques de rencontres\"","og_url":"https:\/\/deaflgbtiqa.org.uk\/fr\/","og_site_name":"LGBT Dating","og_image":[{"width":1125,"height":750,"url":"https:\/\/deaflgbtiqa.org.uk\/wp-content\/uploads\/2022\/09\/casual-meet-for-sex.jpeg","type":"image\/jpeg"}],"twitter_card":"summary_large_image","twitter_misc":{"Dur\u00e9e de lecture estim\u00e9e":"8 minutes"},"schema":{"@context":"https:\/\/schema.org","@graph":[{"@type":"WebSite","@id":"https:\/\/deaflgbtiqa.org.uk\/#website","url":"https:\/\/deaflgbtiqa.org.uk\/","name":"LGBT Dating","description":"Queer & Bi Advice","potentialAction":[{"@type":"SearchAction","target":{"@type":"EntryPoint","urlTemplate":"https:\/\/deaflgbtiqa.org.uk\/?s={search_term_string}"},"query-input":"required name=search_term_string"}],"inLanguage":"fr-FR"},{"@type":"ImageObject","@id":"https:\/\/deaflgbtiqa.org.uk\/fr\/#primaryimage","inLanguage":"fr-FR","url":"https:\/\/deaflgbtiqa.org.uk\/wp-content\/uploads\/2022\/09\/casual-meet-for-sex.jpeg","contentUrl":"https:\/\/deaflgbtiqa.org.uk\/wp-content\/uploads\/2022\/09\/casual-meet-for-sex.jpeg","width":1125,"height":750},{"@type":"WebPage","@id":"https:\/\/deaflgbtiqa.org.uk\/fr\/#webpage","url":"https:\/\/deaflgbtiqa.org.uk\/fr\/","name":"Rencontre et connexion: Meilleures critiques de rencontres - LGBT Dating","isPartOf":{"@id":"https:\/\/deaflgbtiqa.org.uk\/#website"},"primaryImageOfPage":{"@id":"https:\/\/deaflgbtiqa.org.uk\/fr\/#primaryimage"},"datePublished":"2022-09-05T14:44:26+00:00","dateModified":"2022-09-05T14:44:26+00:00","breadcrumb":{"@id":"https:\/\/deaflgbtiqa.org.uk\/fr\/#breadcrumb"},"inLanguage":"fr-FR","potentialAction":[{"@type":"ReadAction","target":["https:\/\/deaflgbtiqa.org.uk\/fr\/"]}]},{"@type":"BreadcrumbList","@id":"https:\/\/deaflgbtiqa.org.uk\/fr\/#breadcrumb","itemListElement":[{"@type":"ListItem","position":1,"name":"Home","item":"https:\/\/deaflgbtiqa.org.uk\/fr\/"},{"@type":"ListItem","position":2,"name":"Rencontre et connexion: Meilleures critiques de rencontres"}]}]}},"_links":{"self":[{"href":"https:\/\/deaflgbtiqa.org.uk\/fr\/wp-json\/wp\/v2\/pages\/243"}],"collection":[{"href":"https:\/\/deaflgbtiqa.org.uk\/fr\/wp-json\/wp\/v2\/pages"}],"about":[{"href":"https:\/\/deaflgbtiqa.org.uk\/fr\/wp-json\/wp\/v2\/types\/page"}],"author":[{"embeddable":true,"href":"https:\/\/deaflgbtiqa.org.uk\/fr\/wp-json\/wp\/v2\/users\/1"}],"replies":[{"embeddable":true,"href":"https:\/\/deaflgbtiqa.org.uk\/fr\/wp-json\/wp\/v2\/comments?post=243"}],"version-history":[{"count":0,"href":"https:\/\/deaflgbtiqa.org.uk\/fr\/wp-json\/wp\/v2\/pages\/243\/revisions"}],"wp:featuredmedia":[{"embeddable":true,"href":"https:\/\/deaflgbtiqa.org.uk\/fr\/wp-json\/wp\/v2\/media\/67"}],"wp:attachment":[{"href":"https:\/\/deaflgbtiqa.org.uk\/fr\/wp-json\/wp\/v2\/media?parent=243"}],"curies":[{"name":"wp","href":"https:\/\/api.w.org\/{rel}","templated":true}]}}