{"id":237,"date":"2022-09-05T15:44:26","date_gmt":"2022-09-05T14:44:26","guid":{"rendered":"http:\/\/deaflgbtiqa.org.uk\/meet-and-connectup-las-mejores-resenas-de-citas\/"},"modified":"2022-09-05T15:44:26","modified_gmt":"2022-09-05T14:44:26","slug":"meet-and-connectup-las-mejores-resenas-de-citas","status":"publish","type":"page","link":"https:\/\/deaflgbtiqa.org.uk\/es\/","title":{"rendered":"Meet And Connectup: las mejores rese\u00f1as de citas"},"content":{"rendered":"<p>Los sitios y aplicaciones de citas gratuitos no son solo para aquellos que buscan amor, son una excelente manera de encontrar nuevos amigos y hacer conexiones. Y aunque hay muchas opciones de pago, algunas de las mejores ofrecen todo lo que desea sin tener que pagar nada extra. Aqu\u00ed hay siete de nuestros favoritos.<\/p>\n<h2>Revisi\u00f3n de citas para adultos<\/h2>\n<p>Estos sitios ofrecen una variedad de caracter\u00edsticas para facilitar la b\u00fasqueda de socios potenciales. Los usuarios pueden navegar por los miembros seg\u00fan la ubicaci\u00f3n, el rango de edad, el estado de relaci\u00f3n, la orientaci\u00f3n sexual, el origen \u00e9tnico, la religi\u00f3n, el nivel de educaci\u00f3n, la ocupaci\u00f3n, los ingresos, el tipo de cuerpo, la altura, el peso, las preferencias de fumar e incluso las opiniones pol\u00edticas. Hay miles de categor\u00edas diferentes para elegir. Los usuarios pueden usar palabras clave para reducir las b\u00fasquedas, y tambi\u00e9n pueden filtrar a los miembros por puntuaci\u00f3n de compatibilidad, n\u00famero de amigos en com\u00fan y si ya est\u00e1n casados o comprometidos.<\/p>\n<h3>Cerilla<\/h3>\n<p>Match es uno de los servicios de citas m\u00e1s antiguos, aplicaciones m\u00f3viles anteriores a hace mucho tiempo, y recopila mucha informaci\u00f3n sobre sus preferencias para crear perfiles que luego puede usar para encontrar una buena pareja.<\/p>\n<p>Al igual que muchos sitios de citas, Match le permite destacarse con aumentos (como obtener su perfil en la parte superior) y s\u00faper me gusta (llamar la atenci\u00f3n de alguien que realmente desea).<\/p>\n<p>Pero los aspectos gratuitos de Match no son muy convincentes. Solo puede gustarle o no le gustan las posibles coincidencias y enviar algunos mensajes. Para comunicarse realmente con cualquier persona, debe pagar hasta el grado superior a Match Premium, que cuesta entre $ 35 y $ 120 por mes, dependiendo de cu\u00e1nto tiempo pase en el sitio.<\/p>\n<p>Puede extender su suscripci\u00f3n por otros tres meses, pero incluso entonces, seguir\u00e1 pagando.<\/p>\n<h3>OkCupid<\/h3>\n<p>OkCupid es una de las plataformas de citas m\u00e1s antiguas que existen, y por una buena raz\u00f3n. Su interfaz es f\u00e1cil de navegar, y su algoritmo de coincidencia se asegura de que no termine con alguien que no se ajuste a su tipo de personalidad. Puede navegar en funci\u00f3n de la ubicaci\u00f3n, la edad, el estado de la relaci\u00f3n, el g\u00e9nero, la etnia, la religi\u00f3n, el nivel de educaci\u00f3n, la altura, el peso, el tipo de cuerpo, los intereses, la ocupaci\u00f3n, las opiniones pol\u00edticas, la orientaci\u00f3n sexual e incluso las mascotas.<\/p>\n<p>Tambi\u00e9n puede configurar sus preferencias para mostrarle solo aquellos perfiles que le interesen. Por ejemplo, puede seleccionar personas que hayan compartido fotos de s\u00ed mismas con ciertos atuendos o que hayan indicado que les gustan los deportes.<\/p>\n<p>Si quieres asegurarte de ver a todos los miembros en tu feed, puedes habilitar las notificaciones. De esta manera, no te perder\u00e1s a nadie que te agregue a su grupo de amigos o te siga.<\/p>\n<h3>Yesca<\/h3>\n<p>Tinder es posiblemente la aplicaci\u00f3n de citas m\u00e1s popular en la actualidad. Si alguna vez has estado en una cita en la que te encontraste deslizando el dedo hacia la izquierda en cada persona, es probable que sepas lo que es Tinder. Los usuarios pueden deslizar el dedo hacia la derecha sobre cualquier persona cercana, y si ambas partes se gustan lo suficiente, comenzar\u00e1n a chatear. Esto tambi\u00e9n te permite ver a qui\u00e9n m\u00e1s le gustas.<\/p>\n<p>Tinder tiene un gran \u00e9xito. Con m\u00e1s de 50 millones de usuarios activos mensuales, es la aplicaci\u00f3n de citas m\u00e1s grande del mundo. Pero la forma en que funciona puede hacer que desee dejar de usarlo. La aplicaci\u00f3n utiliza un sistema simple para emparejar posibles coincidencias. Cuando abres la aplicaci\u00f3n, muestra un mapa que muestra d\u00f3nde los hombres y mujeres cercanos est\u00e1n buscando citas. Si ves a alguien que te apetece, simplemente toca la pantalla y env\u00edale un gui\u00f1o. Ellos hacen lo mismo. Y si ambos deciden seguir adelante y chatear, eventualmente te encontrar\u00e1s. Pero hay un problema. Debido a que todo se basa en deslizar hacia la derecha o hacia la izquierda, alienta a las personas a usar la aplicaci\u00f3n casualmente. Y el sexo casual no siempre es una buena idea.<\/p>\n<h3>Bumble<\/h3>\n<p>Si prefieres a las mujeres a los hombres, Bumble podr\u00eda ser para ti. En Bumble, las mujeres inician conversaciones con otros miembros, y si quiere seguir hablando, debe enviar un \u00abgolpe\u00bb. Un golpe le permite a su contraparte masculina saber de qu\u00e9 se est\u00e1 hablando de \u00e9l, y tiene que responder dentro de las 24 horas. Si lo hace, la conversaci\u00f3n contin\u00faa. Si no lo hace, la mujer tiene la \u00faltima palabra.<\/p>\n<h2>Aplicaciones de citas gratuitas<\/h2>\n<p>\u00bfNo quieres pagar? \u00a1Echa un vistazo a estas aplicaciones gratuitas que te recomendamos que pruebes antes de optar por un servicio m\u00e1s premium!<\/p>\n<h3>AdultFriendFinder<\/h3>\n<p>Adult Friend Finder, o AFF, ha existido desde 1995 y sigue siendo fuerte hoy en d\u00eda. Originalmente, el sitio fue dise\u00f1ado para ayudar a los hombres que buscan mujeres, pero a lo largo de los a\u00f1os, se ha convertido en un lugar donde tanto los hombres como las ni\u00f1as pueden ir a buscar a alguien especial para salir. Si desea utilizar AFF para el sexo casual, hay muchas opciones. Puede enviar mensajes a solteros directamente o unirse a uno de los muchos grupos que se centran en temas espec\u00edficos como BDSM, fetichismo e incluso swingers.<\/p>\n<p>Para aquellos interesados en encontrar el amor, AFF ofrece muchas caracter\u00edsticas diferentes. Puede navegar por perfiles y fotos de solteros, chatear con ellos e incluso intercambiar n\u00fameros de tel\u00e9fono. Y si desea hacer las cosas de manera un poco diferente, puede hacer uso de la funci\u00f3n de mensajes de texto gratuitos para coquetear con otros miembros.<\/p>\n<h3>  Seeking.com<\/h3>\n<p>Seeking es una aplicaci\u00f3n gratuita de citas en l\u00ednea que atiende al nicho de sugar daddy \/ baby. Este tipo de relaci\u00f3n es muy popular hoy en d\u00eda porque le da a ambas partes algo que esperar cada mes. Los sugar daddies pueden pagar a las se\u00f1oritas por compa\u00f1\u00eda, mientras que las j\u00f3venes reciben dinero por ser lo suficientemente atractivas como para atraer a los hombres.<\/p>\n<p>La aplicaci\u00f3n funciona de manera similar a Tinder, donde las personas deslizan el dedo hacia la izquierda o hacia la derecha en funci\u00f3n de si quieren hablar con alguien o no. No hay interacci\u00f3n f\u00edsica involucrada en la b\u00fasqueda; sin embargo, hay muchas fotos y videos sexys para disfrutar.<\/p>\n<h3>Ashley Madison<\/h3>\n<p>Si has estado pensando en enga\u00f1ar a tu pareja, o simplemente tienes curiosidad por saber c\u00f3mo ser\u00eda salir con alguien que ya est\u00e1 casado, ashley Madison podr\u00eda valer la pena echarle un vistazo. Una aplicaci\u00f3n de citas para tramposos, el sitio ofrece una serie de formas diferentes de conocer parejas potenciales. Ya sea que est\u00e9 buscando sexo casual, algunos tr\u00edos calientes o incluso una aventura discreta, hay muchas opciones aqu\u00ed.<\/p>\n<ul>\n<li>La membres\u00eda gratuita le da acceso a la mayor\u00eda de las funciones.<\/li>\n<li>Si est\u00e1 buscando algo serio, puede actualizar a una cuenta premium por $ 19.95 por mes.<\/li>\n<li>No hay cargos por tarjeta de cr\u00e9dito involucrados.<\/li>\n<li>Puede navegar por los perfiles de forma an\u00f3nima, lo que significa que no tiene que preocuparse por estar expuesto si se siente atra\u00eddo por alguien que est\u00e1 casado.<\/li>\n<li>  Puede unirse sin tener que revelar informaci\u00f3n personal como su nombre, n\u00famero de tel\u00e9fono, direcci\u00f3n de correo electr\u00f3nico, etc.<\/li>\n<\/ul>\n<h2>Por qu\u00e9 las citas en l\u00ednea son buenas para los solteros<\/h2>\n<p>Entonces, \u00bfc\u00f3mo superar este obst\u00e1culo? En primer lugar, da un paso atr\u00e1s y preg\u00fantate si realmente quieres tener una cita con esta persona. Si est\u00e1s buscando algo casual, entonces tal vez no deber\u00edas perder demasiado tiempo tratando de impresionarlos. Por otro lado, si est\u00e1s buscando algo m\u00e1s serio, entonces querr\u00e1s asegurarte de que est\u00e1s haciendo el esfuerzo necesario para ganar su coraz\u00f3n. Despu\u00e9s de todo, no dejar\u00edas que una pareja potencial se fuera sin darlo todo, \u00bfverdad?<\/p>\n","protected":false},"excerpt":{"rendered":"<p>Los sitios y aplicaciones de citas gratuitos no son solo para aquellos que buscan amor, son una excelente manera de encontrar nuevos amigos y hacer conexiones. Y aunque hay muchas opciones de pago, algunas de las mejores ofrecen todo lo que desea sin tener que pagar nada extra. Aqu\u00ed hay siete de nuestros favoritos. Revisi\u00f3n &hellip; <\/p>\n<p class=\"link-more\"><a href=\"https:\/\/deaflgbtiqa.org.uk\/es\/\" class=\"more-link\">Read more &rarr;<span class=\"screen-reader-text\">\u00abMeet And Connectup: las mejores rese\u00f1as de citas\u00bb<\/span><\/a><\/p>\n","protected":false},"author":1,"featured_media":75,"parent":0,"menu_order":0,"comment_status":"closed","ping_status":"closed","template":"","meta":[],"yoast_head":"<!-- This site is optimized with the Yoast SEO plugin v17.7.1 - https:\/\/yoast.com\/wordpress\/plugins\/seo\/ -->\n<title>Meet And Connectup: las mejores rese\u00f1as de citas - LGBT Dating<\/title>\n<meta name=\"robots\" content=\"index, follow, max-snippet:-1, max-image-preview:large, max-video-preview:-1\" \/>\n<link rel=\"canonical\" href=\"https:\/\/deaflgbtiqa.org.uk\/es\/\" \/>\n<meta property=\"og:locale\" content=\"es_ES\" \/>\n<meta property=\"og:type\" content=\"article\" \/>\n<meta property=\"og:title\" content=\"Meet And Connectup: las mejores rese\u00f1as de citas - LGBT Dating\" \/>\n<meta property=\"og:description\" content=\"Los sitios y aplicaciones de citas gratuitos no son solo para aquellos que buscan amor, son una excelente manera de encontrar nuevos amigos y hacer conexiones. Y aunque hay muchas opciones de pago, algunas de las mejores ofrecen todo lo que desea sin tener que pagar nada extra. Aqu\u00ed hay siete de nuestros favoritos. Revisi\u00f3n &hellip; Read more &rarr;&quot;Meet And Connectup: las mejores rese\u00f1as de citas&quot;\" \/>\n<meta property=\"og:url\" content=\"https:\/\/deaflgbtiqa.org.uk\/es\/\" \/>\n<meta property=\"og:site_name\" content=\"LGBT Dating\" \/>\n<meta property=\"og:image\" content=\"http:\/\/deaflgbtiqa.org.uk\/wp-content\/uploads\/2022\/09\/casual-meet-for-sex.jpeg\" \/>\n\t<meta property=\"og:image:width\" content=\"1125\" \/>\n\t<meta property=\"og:image:height\" content=\"750\" \/>\n<meta name=\"twitter:card\" content=\"summary_large_image\" \/>\n<meta name=\"twitter:label1\" content=\"Tiempo de lectura\" \/>\n\t<meta name=\"twitter:data1\" content=\"7 minutos\" \/>\n<script type=\"application\/ld+json\" class=\"yoast-schema-graph\">{\"@context\":\"https:\/\/schema.org\",\"@graph\":[{\"@type\":\"WebSite\",\"@id\":\"https:\/\/deaflgbtiqa.org.uk\/#website\",\"url\":\"https:\/\/deaflgbtiqa.org.uk\/\",\"name\":\"LGBT Dating\",\"description\":\"Queer & Bi Advice\",\"potentialAction\":[{\"@type\":\"SearchAction\",\"target\":{\"@type\":\"EntryPoint\",\"urlTemplate\":\"https:\/\/deaflgbtiqa.org.uk\/?s={search_term_string}\"},\"query-input\":\"required name=search_term_string\"}],\"inLanguage\":\"es\"},{\"@type\":\"ImageObject\",\"@id\":\"https:\/\/deaflgbtiqa.org.uk\/es\/#primaryimage\",\"inLanguage\":\"es\",\"url\":\"https:\/\/deaflgbtiqa.org.uk\/wp-content\/uploads\/2022\/09\/casual-meet-for-sex.jpeg\",\"contentUrl\":\"https:\/\/deaflgbtiqa.org.uk\/wp-content\/uploads\/2022\/09\/casual-meet-for-sex.jpeg\",\"width\":1125,\"height\":750},{\"@type\":\"WebPage\",\"@id\":\"https:\/\/deaflgbtiqa.org.uk\/es\/#webpage\",\"url\":\"https:\/\/deaflgbtiqa.org.uk\/es\/\",\"name\":\"Meet And Connectup: las mejores rese\\u00f1as de citas - LGBT Dating\",\"isPartOf\":{\"@id\":\"https:\/\/deaflgbtiqa.org.uk\/#website\"},\"primaryImageOfPage\":{\"@id\":\"https:\/\/deaflgbtiqa.org.uk\/es\/#primaryimage\"},\"datePublished\":\"2022-09-05T14:44:26+00:00\",\"dateModified\":\"2022-09-05T14:44:26+00:00\",\"breadcrumb\":{\"@id\":\"https:\/\/deaflgbtiqa.org.uk\/es\/#breadcrumb\"},\"inLanguage\":\"es\",\"potentialAction\":[{\"@type\":\"ReadAction\",\"target\":[\"https:\/\/deaflgbtiqa.org.uk\/es\/\"]}]},{\"@type\":\"BreadcrumbList\",\"@id\":\"https:\/\/deaflgbtiqa.org.uk\/es\/#breadcrumb\",\"itemListElement\":[{\"@type\":\"ListItem\",\"position\":1,\"name\":\"Home\",\"item\":\"http:\/\/deaflgbtiqa.org.uk\/es\/\"},{\"@type\":\"ListItem\",\"position\":2,\"name\":\"Meet And Connectup: las mejores rese\\u00f1as de citas\"}]}]}<\/script>\n<!-- \/ Yoast SEO plugin. -->","yoast_head_json":{"title":"Meet And Connectup: las mejores rese\u00f1as de citas - LGBT Dating","robots":{"index":"index","follow":"follow","max-snippet":"max-snippet:-1","max-image-preview":"max-image-preview:large","max-video-preview":"max-video-preview:-1"},"canonical":"https:\/\/deaflgbtiqa.org.uk\/es\/","og_locale":"es_ES","og_type":"article","og_title":"Meet And Connectup: las mejores rese\u00f1as de citas - LGBT Dating","og_description":"Los sitios y aplicaciones de citas gratuitos no son solo para aquellos que buscan amor, son una excelente manera de encontrar nuevos amigos y hacer conexiones. Y aunque hay muchas opciones de pago, algunas de las mejores ofrecen todo lo que desea sin tener que pagar nada extra. Aqu\u00ed hay siete de nuestros favoritos. Revisi\u00f3n &hellip; Read more &rarr;\"Meet And Connectup: las mejores rese\u00f1as de citas\"","og_url":"https:\/\/deaflgbtiqa.org.uk\/es\/","og_site_name":"LGBT Dating","og_image":[{"width":1125,"height":750,"url":"http:\/\/deaflgbtiqa.org.uk\/wp-content\/uploads\/2022\/09\/casual-meet-for-sex.jpeg","type":"image\/jpeg"}],"twitter_card":"summary_large_image","twitter_misc":{"Tiempo de lectura":"7 minutos"},"schema":{"@context":"https:\/\/schema.org","@graph":[{"@type":"WebSite","@id":"https:\/\/deaflgbtiqa.org.uk\/#website","url":"https:\/\/deaflgbtiqa.org.uk\/","name":"LGBT Dating","description":"Queer & Bi Advice","potentialAction":[{"@type":"SearchAction","target":{"@type":"EntryPoint","urlTemplate":"https:\/\/deaflgbtiqa.org.uk\/?s={search_term_string}"},"query-input":"required name=search_term_string"}],"inLanguage":"es"},{"@type":"ImageObject","@id":"https:\/\/deaflgbtiqa.org.uk\/es\/#primaryimage","inLanguage":"es","url":"https:\/\/deaflgbtiqa.org.uk\/wp-content\/uploads\/2022\/09\/casual-meet-for-sex.jpeg","contentUrl":"https:\/\/deaflgbtiqa.org.uk\/wp-content\/uploads\/2022\/09\/casual-meet-for-sex.jpeg","width":1125,"height":750},{"@type":"WebPage","@id":"https:\/\/deaflgbtiqa.org.uk\/es\/#webpage","url":"https:\/\/deaflgbtiqa.org.uk\/es\/","name":"Meet And Connectup: las mejores rese\u00f1as de citas - LGBT Dating","isPartOf":{"@id":"https:\/\/deaflgbtiqa.org.uk\/#website"},"primaryImageOfPage":{"@id":"https:\/\/deaflgbtiqa.org.uk\/es\/#primaryimage"},"datePublished":"2022-09-05T14:44:26+00:00","dateModified":"2022-09-05T14:44:26+00:00","breadcrumb":{"@id":"https:\/\/deaflgbtiqa.org.uk\/es\/#breadcrumb"},"inLanguage":"es","potentialAction":[{"@type":"ReadAction","target":["https:\/\/deaflgbtiqa.org.uk\/es\/"]}]},{"@type":"BreadcrumbList","@id":"https:\/\/deaflgbtiqa.org.uk\/es\/#breadcrumb","itemListElement":[{"@type":"ListItem","position":1,"name":"Home","item":"http:\/\/deaflgbtiqa.org.uk\/es\/"},{"@type":"ListItem","position":2,"name":"Meet And Connectup: las mejores rese\u00f1as de citas"}]}]}},"_links":{"self":[{"href":"https:\/\/deaflgbtiqa.org.uk\/es\/wp-json\/wp\/v2\/pages\/237"}],"collection":[{"href":"https:\/\/deaflgbtiqa.org.uk\/es\/wp-json\/wp\/v2\/pages"}],"about":[{"href":"https:\/\/deaflgbtiqa.org.uk\/es\/wp-json\/wp\/v2\/types\/page"}],"author":[{"embeddable":true,"href":"https:\/\/deaflgbtiqa.org.uk\/es\/wp-json\/wp\/v2\/users\/1"}],"replies":[{"embeddable":true,"href":"https:\/\/deaflgbtiqa.org.uk\/es\/wp-json\/wp\/v2\/comments?post=237"}],"version-history":[{"count":0,"href":"https:\/\/deaflgbtiqa.org.uk\/es\/wp-json\/wp\/v2\/pages\/237\/revisions"}],"wp:featuredmedia":[{"embeddable":true,"href":"https:\/\/deaflgbtiqa.org.uk\/es\/wp-json\/wp\/v2\/media\/75"}],"wp:attachment":[{"href":"https:\/\/deaflgbtiqa.org.uk\/es\/wp-json\/wp\/v2\/media?parent=237"}],"curies":[{"name":"wp","href":"https:\/\/api.w.org\/{rel}","templated":true}]}}