{"id":244,"date":"2022-09-05T15:44:26","date_gmt":"2022-09-05T14:44:26","guid":{"rendered":"http:\/\/deaflgbtiqa.org.uk\/meet-and-hookup-top-dating-bewertungen\/"},"modified":"2022-09-05T15:44:26","modified_gmt":"2022-09-05T14:44:26","slug":"meet-and-hookup-top-dating-bewertungen","status":"publish","type":"page","link":"https:\/\/deaflgbtiqa.org.uk\/de\/","title":{"rendered":"Meet And Hookup: Top Dating Bewertungen"},"content":{"rendered":"<p>Kostenlose Dating-Sites und Apps sind nicht nur f\u00fcr diejenigen, die nach Liebe suchen &#8211; sie sind eine gro\u00dfartige M\u00f6glichkeit, neue Freunde zu finden und Verbindungen herzustellen. Und w\u00e4hrend es viele bezahlte Optionen gibt, bieten einige der besten alles, was Sie wollen, ohne etwas extra bezahlen zu m\u00fcssen. Hier sind sieben unserer Favoriten.<\/p>\n<h2>Dating f\u00fcr Erwachsene Bewertung<\/h2>\n<p>Diese Websites bieten eine Vielzahl von Funktionen, um die Suche nach potenziellen Partnern zu erleichtern. Benutzer k\u00f6nnen Mitglieder nach Standort, Altersgruppe, Beziehungsstatus, sexueller Orientierung, ethnischer Zugeh\u00f6rigkeit, Religion, Bildungsniveau, Beruf, Einkommen, K\u00f6rpertyp, Gr\u00f6\u00dfe, Gewicht, Rauchpr\u00e4ferenzen und sogar politischen Ansichten durchsuchen. Es gibt Tausende von verschiedenen Kategorien zur Auswahl. Benutzer k\u00f6nnen Schl\u00fcsselw\u00f6rter verwenden, um Suchanfragen einzugrenzen, und sie k\u00f6nnen Mitglieder auch nach Kompatibilit\u00e4tsfaktor, Anzahl der gemeinsamen Freunde und ob sie bereits verheiratet oder verlobt sind, filtern.<\/p>\n<h3>Streichholz<\/h3>\n<p>Match ist einer der \u00e4ltesten Dating-Dienste, lange Zeit \u00e4lter als mobile Apps, und sammelt viele Informationen \u00fcber Ihre Pr\u00e4ferenzen, um Profile zu erstellen, die Sie dann verwenden k\u00f6nnen, um eine gute \u00dcbereinstimmung zu finden.<\/p>\n<p>Wie viele Dating-Sites k\u00f6nnen Sie sich mit Match mit Boosts (z. B. wenn Sie Ihr Profil an die Spitze bringen) und Super-Likes (die Aufmerksamkeit von jemandem bekommen, den Sie tats\u00e4chlich wollen) abheben.<\/p>\n<p>Aber die kostenlosen Aspekte von Match sind nicht sehr \u00fcberzeugend. Sie k\u00f6nnen nur potenzielle \u00dcbereinstimmungen m\u00f6gen oder nicht m\u00f6gen und ein paar Nachrichten senden. Um wirklich mit jemandem zu kommunizieren, m\u00fcssen Sie f\u00fcr das Upgrade von Match Premium bezahlen, das zwischen 35 und 120 US-Dollar pro Monat kostet, je nachdem, wie viel Zeit Sie auf der Website verbringen.<\/p>\n<p>Sie k\u00f6nnen Ihr Abonnement um weitere drei Monate verl\u00e4ngern, aber selbst dann zahlen Sie immer noch.<\/p>\n<h3>OkCupid<\/h3>\n<p>OkCupid ist eine der \u00e4ltesten Dating-Plattformen \u00fcberhaupt, und das aus gutem Grund. Die Benutzeroberfl\u00e4che ist einfach zu navigieren, und der Matching-Algorithmus stellt sicher, dass Sie nicht mit jemandem enden, der nicht zu Ihrem Pers\u00f6nlichkeitstyp passt. Sie k\u00f6nnen nach Standort, Alter, Beziehungsstatus, Geschlecht, ethnischer Zugeh\u00f6rigkeit, Religion, Bildungsniveau, Gr\u00f6\u00dfe, Gewicht, K\u00f6rpertyp, Interessen, Beruf, politischen Ansichten, sexueller Orientierung und sogar Haustieren suchen.<\/p>\n<p>Sie k\u00f6nnen Ihre Einstellungen auch so einstellen, dass Ihnen nur die Profile angezeigt werden, die Sie interessieren. Sie k\u00f6nnen beispielsweise Personen ausw\u00e4hlen, die Fotos von sich selbst in bestimmten Outfits geteilt haben oder die angegeben haben, dass sie Sport m\u00f6gen.<\/p>\n<p>Wenn Sie sicherstellen m\u00f6chten, dass Sie jedes einzelne Mitglied in Ihrem Feed sehen, k\u00f6nnen Sie Benachrichtigungen aktivieren. Auf diese Weise verpassen Sie niemanden, der Sie zu seiner Freundesgruppe hinzuf\u00fcgt oder Ihnen zur\u00fcckfolgt.<\/p>\n<h3>Zunder<\/h3>\n<p>Tinder ist heute wohl die beliebteste Dating-App. Wenn Sie jemals auf einem Date waren, bei dem Sie bei jeder einzelnen Person nach links gewischt haben, wissen Sie wahrscheinlich, was Tinder ist. Benutzer k\u00f6nnen auf jeden in der N\u00e4he nach rechts wischen, und wenn beide Parteien sich genug m\u00f6gen, beginnen sie zu chatten. Auf diese Weise k\u00f6nnen Sie auch sehen, wer Sie sonst noch mag.<\/p>\n<p>Tinder ist sehr erfolgreich. Mit \u00fcber 50 Millionen aktiven monatlichen Nutzern ist es die gr\u00f6\u00dfte Dating-App der Welt. Aber die Art und Weise, wie es funktioniert, k\u00f6nnte dazu f\u00fchren, dass Sie aufh\u00f6ren m\u00f6chten, es zu benutzen. Die App verwendet ein einfaches System, um potenzielle \u00dcbereinstimmungen zu koppeln. Wenn Sie die App \u00f6ffnen, wird eine Karte angezeigt, die zeigt, wo M\u00e4nner und Frauen in der N\u00e4he nach Terminen suchen. Wenn Sie jemanden sehen, den Sie m\u00f6gen, tippen Sie einfach auf den Bildschirm und senden Sie ihm ein Augenzwinkern. Sie tun dasselbe. Und wenn sie beide sich daf\u00fcr entscheiden, weiterzumachen und zu plaudern, werden Sie sich schlie\u00dflich treffen. Aber es gibt ein Problem. Da das Ganze auf dem Wischen nach rechts oder links basiert, ermutigt es die Menschen, die App beil\u00e4ufig zu nutzen. Und Gelegenheitssex ist nicht immer eine gute Idee.<\/p>\n<h3>Wichtigtuer<\/h3>\n<p>Wenn Sie Frauen M\u00e4nnern vorziehen, k\u00f6nnte Bumble f\u00fcr Sie sein. Auf Bumble beginnen Frauen Gespr\u00e4che mit anderen Mitgliedern, und wenn sie weiter reden will, muss sie einen &#8222;Bump&#8220; senden. Eine Beule l\u00e4sst ihr m\u00e4nnliches Gegen\u00fcber wissen, dass \u00fcber ihn gesprochen wird, und er muss innerhalb von 24 Stunden antworten. Wenn er das tut, geht das Gespr\u00e4ch weiter. Tut er das nicht, hat die Frau das letzte Wort.<\/p>\n<h2>Kostenlose Dating-Apps<\/h2>\n<p>Sie wollen nicht bezahlen? Werfen Sie einen Blick auf diese kostenlosen Apps, die wir Ihnen empfehlen, bevor Sie sich f\u00fcr einen Premium-Service entscheiden!<\/p>\n<h3>AdultFriendFinder<\/h3>\n<p>Adult Friend Finder, oder AFF, gibt es seit 1995 und es ist auch heute noch stark. Urspr\u00fcnglich sollte die Website M\u00e4nnern bei der Suche nach Frauen helfen, aber im Laufe der Jahre hat sie sich zu einem Ort entwickelt, an dem sowohl M\u00e4nner als auch M\u00e4dchen jemanden finden k\u00f6nnen, der bis heute etwas Besonderes ist. Wenn Sie AFF f\u00fcr Gelegenheitssex verwenden m\u00f6chten, gibt es viele M\u00f6glichkeiten. Sie k\u00f6nnen entweder Nachrichten direkt an Singles senden oder einer der vielen Gruppen beitreten, die sich auf bestimmte Themen wie BDSM, Fetischismus und sogar Swinger konzentrieren.<\/p>\n<p>F\u00fcr diejenigen, die daran interessiert sind, Liebe zu finden, bietet AFF viele verschiedene Funktionen. Sie k\u00f6nnen Profile und Fotos von Singles durchsuchen, mit ihnen chatten und sogar Telefonnummern austauschen. Und wenn Sie die Dinge ein wenig anders machen m\u00f6chten, k\u00f6nnen Sie die kostenlose SMS-Funktion nutzen, um mit anderen Mitgliedern zu flirten.<\/p>\n<h3>  Seeking.com<\/h3>\n<p>Seeking ist eine kostenlose Online-Dating-App, die sich an die Sugar Daddy \/ Baby-Nische richtet. Diese Art von Beziehung ist heutzutage sehr beliebt, weil sie beiden Parteien jeden Monat etwas gibt, auf das sie sich freuen k\u00f6nnen. Sugar Daddies sind in der Lage, junge Damen f\u00fcr die Kameradschaft zu bezahlen, w\u00e4hrend junge Damen Geld daf\u00fcr erhalten, dass sie attraktiv genug sind, um M\u00e4nner anzuziehen.<\/p>\n<p>Die App funktioniert \u00e4hnlich wie Tinder, wo die Leute nach links oder rechts wischen, je nachdem, ob sie mit jemandem sprechen m\u00f6chten oder nicht. Es gibt keine physische Wechselwirkung, die an der Suche beteiligt ist; Es gibt jedoch viele sexy Fotos und Videos zu genie\u00dfen.<\/p>\n<h3>Ashley Madison<\/h3>\n<p>Wenn Sie dar\u00fcber nachgedacht haben, Ihren Lebensgef\u00e4hrten zu betr\u00fcgen, oder einfach nur neugierig sind, wie es w\u00e4re, mit jemandem auszugehen, der bereits verheiratet ist, k\u00f6nnte Ashley Madison einen Besuch wert sein. Als Dating-App f\u00fcr Betr\u00fcger bietet die Website eine Reihe verschiedener M\u00f6glichkeiten, potenzielle Partner zu treffen. Egal, ob Sie nach Gelegenheitssex, hei\u00dfen Dreiern oder sogar einer diskreten Aff\u00e4re suchen, hier gibt es viele M\u00f6glichkeiten.<\/p>\n<ul>\n<li>Mit der kostenlosen Mitgliedschaft haben Sie Zugriff auf die meisten Funktionen.<\/li>\n<li>Wenn Sie nach etwas Ernstem suchen, k\u00f6nnen Sie f\u00fcr $ 19.95 pro Monat auf ein Premium-Konto upgraden.<\/li>\n<li>Es fallen keine Kreditkartengeb\u00fchren an.<\/li>\n<li>Sie k\u00f6nnen Profile anonym durchsuchen, was bedeutet, dass Sie sich keine Sorgen machen m\u00fcssen, dass Sie exponiert werden, wenn Sie sich zu jemandem hingezogen f\u00fchlen, der verheiratet ist.<\/li>\n<li>  Sie k\u00f6nnen beitreten, ohne pers\u00f6nliche Informationen wie Ihren Namen, Ihre Telefonnummer, Ihre E-Mail-Adresse usw. preisgeben zu m\u00fcssen.<\/li>\n<\/ul>\n<h2>Warum Online-Dating gut f\u00fcr Singles ist<\/h2>\n<p>Wie \u00fcberwinden Sie also diese H\u00fcrde? Treten Sie zun\u00e4chst einen Schritt zur\u00fcck und fragen Sie sich, ob Sie wirklich mit dieser Person auf ein Date gehen m\u00f6chten. Wenn Sie nach etwas L\u00e4ssigem suchen, dann sollten Sie vielleicht nicht zu viel Zeit damit verschwenden, sie zu beeindrucken. Auf der anderen Seite, wenn Sie nach etwas Ernsterem suchen, dann sollten Sie sicherstellen, dass Sie die notwendigen Anstrengungen unternehmen, um ihr Herz zu gewinnen. Schlie\u00dflich w\u00fcrden Sie einen potenziellen Partner nicht gehen lassen, ohne alles zu geben, oder?<\/p>\n","protected":false},"excerpt":{"rendered":"<p>Kostenlose Dating-Sites und Apps sind nicht nur f\u00fcr diejenigen, die nach Liebe suchen &#8211; sie sind eine gro\u00dfartige M\u00f6glichkeit, neue Freunde zu finden und Verbindungen herzustellen. Und w\u00e4hrend es viele bezahlte Optionen gibt, bieten einige der besten alles, was Sie wollen, ohne etwas extra bezahlen zu m\u00fcssen. Hier sind sieben unserer Favoriten. Dating f\u00fcr Erwachsene &hellip; <\/p>\n<p class=\"link-more\"><a href=\"https:\/\/deaflgbtiqa.org.uk\/de\/\" class=\"more-link\">Read more &rarr;<span class=\"screen-reader-text\">&#8222;Meet And Hookup: Top Dating Bewertungen&#8220;<\/span><\/a><\/p>\n","protected":false},"author":1,"featured_media":68,"parent":0,"menu_order":0,"comment_status":"closed","ping_status":"closed","template":"","meta":[],"yoast_head":"<!-- This site is optimized with the Yoast SEO plugin v17.7.1 - https:\/\/yoast.com\/wordpress\/plugins\/seo\/ -->\n<title>Meet And Hookup: Top Dating Bewertungen - LGBT Dating<\/title>\n<meta name=\"robots\" content=\"index, follow, max-snippet:-1, max-image-preview:large, max-video-preview:-1\" \/>\n<link rel=\"canonical\" href=\"https:\/\/deaflgbtiqa.org.uk\/de\/\" \/>\n<meta property=\"og:locale\" content=\"de_DE\" \/>\n<meta property=\"og:type\" content=\"article\" \/>\n<meta property=\"og:title\" content=\"Meet And Hookup: Top Dating Bewertungen - LGBT Dating\" \/>\n<meta property=\"og:description\" content=\"Kostenlose Dating-Sites und Apps sind nicht nur f\u00fcr diejenigen, die nach Liebe suchen &#8211; sie sind eine gro\u00dfartige M\u00f6glichkeit, neue Freunde zu finden und Verbindungen herzustellen. Und w\u00e4hrend es viele bezahlte Optionen gibt, bieten einige der besten alles, was Sie wollen, ohne etwas extra bezahlen zu m\u00fcssen. Hier sind sieben unserer Favoriten. Dating f\u00fcr Erwachsene &hellip; Read more &rarr;&quot;Meet And Hookup: Top Dating Bewertungen&quot;\" \/>\n<meta property=\"og:url\" content=\"https:\/\/deaflgbtiqa.org.uk\/de\/\" \/>\n<meta property=\"og:site_name\" content=\"LGBT Dating\" \/>\n<meta property=\"og:image\" content=\"http:\/\/deaflgbtiqa.org.uk\/wp-content\/uploads\/2022\/09\/casual-meet-for-sex.jpeg\" \/>\n\t<meta property=\"og:image:width\" content=\"1125\" \/>\n\t<meta property=\"og:image:height\" content=\"750\" \/>\n<meta name=\"twitter:card\" content=\"summary_large_image\" \/>\n<meta name=\"twitter:label1\" content=\"Gesch\u00e4tzte Lesezeit\" \/>\n\t<meta name=\"twitter:data1\" content=\"6\u00a0Minuten\" \/>\n<script type=\"application\/ld+json\" class=\"yoast-schema-graph\">{\"@context\":\"https:\/\/schema.org\",\"@graph\":[{\"@type\":\"WebSite\",\"@id\":\"https:\/\/deaflgbtiqa.org.uk\/#website\",\"url\":\"https:\/\/deaflgbtiqa.org.uk\/\",\"name\":\"LGBT Dating\",\"description\":\"Queer & Bi Advice\",\"potentialAction\":[{\"@type\":\"SearchAction\",\"target\":{\"@type\":\"EntryPoint\",\"urlTemplate\":\"https:\/\/deaflgbtiqa.org.uk\/?s={search_term_string}\"},\"query-input\":\"required name=search_term_string\"}],\"inLanguage\":\"de\"},{\"@type\":\"ImageObject\",\"@id\":\"https:\/\/deaflgbtiqa.org.uk\/de\/#primaryimage\",\"inLanguage\":\"de\",\"url\":\"https:\/\/deaflgbtiqa.org.uk\/wp-content\/uploads\/2022\/09\/casual-meet-for-sex.jpeg\",\"contentUrl\":\"https:\/\/deaflgbtiqa.org.uk\/wp-content\/uploads\/2022\/09\/casual-meet-for-sex.jpeg\",\"width\":1125,\"height\":750},{\"@type\":\"WebPage\",\"@id\":\"https:\/\/deaflgbtiqa.org.uk\/de\/#webpage\",\"url\":\"https:\/\/deaflgbtiqa.org.uk\/de\/\",\"name\":\"Meet And Hookup: Top Dating Bewertungen - LGBT Dating\",\"isPartOf\":{\"@id\":\"https:\/\/deaflgbtiqa.org.uk\/#website\"},\"primaryImageOfPage\":{\"@id\":\"https:\/\/deaflgbtiqa.org.uk\/de\/#primaryimage\"},\"datePublished\":\"2022-09-05T14:44:26+00:00\",\"dateModified\":\"2022-09-05T14:44:26+00:00\",\"breadcrumb\":{\"@id\":\"https:\/\/deaflgbtiqa.org.uk\/de\/#breadcrumb\"},\"inLanguage\":\"de\",\"potentialAction\":[{\"@type\":\"ReadAction\",\"target\":[\"https:\/\/deaflgbtiqa.org.uk\/de\/\"]}]},{\"@type\":\"BreadcrumbList\",\"@id\":\"https:\/\/deaflgbtiqa.org.uk\/de\/#breadcrumb\",\"itemListElement\":[{\"@type\":\"ListItem\",\"position\":1,\"name\":\"Home\",\"item\":\"http:\/\/deaflgbtiqa.org.uk\/de\/\"},{\"@type\":\"ListItem\",\"position\":2,\"name\":\"Meet And Hookup: Top Dating Bewertungen\"}]}]}<\/script>\n<!-- \/ Yoast SEO plugin. -->","yoast_head_json":{"title":"Meet And Hookup: Top Dating Bewertungen - LGBT Dating","robots":{"index":"index","follow":"follow","max-snippet":"max-snippet:-1","max-image-preview":"max-image-preview:large","max-video-preview":"max-video-preview:-1"},"canonical":"https:\/\/deaflgbtiqa.org.uk\/de\/","og_locale":"de_DE","og_type":"article","og_title":"Meet And Hookup: Top Dating Bewertungen - LGBT Dating","og_description":"Kostenlose Dating-Sites und Apps sind nicht nur f\u00fcr diejenigen, die nach Liebe suchen &#8211; sie sind eine gro\u00dfartige M\u00f6glichkeit, neue Freunde zu finden und Verbindungen herzustellen. Und w\u00e4hrend es viele bezahlte Optionen gibt, bieten einige der besten alles, was Sie wollen, ohne etwas extra bezahlen zu m\u00fcssen. Hier sind sieben unserer Favoriten. Dating f\u00fcr Erwachsene &hellip; Read more &rarr;\"Meet And Hookup: Top Dating Bewertungen\"","og_url":"https:\/\/deaflgbtiqa.org.uk\/de\/","og_site_name":"LGBT Dating","og_image":[{"width":1125,"height":750,"url":"http:\/\/deaflgbtiqa.org.uk\/wp-content\/uploads\/2022\/09\/casual-meet-for-sex.jpeg","type":"image\/jpeg"}],"twitter_card":"summary_large_image","twitter_misc":{"Gesch\u00e4tzte Lesezeit":"6\u00a0Minuten"},"schema":{"@context":"https:\/\/schema.org","@graph":[{"@type":"WebSite","@id":"https:\/\/deaflgbtiqa.org.uk\/#website","url":"https:\/\/deaflgbtiqa.org.uk\/","name":"LGBT Dating","description":"Queer & Bi Advice","potentialAction":[{"@type":"SearchAction","target":{"@type":"EntryPoint","urlTemplate":"https:\/\/deaflgbtiqa.org.uk\/?s={search_term_string}"},"query-input":"required name=search_term_string"}],"inLanguage":"de"},{"@type":"ImageObject","@id":"https:\/\/deaflgbtiqa.org.uk\/de\/#primaryimage","inLanguage":"de","url":"https:\/\/deaflgbtiqa.org.uk\/wp-content\/uploads\/2022\/09\/casual-meet-for-sex.jpeg","contentUrl":"https:\/\/deaflgbtiqa.org.uk\/wp-content\/uploads\/2022\/09\/casual-meet-for-sex.jpeg","width":1125,"height":750},{"@type":"WebPage","@id":"https:\/\/deaflgbtiqa.org.uk\/de\/#webpage","url":"https:\/\/deaflgbtiqa.org.uk\/de\/","name":"Meet And Hookup: Top Dating Bewertungen - LGBT Dating","isPartOf":{"@id":"https:\/\/deaflgbtiqa.org.uk\/#website"},"primaryImageOfPage":{"@id":"https:\/\/deaflgbtiqa.org.uk\/de\/#primaryimage"},"datePublished":"2022-09-05T14:44:26+00:00","dateModified":"2022-09-05T14:44:26+00:00","breadcrumb":{"@id":"https:\/\/deaflgbtiqa.org.uk\/de\/#breadcrumb"},"inLanguage":"de","potentialAction":[{"@type":"ReadAction","target":["https:\/\/deaflgbtiqa.org.uk\/de\/"]}]},{"@type":"BreadcrumbList","@id":"https:\/\/deaflgbtiqa.org.uk\/de\/#breadcrumb","itemListElement":[{"@type":"ListItem","position":1,"name":"Home","item":"http:\/\/deaflgbtiqa.org.uk\/de\/"},{"@type":"ListItem","position":2,"name":"Meet And Hookup: Top Dating Bewertungen"}]}]}},"_links":{"self":[{"href":"https:\/\/deaflgbtiqa.org.uk\/de\/wp-json\/wp\/v2\/pages\/244"}],"collection":[{"href":"https:\/\/deaflgbtiqa.org.uk\/de\/wp-json\/wp\/v2\/pages"}],"about":[{"href":"https:\/\/deaflgbtiqa.org.uk\/de\/wp-json\/wp\/v2\/types\/page"}],"author":[{"embeddable":true,"href":"https:\/\/deaflgbtiqa.org.uk\/de\/wp-json\/wp\/v2\/users\/1"}],"replies":[{"embeddable":true,"href":"https:\/\/deaflgbtiqa.org.uk\/de\/wp-json\/wp\/v2\/comments?post=244"}],"version-history":[{"count":0,"href":"https:\/\/deaflgbtiqa.org.uk\/de\/wp-json\/wp\/v2\/pages\/244\/revisions"}],"wp:featuredmedia":[{"embeddable":true,"href":"https:\/\/deaflgbtiqa.org.uk\/de\/wp-json\/wp\/v2\/media\/68"}],"wp:attachment":[{"href":"https:\/\/deaflgbtiqa.org.uk\/de\/wp-json\/wp\/v2\/media?parent=244"}],"curies":[{"name":"wp","href":"https:\/\/api.w.org\/{rel}","templated":true}]}}