{"id":240,"date":"2022-09-05T15:44:26","date_gmt":"2022-09-05T14:44:26","guid":{"rendered":"http:\/\/deaflgbtiqa.org.uk\/moed-og-tilslut-top-dating-anmeldelser\/"},"modified":"2022-09-05T15:44:26","modified_gmt":"2022-09-05T14:44:26","slug":"moed-og-tilslut-top-dating-anmeldelser","status":"publish","type":"page","link":"https:\/\/deaflgbtiqa.org.uk\/da\/","title":{"rendered":"M\u00f8d og tilslut: Top Dating anmeldelser"},"content":{"rendered":"<p>Gratis datingsider og apps er ikke kun for dem, der leder efter k\u00e6rlighed &#8211; de er en fantastisk m\u00e5de at finde nye venner og skabe forbindelser p\u00e5. Og selvom der er masser af betalte muligheder derude, tilbyder nogle af de bedste alt, hvad du \u00f8nsker uden at skulle betale noget ekstra. Her er syv af vores favoritter.<\/p>\n<h2>Voksen Dating anmeldelse<\/h2>\n<p>Disse websteder tilbyder en r\u00e6kke funktioner, der g\u00f8r det nemt at finde potentielle partnere. Brugere kan gennemse medlemmer baseret p\u00e5 placering, aldersgruppe, forholdsstatus, seksuel orientering, etnicitet, religion, uddannelsesniveau, erhverv, indkomst, kropstype, h\u00f8jde, v\u00e6gt, rygepr\u00e6ferencer og endda politiske synspunkter. Der er tusindvis af forskellige kategorier at v\u00e6lge imellem. Brugere kan bruge n\u00f8gleord til at indsn\u00e6vre s\u00f8gninger og kan ogs\u00e5 filtrere medlemmer efter kompatibilitetsscore, antal f\u00e6lles venner, og om de allerede er gift eller forlovet.<\/p>\n<h3>T\u00e6ndstik<\/h3>\n<p>Match er en af de \u00e6ldste datingtjenester, l\u00e6nge forud for mobilapps, og den indsamler en masse information om dine pr\u00e6ferencer for at oprette profiler, du derefter kan bruge til at finde et godt match.<\/p>\n<p>Som mange datingsider giver Match dig mulighed for at skille dig ud med boosts (som at f\u00e5 din profil \u00f8verst) og super likes (f\u00e5 opm\u00e6rksomhed fra en, du faktisk vil have).<\/p>\n<p>Men de gratis aspekter af Match er ikke s\u00e6rlig overbevisende. Du kan kun lide eller ikke lide potentielle kampe og sende et par beskeder. For virkelig at kommunikere med nogen skal du betale til op klasse til Match Premium, som koster alt fra $ 35 til $ 120 pr. M\u00e5ned afh\u00e6ngigt af hvor meget tid du bruger p\u00e5 webstedet.<\/p>\n<p>Du kan forl\u00e6nge dit abonnement med yderligere tre m\u00e5neder, men selv da betaler du stadig.<\/p>\n<h3>OkCupid<\/h3>\n<p>OkCupid er en af de \u00e6ldste datingplatforme, der findes, og med god grund. Dens gr\u00e6nseflade er let at navigere, og dens matchende algoritme s\u00f8rger for, at du ikke ender med nogen, der ikke passer til din personlighedstype. Du kan gennemse baseret p\u00e5 placering, alder, forholdsstatus, k\u00f8n, etnicitet, religion, uddannelsesniveau, h\u00f8jde, v\u00e6gt, kropstype, interesser, erhverv, politiske synspunkter, seksuel orientering og endda k\u00e6ledyr.<\/p>\n<p>Du kan ogs\u00e5 indstille dine pr\u00e6ferencer til kun at vise dig de profiler, der interesserer dig. For eksempel kan du v\u00e6lge personer, der har delt billeder af sig selv if\u00f8rt bestemte t\u00f8j, eller som har angivet, at de kan lide sport.<\/p>\n<p>Hvis du vil sikre dig, at du ser hvert enkelt medlem i dit feed, kan du aktivere notifikationer. P\u00e5 denne m\u00e5de g\u00e5r du ikke glip af nogen, der f\u00f8jer dig til deres vennegruppe eller f\u00f8lger dig tilbage.<\/p>\n<h3>Fyrsvamp<\/h3>\n<p>Tinder er uden tvivl den mest popul\u00e6re datingapp i dag. Hvis du nogensinde har v\u00e6ret p\u00e5 en date, hvor du fandt dig selv at stryge til venstre p\u00e5 hver enkelt person, er chancerne for, at du ved, hvad Tinder er. Brugere kan stryge til h\u00f8jre p\u00e5 alle i n\u00e6rheden, og hvis begge parter kan lide hinanden nok, begynder de at chatte. Dette giver dig ogs\u00e5 mulighed for at se, hvem der ellers kan lide dig.<\/p>\n<p>Tinder er enormt succesfuld. Med over 50 millioner aktive m\u00e5nedlige brugere er det verdens st\u00f8rste datingapp. Men den m\u00e5de, det fungerer p\u00e5, kan f\u00e5 dig til at stoppe med at bruge det. Appen bruger et simpelt system til at parre potentielle kampe. N\u00e5r du \u00e5bner appen, viser den et kort, der viser, hvor m\u00e6nd og kvinder i n\u00e6rheden leder efter datoer. Hvis du ser nogen, du har lyst til, skal du bare trykke p\u00e5 sk\u00e6rmen og sende dem et blink. De g\u00f8r det samme. Og hvis de begge v\u00e6lger at g\u00e5 videre og chatte, vil du til sidst m\u00f8des. Men der er et problem. Fordi det hele er baseret p\u00e5 at stryge til h\u00f8jre eller venstre, opfordrer det folk til at bruge appen tilf\u00e6ldigt. Og uforpligtende sex er ikke altid en god id\u00e9.<\/p>\n<h3>Bumble<\/h3>\n<p>Hvis du foretr\u00e6kker kvinder frem for m\u00e6nd, er Bumble m\u00e5ske noget for dig. P\u00e5 Bumble indleder kvinder samtaler med andre medlemmer, og hvis hun vil forts\u00e6tte med at tale, skal hun sende et &#8220;bump&#8221;. Et bump lader hendes mandlige modpart vide, at der bliver talt om ham, og han skal svare inden for 24 timer. Hvis han g\u00f8r det, forts\u00e6tter samtalen. Hvis han ikke g\u00f8r det, f\u00e5r kvinden det sidste ord.<\/p>\n<h2>Gratis Dating Apps<\/h2>\n<p>Vil du ikke betale? Tag et kig p\u00e5 disse gratis apps, som vi anbefaler dig at pr\u00f8ve, f\u00f8r du g\u00e5r efter en mere premium service!<\/p>\n<h3>AdultFriendFinder<\/h3>\n<p>Adult Friend Finder, eller AFF, har eksisteret siden 1995, og det g\u00e5r stadig st\u00e6rkt i dag. Oprindeligt var webstedet designet til at hj\u00e6lpe m\u00e6nd, der leder efter kvinder, men gennem \u00e5rene har det udviklet sig til et sted, hvor b\u00e5de fyre og piger kan g\u00e5 for at finde nogen speciel til dato. Hvis du vil bruge AFF til afslappet sex, er der masser af muligheder. Du kan enten sende beskeder direkte til singler eller deltage i en af de mange grupper, der fokuserer p\u00e5 specifikke emner som BDSM, fetichisme og endda swingere.<\/p>\n<p>For dem, der er interesseret i at finde k\u00e6rlighed, tilbyder AFF mange forskellige funktioner. Du kan gennemse profiler og fotos af singler, chatte med dem og endda udveksle telefonnumre. Og hvis du vil g\u00f8re tingene lidt anderledes, kan du bruge gratis sms-funktionen til at flirte med andre medlemmer.<\/p>\n<h3>  Seeking.com<\/h3>\n<p>Seeking er en gratis online dating app, der henvender sig til sugar daddy \/ baby niche. Denne type forhold er meget popul\u00e6r i dag, fordi det giver begge parter noget at se frem til hver m\u00e5ned. Sugar daddies er i stand til at betale unge damer for kammeratskab, mens unge damer modtager penge for at v\u00e6re attraktive nok til at tiltr\u00e6kke m\u00e6nd.<\/p>\n<p>Appen fungerer p\u00e5 samme m\u00e5de som Tinder, hvor folk swiper til venstre eller h\u00f8jre baseret p\u00e5, om de vil tale med nogen eller ej. Der er ingen fysisk interaktion involveret i at s\u00f8ge; der er dog masser af sexede fotos og videoer at nyde.<\/p>\n<h3>100 kr., Kj\u00e6r &amp; Sommerfeld<\/h3>\n<p>Hvis du har t\u00e6nkt p\u00e5 at v\u00e6re din betydningsfulde anden utro, eller bare er nysgerrig efter, hvordan det ville v\u00e6re at date en, der allerede er gift, kan Ashley Madison v\u00e6re v\u00e6rd at tjekke ud. En dating app til snydere, webstedet tilbyder en r\u00e6kke forskellige m\u00e5der at m\u00f8de potentielle partnere p\u00e5. Uanset om du leder efter afslappet sex, nogle varme trekanter eller endda en diskret aff\u00e6re, er der masser af muligheder her.<\/p>\n<ul>\n<li>Gratis medlemskab giver dig adgang til de fleste funktioner.<\/li>\n<li>Hvis du leder efter noget seri\u00f8st, kan du opgradere til en premium-konto for $ 19.95 pr. M\u00e5ned.<\/li>\n<li>Der er ingen kreditkortgebyrer involveret.<\/li>\n<li>Du kan gennemse profiler anonymt, hvilket betyder, at du ikke beh\u00f8ver at bekymre dig om at blive udsat, hvis du finder dig selv tiltrukket af en, der er gift.<\/li>\n<li>  Du kan deltage uden at skulle afsl\u00f8re personlige oplysninger s\u00e5som dit navn, telefonnummer, e-mail-adresse osv.<\/li>\n<\/ul>\n<h2>Hvorfor online dating er godt for singler<\/h2>\n<p>S\u00e5 hvordan overvinder du denne forhindring? F\u00f8rst skal du tage et skridt tilbage og sp\u00f8rge dig selv, om du virkelig vil g\u00e5 p\u00e5 en date med denne person. Hvis du leder efter noget afslappet, skal du m\u00e5ske ikke spilde for meget tid p\u00e5 at pr\u00f8ve at imponere dem. P\u00e5 bagsiden, hvis du leder efter noget mere seri\u00f8st, vil du gerne sikre dig, at du yder den indsats, der er n\u00f8dvendig for at vinde deres hjerte. N\u00e5r alt kommer til alt ville du ikke lade en potentiel partner g\u00e5 v\u00e6k uden at give alt, hvad du har, ikke?<\/p>\n","protected":false},"excerpt":{"rendered":"<p>Gratis datingsider og apps er ikke kun for dem, der leder efter k\u00e6rlighed &#8211; de er en fantastisk m\u00e5de at finde nye venner og skabe forbindelser p\u00e5. Og selvom der er masser af betalte muligheder derude, tilbyder nogle af de bedste alt, hvad du \u00f8nsker uden at skulle betale noget ekstra. Her er syv af &hellip; <\/p>\n<p class=\"link-more\"><a href=\"https:\/\/deaflgbtiqa.org.uk\/da\/\" class=\"more-link\">Read more &rarr;<span class=\"screen-reader-text\">&#8220;M\u00f8d og tilslut: Top Dating anmeldelser&#8221;<\/span><\/a><\/p>\n","protected":false},"author":1,"featured_media":65,"parent":0,"menu_order":0,"comment_status":"closed","ping_status":"closed","template":"","meta":[],"yoast_head":"<!-- This site is optimized with the Yoast SEO plugin v17.7.1 - https:\/\/yoast.com\/wordpress\/plugins\/seo\/ -->\n<title>M\u00f8d og tilslut: Top Dating anmeldelser - LGBT Dating<\/title>\n<meta name=\"robots\" content=\"index, follow, max-snippet:-1, max-image-preview:large, max-video-preview:-1\" \/>\n<link rel=\"canonical\" href=\"https:\/\/deaflgbtiqa.org.uk\/da\/\" \/>\n<meta property=\"og:locale\" content=\"da_DK\" \/>\n<meta property=\"og:type\" content=\"article\" \/>\n<meta property=\"og:title\" content=\"M\u00f8d og tilslut: Top Dating anmeldelser - LGBT Dating\" \/>\n<meta property=\"og:description\" content=\"Gratis datingsider og apps er ikke kun for dem, der leder efter k\u00e6rlighed &#8211; de er en fantastisk m\u00e5de at finde nye venner og skabe forbindelser p\u00e5. Og selvom der er masser af betalte muligheder derude, tilbyder nogle af de bedste alt, hvad du \u00f8nsker uden at skulle betale noget ekstra. Her er syv af &hellip; Read more &rarr;&quot;M\u00f8d og tilslut: Top Dating anmeldelser&quot;\" \/>\n<meta property=\"og:url\" content=\"https:\/\/deaflgbtiqa.org.uk\/da\/\" \/>\n<meta property=\"og:site_name\" content=\"LGBT Dating\" \/>\n<meta property=\"og:image\" content=\"https:\/\/deaflgbtiqa.org.uk\/wp-content\/uploads\/2022\/09\/casual-meet-for-sex.jpeg\" \/>\n\t<meta property=\"og:image:width\" content=\"1125\" \/>\n\t<meta property=\"og:image:height\" content=\"750\" \/>\n<meta name=\"twitter:card\" content=\"summary_large_image\" \/>\n<meta name=\"twitter:label1\" content=\"Estimeret l\u00e6setid\" \/>\n\t<meta name=\"twitter:data1\" content=\"7 minutter\" \/>\n<script type=\"application\/ld+json\" class=\"yoast-schema-graph\">{\"@context\":\"https:\/\/schema.org\",\"@graph\":[{\"@type\":\"WebSite\",\"@id\":\"http:\/\/deaflgbtiqa.org.uk\/ru\/#website\",\"url\":\"http:\/\/deaflgbtiqa.org.uk\/ru\/\",\"name\":\"LGBT Dating\",\"description\":\"Queer & Bi Advice\",\"potentialAction\":[{\"@type\":\"SearchAction\",\"target\":{\"@type\":\"EntryPoint\",\"urlTemplate\":\"http:\/\/deaflgbtiqa.org.uk\/ru\/?s={search_term_string}\"},\"query-input\":\"required name=search_term_string\"}],\"inLanguage\":\"da-DK\"},{\"@type\":\"ImageObject\",\"@id\":\"https:\/\/deaflgbtiqa.org.uk\/da\/#primaryimage\",\"inLanguage\":\"da-DK\",\"url\":\"https:\/\/deaflgbtiqa.org.uk\/wp-content\/uploads\/2022\/09\/casual-meet-for-sex.jpeg\",\"contentUrl\":\"https:\/\/deaflgbtiqa.org.uk\/wp-content\/uploads\/2022\/09\/casual-meet-for-sex.jpeg\",\"width\":1125,\"height\":750},{\"@type\":\"WebPage\",\"@id\":\"https:\/\/deaflgbtiqa.org.uk\/da\/#webpage\",\"url\":\"https:\/\/deaflgbtiqa.org.uk\/da\/\",\"name\":\"M\\u00f8d og tilslut: Top Dating anmeldelser - LGBT Dating\",\"isPartOf\":{\"@id\":\"http:\/\/deaflgbtiqa.org.uk\/ru\/#website\"},\"primaryImageOfPage\":{\"@id\":\"https:\/\/deaflgbtiqa.org.uk\/da\/#primaryimage\"},\"datePublished\":\"2022-09-05T14:44:26+00:00\",\"dateModified\":\"2022-09-05T14:44:26+00:00\",\"breadcrumb\":{\"@id\":\"https:\/\/deaflgbtiqa.org.uk\/da\/#breadcrumb\"},\"inLanguage\":\"da-DK\",\"potentialAction\":[{\"@type\":\"ReadAction\",\"target\":[\"https:\/\/deaflgbtiqa.org.uk\/da\/\"]}]},{\"@type\":\"BreadcrumbList\",\"@id\":\"https:\/\/deaflgbtiqa.org.uk\/da\/#breadcrumb\",\"itemListElement\":[{\"@type\":\"ListItem\",\"position\":1,\"name\":\"Home\",\"item\":\"https:\/\/deaflgbtiqa.org.uk\/da\/\"},{\"@type\":\"ListItem\",\"position\":2,\"name\":\"M\\u00f8d og tilslut: Top Dating anmeldelser\"}]}]}<\/script>\n<!-- \/ Yoast SEO plugin. -->","yoast_head_json":{"title":"M\u00f8d og tilslut: Top Dating anmeldelser - LGBT Dating","robots":{"index":"index","follow":"follow","max-snippet":"max-snippet:-1","max-image-preview":"max-image-preview:large","max-video-preview":"max-video-preview:-1"},"canonical":"https:\/\/deaflgbtiqa.org.uk\/da\/","og_locale":"da_DK","og_type":"article","og_title":"M\u00f8d og tilslut: Top Dating anmeldelser - LGBT Dating","og_description":"Gratis datingsider og apps er ikke kun for dem, der leder efter k\u00e6rlighed &#8211; de er en fantastisk m\u00e5de at finde nye venner og skabe forbindelser p\u00e5. Og selvom der er masser af betalte muligheder derude, tilbyder nogle af de bedste alt, hvad du \u00f8nsker uden at skulle betale noget ekstra. Her er syv af &hellip; Read more &rarr;\"M\u00f8d og tilslut: Top Dating anmeldelser\"","og_url":"https:\/\/deaflgbtiqa.org.uk\/da\/","og_site_name":"LGBT Dating","og_image":[{"width":1125,"height":750,"url":"https:\/\/deaflgbtiqa.org.uk\/wp-content\/uploads\/2022\/09\/casual-meet-for-sex.jpeg","type":"image\/jpeg"}],"twitter_card":"summary_large_image","twitter_misc":{"Estimeret l\u00e6setid":"7 minutter"},"schema":{"@context":"https:\/\/schema.org","@graph":[{"@type":"WebSite","@id":"http:\/\/deaflgbtiqa.org.uk\/ru\/#website","url":"http:\/\/deaflgbtiqa.org.uk\/ru\/","name":"LGBT Dating","description":"Queer & Bi Advice","potentialAction":[{"@type":"SearchAction","target":{"@type":"EntryPoint","urlTemplate":"http:\/\/deaflgbtiqa.org.uk\/ru\/?s={search_term_string}"},"query-input":"required name=search_term_string"}],"inLanguage":"da-DK"},{"@type":"ImageObject","@id":"https:\/\/deaflgbtiqa.org.uk\/da\/#primaryimage","inLanguage":"da-DK","url":"https:\/\/deaflgbtiqa.org.uk\/wp-content\/uploads\/2022\/09\/casual-meet-for-sex.jpeg","contentUrl":"https:\/\/deaflgbtiqa.org.uk\/wp-content\/uploads\/2022\/09\/casual-meet-for-sex.jpeg","width":1125,"height":750},{"@type":"WebPage","@id":"https:\/\/deaflgbtiqa.org.uk\/da\/#webpage","url":"https:\/\/deaflgbtiqa.org.uk\/da\/","name":"M\u00f8d og tilslut: Top Dating anmeldelser - LGBT Dating","isPartOf":{"@id":"http:\/\/deaflgbtiqa.org.uk\/ru\/#website"},"primaryImageOfPage":{"@id":"https:\/\/deaflgbtiqa.org.uk\/da\/#primaryimage"},"datePublished":"2022-09-05T14:44:26+00:00","dateModified":"2022-09-05T14:44:26+00:00","breadcrumb":{"@id":"https:\/\/deaflgbtiqa.org.uk\/da\/#breadcrumb"},"inLanguage":"da-DK","potentialAction":[{"@type":"ReadAction","target":["https:\/\/deaflgbtiqa.org.uk\/da\/"]}]},{"@type":"BreadcrumbList","@id":"https:\/\/deaflgbtiqa.org.uk\/da\/#breadcrumb","itemListElement":[{"@type":"ListItem","position":1,"name":"Home","item":"https:\/\/deaflgbtiqa.org.uk\/da\/"},{"@type":"ListItem","position":2,"name":"M\u00f8d og tilslut: Top Dating anmeldelser"}]}]}},"_links":{"self":[{"href":"https:\/\/deaflgbtiqa.org.uk\/da\/wp-json\/wp\/v2\/pages\/240"}],"collection":[{"href":"https:\/\/deaflgbtiqa.org.uk\/da\/wp-json\/wp\/v2\/pages"}],"about":[{"href":"https:\/\/deaflgbtiqa.org.uk\/da\/wp-json\/wp\/v2\/types\/page"}],"author":[{"embeddable":true,"href":"https:\/\/deaflgbtiqa.org.uk\/da\/wp-json\/wp\/v2\/users\/1"}],"replies":[{"embeddable":true,"href":"https:\/\/deaflgbtiqa.org.uk\/da\/wp-json\/wp\/v2\/comments?post=240"}],"version-history":[{"count":0,"href":"https:\/\/deaflgbtiqa.org.uk\/da\/wp-json\/wp\/v2\/pages\/240\/revisions"}],"wp:featuredmedia":[{"embeddable":true,"href":"https:\/\/deaflgbtiqa.org.uk\/da\/wp-json\/wp\/v2\/media\/65"}],"wp:attachment":[{"href":"https:\/\/deaflgbtiqa.org.uk\/da\/wp-json\/wp\/v2\/media?parent=240"}],"curies":[{"name":"wp","href":"https:\/\/api.w.org\/{rel}","templated":true}]}}