{"id":239,"date":"2022-09-05T15:44:26","date_gmt":"2022-09-05T14:44:26","guid":{"rendered":"http:\/\/deaflgbtiqa.org.uk\/seznamte-se-a-pripojte-se-nejlepsi-seznamovaci-recenze\/"},"modified":"2022-09-05T15:44:26","modified_gmt":"2022-09-05T14:44:26","slug":"seznamte-se-a-pripojte-se-nejlepsi-seznamovaci-recenze","status":"publish","type":"page","link":"https:\/\/deaflgbtiqa.org.uk\/cs\/","title":{"rendered":"Seznamte se a p\u0159ipojte se: Nejlep\u0161\u00ed seznamovac\u00ed recenze"},"content":{"rendered":"<p>Bezplatn\u00e9 seznamovac\u00ed str\u00e1nky a aplikace nejsou jen pro ty, kte\u0159\u00ed hledaj\u00ed l\u00e1sku &#8211; jsou skv\u011bl\u00fdm zp\u016fsobem, jak naj\u00edt nov\u00e9 p\u0159\u00e1tele a nav\u00e1zat spojen\u00ed. A zat\u00edmco existuje spousta placen\u00fdch mo\u017enost\u00ed, n\u011bkter\u00e9 z nejlep\u0161\u00edch nab\u00edzej\u00ed v\u0161e, co byste cht\u011bli, ani\u017e byste museli platit n\u011bco nav\u00edc. Zde je sedm na\u0161ich obl\u00edben\u00fdch.<\/p>\n<h2>Recenze Seznamka pro dosp\u011bl\u00e9<\/h2>\n<p>Tyto str\u00e1nky nab\u00edzej\u00ed \u0159adu funkc\u00ed, kter\u00e9 usnad\u0148uj\u00ed hled\u00e1n\u00ed potenci\u00e1ln\u00edch partner\u016f. U\u017eivatel\u00e9 mohou proch\u00e1zet \u010dleny na z\u00e1klad\u011b um\u00edst\u011bn\u00ed, v\u011bkov\u00e9ho rozmez\u00ed, stavu vztahu, sexu\u00e1ln\u00ed orientace, etnick\u00e9ho p\u016fvodu, n\u00e1bo\u017eenstv\u00ed, \u00farovn\u011b vzd\u011bl\u00e1n\u00ed, povol\u00e1n\u00ed, p\u0159\u00edjmu, typu t\u011bla, v\u00fd\u0161ky, hmotnosti, preferenc\u00ed kou\u0159en\u00ed a dokonce i politick\u00fdch n\u00e1zor\u016f. Na v\u00fdb\u011br jsou tis\u00edce r\u016fzn\u00fdch kategori\u00ed. U\u017eivatel\u00e9 mohou pomoc\u00ed kl\u00ed\u010dov\u00fdch slov z\u00fa\u017eit vyhled\u00e1v\u00e1n\u00ed a tak\u00e9 filtrovat \u010dleny podle sk\u00f3re kompatibility, po\u010dtu spole\u010dn\u00fdch p\u0159\u00e1tel a toho, zda jsou ji\u017e \u017eenat\u00ed nebo zasnouben\u00ed.<\/p>\n<h3>Utk\u00e1n\u00ed<\/h3>\n<p>Match je jednou z nejstar\u0161\u00edch seznamovac\u00edch slu\u017eeb, dlouho p\u0159edch\u00e1zela mobiln\u00ed aplikace a shroma\u017e\u010fuje spoustu informac\u00ed o va\u0161ich preferenc\u00edch, aby vytvo\u0159ila profily, kter\u00e9 pak m\u016f\u017eete pou\u017e\u00edt k nalezen\u00ed dobr\u00e9ho prot\u011bj\u0161ku.<\/p>\n<p>Stejn\u011b jako mnoho seznamovac\u00edch web\u016f, Match v\u00e1m umo\u017en\u00ed vyniknout s vylep\u0161en\u00edmi (jako je z\u00edsk\u00e1n\u00ed profilu naho\u0159e) a super r\u00e1d (z\u00edsk\u00e1n\u00ed pozornosti n\u011bkoho, koho skute\u010dn\u011b chcete).<\/p>\n<p>Ale voln\u00e9 aspekty Match nejsou p\u0159\u00edli\u0161 p\u0159esv\u011bd\u010div\u00e9. M\u016f\u017eete pouze lajkovat nebo nel\u00edbit potenci\u00e1ln\u00ed shody a poslat n\u011bkolik zpr\u00e1v. Chcete-li skute\u010dn\u011b komunikovat s k\u00fdmkoli, mus\u00edte zaplatit a\u017e do stupn\u011b Match Premium, kter\u00fd stoj\u00ed kdekoli od $ 35 do $ 120 za m\u011bs\u00edc v z\u00e1vislosti na tom, kolik \u010dasu str\u00e1v\u00edte na webu.<\/p>\n<p>P\u0159edplatn\u00e9 m\u016f\u017eete prodlou\u017eit o dal\u0161\u00ed t\u0159i m\u011bs\u00edce, ale i tak budete st\u00e1le platit.<\/p>\n<h3>OkCupid<\/h3>\n<p>OkCupid je jednou z nejstar\u0161\u00edch seznamovac\u00edch platforem v okol\u00ed, a to z dobr\u00e9ho d\u016fvodu. Jeho rozhran\u00ed je snadno navigovateln\u00e9 a jeho algoritmus shody zaji\u0161\u0165uje, \u017ee neskon\u010d\u00edte s n\u011bk\u00fdm, kdo neodpov\u00edd\u00e1 va\u0161emu osobnostn\u00edmu typu. M\u016f\u017eete proch\u00e1zet na z\u00e1klad\u011b um\u00edst\u011bn\u00ed, v\u011bku, stavu vztahu, pohlav\u00ed, etnick\u00e9ho p\u016fvodu, n\u00e1bo\u017eenstv\u00ed, \u00farovn\u011b vzd\u011bl\u00e1n\u00ed, v\u00fd\u0161ky, hmotnosti, typu t\u011bla, z\u00e1jm\u016f, povol\u00e1n\u00ed, politick\u00fdch n\u00e1zor\u016f, sexu\u00e1ln\u00ed orientace a dokonce i dom\u00e1c\u00edch mazl\u00ed\u010dk\u016f.<\/p>\n<p>M\u016f\u017eete tak\u00e9 nastavit p\u0159edvolby tak, aby se v\u00e1m zobrazovaly pouze ty profily, kter\u00e9 v\u00e1s zaj\u00edmaj\u00ed. M\u016f\u017eete nap\u0159\u00edklad vybrat lidi, kte\u0159\u00ed sd\u00edleli fotky, na kter\u00fdch jsou oble\u010deni v ur\u010dit\u00fdch oblec\u00edch, nebo kte\u0159\u00ed uvedli, \u017ee maj\u00ed r\u00e1di sporty.<\/p>\n<p>Pokud se chcete ujistit, \u017ee ve sv\u00e9m zdroji vid\u00edte ka\u017ed\u00e9ho jednotliv\u00e9ho \u010dlena, m\u016f\u017eete povolit ozn\u00e1men\u00ed. T\u00edmto zp\u016fsobem nezme\u0161k\u00e1te nikoho, kdo v\u00e1s p\u0159id\u00e1 do sv\u00e9 skupiny p\u0159\u00e1tel nebo v\u00e1s bude n\u00e1sledovat zp\u011bt.<\/p>\n<h3>Troud<\/h3>\n<p>Tinder je dnes pravd\u011bpodobn\u011b nejobl\u00edben\u011bj\u0161\u00ed seznamovac\u00ed aplikac\u00ed. Pokud jste n\u011bkdy byli na rande, kde jste zjistili, \u017ee p\u0159ej\u00ed\u017ed\u00edte doleva na ka\u017edou jednotlivou osobu, je pravd\u011bpodobn\u00e9, \u017ee v\u00edte, co je Tinder. U\u017eivatel\u00e9 mohou p\u0159ejet prstem doprava na kohokoli v okol\u00ed, a pokud se ob\u011b strany dostate\u010dn\u011b l\u00edb\u00ed, za\u010dnou chatovat. To v\u00e1m umo\u017en\u00ed vid\u011bt, kdo dal\u0161\u00ed v\u00e1s m\u00e1 r\u00e1d.<\/p>\n<p>Tinder je nesm\u00edrn\u011b \u00fasp\u011b\u0161n\u00fd. S v\u00edce ne\u017e 50 miliony aktivn\u00edch m\u011bs\u00ed\u010dn\u00edch u\u017eivatel\u016f je to nejv\u011bt\u0161\u00ed seznamovac\u00ed aplikace na sv\u011bt\u011b. Ale zp\u016fsob, jak\u00fdm to funguje, m\u016f\u017ee zp\u016fsobit, \u017ee budete cht\u00edt p\u0159estat pou\u017e\u00edvat. Aplikace pou\u017e\u00edv\u00e1 jednoduch\u00fd syst\u00e9m pro p\u00e1rov\u00e1n\u00ed potenci\u00e1ln\u00edch z\u00e1pas\u016f. Kdy\u017e aplikaci otev\u0159ete, zobraz\u00ed se mapa, kter\u00e1 ukazuje, kde mu\u017ei a \u017eeny v okol\u00ed hledaj\u00ed data. Pokud vid\u00edte n\u011bkoho, koho m\u00e1te r\u00e1di, sta\u010d\u00ed klepnout na obrazovku a poslat mu mrknut\u00ed. D\u011blaj\u00ed tot\u00e9\u017e. A pokud se oba rozhodnou pokra\u010dovat a chatovat, nakonec se setk\u00e1te. Ale je tu probl\u00e9m. Vzhledem k tomu, \u017ee cel\u00e1 v\u011bc je zalo\u017eena na p\u0159ejet\u00ed prstem vpravo nebo vlevo, povzbuzuje lidi, aby aplikaci pou\u017e\u00edvali p\u0159\u00edle\u017eitostn\u011b. A p\u0159\u00edle\u017eitostn\u00fd sex nen\u00ed v\u017edy dobr\u00fd n\u00e1pad.<\/p>\n<h3>Zmaten\u00e9 chov\u00e1n\u00ed<\/h3>\n<p>Pokud d\u00e1v\u00e1te p\u0159ednost \u017een\u00e1m p\u0159ed mu\u017ei, Bumble m\u016f\u017ee b\u00fdt pro v\u00e1s. Na Bumble \u017eeny zahajuj\u00ed rozhovory s ostatn\u00edmi \u010dleny, a pokud chce pokra\u010dovat v rozhovoru, mus\u00ed poslat &#8222;r\u00e1nu&#8220;. N\u00e1raz d\u00e1v\u00e1 jej\u00edmu mu\u017esk\u00e9mu prot\u011bj\u0161ku v\u011bd\u011bt, \u017ee se o n\u011bm mluv\u00ed, a mus\u00ed odpov\u011bd\u011bt do 24 hodin. Pokud ano, konverzace pokra\u010duje. Pokud tak neu\u010din\u00ed, \u017eena dostane posledn\u00ed slovo.<\/p>\n<h2>Seznamovac\u00ed aplikace zdarma<\/h2>\n<p>Nechcete platit? Pod\u00edvejte se na tyto bezplatn\u00e9 aplikace, kter\u00e9 v\u00e1m doporu\u010dujeme vyzkou\u0161et, ne\u017e p\u016fjdete na pr\u00e9miov\u011bj\u0161\u00ed slu\u017ebu!<\/p>\n<h3>AdultFriendFinder<\/h3>\n<p>Adult Friend Finder, neboli AFF, existuje od roku 1995 a je st\u00e1le siln\u00fd dodnes. P\u016fvodn\u011b byla str\u00e1nka navr\u017eena tak, aby pomohla mu\u017e\u016fm, kte\u0159\u00ed hledaj\u00ed \u017eeny, ale v pr\u016fb\u011bhu let se vyvinula v m\u00edsto, kde mohou mu\u017ei i d\u00edvky j\u00edt naj\u00edt n\u011bkoho zvl\u00e1\u0161tn\u00edho k dne\u0161n\u00edmu dni. Pokud chcete pou\u017e\u00edt AFF pro p\u0159\u00edle\u017eitostn\u00fd sex, existuje spousta mo\u017enost\u00ed. M\u016f\u017eete bu\u010f pos\u00edlat zpr\u00e1vy singles p\u0159\u00edmo, nebo se p\u0159ipojit k jedn\u00e9 z mnoha skupin, kter\u00e9 se zam\u011b\u0159uj\u00ed na konkr\u00e9tn\u00ed t\u00e9mata, jako je BDSM, feti\u0161ismus a dokonce i swingers.<\/p>\n<p>Pro ty, kte\u0159\u00ed maj\u00ed z\u00e1jem o nalezen\u00ed l\u00e1sky, AFF nab\u00edz\u00ed mnoho r\u016fzn\u00fdch funkc\u00ed. M\u016f\u017eete proch\u00e1zet profily a fotografie nezadan\u00fdch, chatovat s nimi a dokonce si vym\u011b\u0148ovat telefonn\u00ed \u010d\u00edsla. A pokud chcete d\u011blat v\u011bci trochu jinak, m\u016f\u017eete vyu\u017e\u00edt funkci voln\u00e9ho pos\u00edl\u00e1n\u00ed textov\u00fdch zpr\u00e1v a flirtovat s ostatn\u00edmi \u010dleny.<\/p>\n<h3>  Seeking.com<\/h3>\n<p>Seeking je bezplatn\u00e1 online seznamovac\u00ed aplikace, kter\u00e1 se star\u00e1 o v\u00fdklenek cukrov\u00e9ho t\u00e1ty \/ d\u00edt\u011bte. Tento typ vztahu je v dne\u0161n\u00ed dob\u011b velmi popul\u00e1rn\u00ed, proto\u017ee d\u00e1v\u00e1 ob\u011bma stran\u00e1m ka\u017ed\u00fd m\u011bs\u00edc n\u011bco, na co se mohou t\u011b\u0161it. Cukrov\u00ed t\u00e1tov\u00e9 jsou schopni platit mlad\u00fdm d\u00e1m\u00e1m za spole\u010dnost, zat\u00edmco mlad\u00e9 d\u00e1my dost\u00e1vaj\u00ed pen\u00edze za to, \u017ee jsou dostate\u010dn\u011b atraktivn\u00ed, aby p\u0159il\u00e1kaly mu\u017ee.<\/p>\n<p>Aplikace funguje podobn\u011b jako Tinder, kde lid\u00e9 p\u0159ej\u00ed\u017ed\u011bj\u00ed prstem doleva nebo doprava na z\u00e1klad\u011b toho, zda cht\u011bj\u00ed s n\u011bk\u00fdm mluvit nebo ne. Neexistuje \u017e\u00e1dn\u00e1 fyzick\u00e1 interakce zapojen\u00e1 do hled\u00e1n\u00ed; existuje v\u0161ak spousta sexy fotografi\u00ed a vide\u00ed, kter\u00e9 si m\u016f\u017eete vychutnat.<\/p>\n<h3>Ashley Madisonov\u00e1<\/h3>\n<p>Pokud jste p\u0159em\u00fd\u0161leli o podv\u00e1d\u011bn\u00ed sv\u00e9ho v\u00fdznamn\u00e9ho partnera, nebo jste jen zv\u011bdav\u00ed, jak\u00e9 by to bylo randit s n\u011bk\u00fdm, kdo je ji\u017e \u017eenat\u00fd, Ashley Madison by mohla st\u00e1t za to se pod\u00edvat. Seznamovac\u00ed aplikace pro podvodn\u00edky, str\u00e1nka nab\u00edz\u00ed \u0159adu r\u016fzn\u00fdch zp\u016fsob\u016f, jak se setkat s potenci\u00e1ln\u00edmi partnery. A\u0165 u\u017e hled\u00e1te p\u0159\u00edle\u017eitostn\u00fd sex, n\u011bjak\u00e9 hork\u00e9 trojky nebo dokonce diskr\u00e9tn\u00ed z\u00e1le\u017eitost, existuje spousta mo\u017enost\u00ed.<\/p>\n<ul>\n<li>Bezplatn\u00e9 \u010dlenstv\u00ed v\u00e1m umo\u017e\u0148uje p\u0159\u00edstup k v\u011bt\u0161in\u011b funkc\u00ed.<\/li>\n<li>Pokud hled\u00e1te n\u011bco v\u00e1\u017en\u00e9ho, m\u016f\u017eete upgradovat na pr\u00e9miov\u00fd \u00fa\u010det za $ 19.95 za m\u011bs\u00edc.<\/li>\n<li>Neexistuj\u00ed \u017e\u00e1dn\u00e9 poplatky za kreditn\u00ed karty.<\/li>\n<li>Profily m\u016f\u017eete proch\u00e1zet anonymn\u011b, co\u017e znamen\u00e1, \u017ee se nemus\u00edte ob\u00e1vat, \u017ee budete vystaveni, pokud zjist\u00edte, \u017ee v\u00e1s p\u0159itahuje n\u011bkdo, kdo je \u017eenat\u00fd.<\/li>\n<li>  M\u016f\u017eete se p\u0159ipojit, ani\u017e byste museli prozrazovat osobn\u00ed \u00fadaje, jako je va\u0161e jm\u00e9no, telefonn\u00ed \u010d\u00edslo, e-mailov\u00e1 adresa atd.<\/li>\n<\/ul>\n<h2>Pro\u010d je online seznamka dobr\u00e1 pro nezadan\u00e9<\/h2>\n<p>Jak tedy tuto p\u0159ek\u00e1\u017eku p\u0159ekonat? Nejprve ud\u011blejte krok zp\u011bt a zeptejte se sami sebe, zda opravdu chcete j\u00edt na rande s touto osobou. Pokud hled\u00e1te n\u011bco neform\u00e1ln\u00edho, mo\u017en\u00e1 byste nem\u011bli ztr\u00e1cet p\u0159\u00edli\u0161 mnoho \u010dasu snahou zap\u016fsobit na n\u011b. Na druhou stranu, pokud hled\u00e1te n\u011bco v\u00e1\u017en\u011bj\u0161\u00edho, pak se budete cht\u00edt ujistit, \u017ee vynakl\u00e1d\u00e1te \u00fasil\u00ed pot\u0159ebn\u00e9 k z\u00edsk\u00e1n\u00ed jejich srdce. Koneckonc\u016f, nenechali byste potenci\u00e1ln\u00edho partnera odej\u00edt, ani\u017e byste do toho dali v\u0161echno, \u017ee?<\/p>\n","protected":false},"excerpt":{"rendered":"<p>Bezplatn\u00e9 seznamovac\u00ed str\u00e1nky a aplikace nejsou jen pro ty, kte\u0159\u00ed hledaj\u00ed l\u00e1sku &#8211; jsou skv\u011bl\u00fdm zp\u016fsobem, jak naj\u00edt nov\u00e9 p\u0159\u00e1tele a nav\u00e1zat spojen\u00ed. A zat\u00edmco existuje spousta placen\u00fdch mo\u017enost\u00ed, n\u011bkter\u00e9 z nejlep\u0161\u00edch nab\u00edzej\u00ed v\u0161e, co byste cht\u011bli, ani\u017e byste museli platit n\u011bco nav\u00edc. Zde je sedm na\u0161ich obl\u00edben\u00fdch. Recenze Seznamka pro dosp\u011bl\u00e9 Tyto str\u00e1nky nab\u00edzej\u00ed &hellip; <\/p>\n<p class=\"link-more\"><a href=\"https:\/\/deaflgbtiqa.org.uk\/cs\/\" class=\"more-link\">Read more &rarr;<span class=\"screen-reader-text\">&#8222;Seznamte se a p\u0159ipojte se: Nejlep\u0161\u00ed seznamovac\u00ed recenze&#8220;<\/span><\/a><\/p>\n","protected":false},"author":1,"featured_media":64,"parent":0,"menu_order":0,"comment_status":"closed","ping_status":"closed","template":"","meta":[],"yoast_head":"<!-- This site is optimized with the Yoast SEO plugin v17.7.1 - https:\/\/yoast.com\/wordpress\/plugins\/seo\/ -->\n<title>Seznamte se a p\u0159ipojte se: Nejlep\u0161\u00ed seznamovac\u00ed recenze - LGBT Dating<\/title>\n<meta name=\"robots\" content=\"index, follow, max-snippet:-1, max-image-preview:large, max-video-preview:-1\" \/>\n<link rel=\"canonical\" href=\"https:\/\/deaflgbtiqa.org.uk\/cs\/\" \/>\n<meta property=\"og:locale\" content=\"cs_CZ\" \/>\n<meta property=\"og:type\" content=\"article\" \/>\n<meta property=\"og:title\" content=\"Seznamte se a p\u0159ipojte se: Nejlep\u0161\u00ed seznamovac\u00ed recenze - LGBT Dating\" \/>\n<meta property=\"og:description\" content=\"Bezplatn\u00e9 seznamovac\u00ed str\u00e1nky a aplikace nejsou jen pro ty, kte\u0159\u00ed hledaj\u00ed l\u00e1sku &#8211; jsou skv\u011bl\u00fdm zp\u016fsobem, jak naj\u00edt nov\u00e9 p\u0159\u00e1tele a nav\u00e1zat spojen\u00ed. A zat\u00edmco existuje spousta placen\u00fdch mo\u017enost\u00ed, n\u011bkter\u00e9 z nejlep\u0161\u00edch nab\u00edzej\u00ed v\u0161e, co byste cht\u011bli, ani\u017e byste museli platit n\u011bco nav\u00edc. Zde je sedm na\u0161ich obl\u00edben\u00fdch. Recenze Seznamka pro dosp\u011bl\u00e9 Tyto str\u00e1nky nab\u00edzej\u00ed &hellip; Read more &rarr;&quot;Seznamte se a p\u0159ipojte se: Nejlep\u0161\u00ed seznamovac\u00ed recenze&quot;\" \/>\n<meta property=\"og:url\" content=\"https:\/\/deaflgbtiqa.org.uk\/cs\/\" \/>\n<meta property=\"og:site_name\" content=\"LGBT Dating\" \/>\n<meta property=\"og:image\" content=\"http:\/\/deaflgbtiqa.org.uk\/wp-content\/uploads\/2022\/09\/casual-meet-for-sex.jpeg\" \/>\n\t<meta property=\"og:image:width\" content=\"1125\" \/>\n\t<meta property=\"og:image:height\" content=\"750\" \/>\n<meta name=\"twitter:card\" content=\"summary_large_image\" \/>\n<meta name=\"twitter:label1\" content=\"Odhadovan\u00e1 doba \u010dten\u00ed\" \/>\n\t<meta name=\"twitter:data1\" content=\"8 minut\" \/>\n<script type=\"application\/ld+json\" class=\"yoast-schema-graph\">{\"@context\":\"https:\/\/schema.org\",\"@graph\":[{\"@type\":\"WebSite\",\"@id\":\"https:\/\/deaflgbtiqa.org.uk\/#website\",\"url\":\"https:\/\/deaflgbtiqa.org.uk\/\",\"name\":\"LGBT Dating\",\"description\":\"Queer & Bi Advice\",\"potentialAction\":[{\"@type\":\"SearchAction\",\"target\":{\"@type\":\"EntryPoint\",\"urlTemplate\":\"https:\/\/deaflgbtiqa.org.uk\/?s={search_term_string}\"},\"query-input\":\"required name=search_term_string\"}],\"inLanguage\":\"cs\"},{\"@type\":\"ImageObject\",\"@id\":\"https:\/\/deaflgbtiqa.org.uk\/cs\/#primaryimage\",\"inLanguage\":\"cs\",\"url\":\"https:\/\/deaflgbtiqa.org.uk\/wp-content\/uploads\/2022\/09\/casual-meet-for-sex.jpeg\",\"contentUrl\":\"https:\/\/deaflgbtiqa.org.uk\/wp-content\/uploads\/2022\/09\/casual-meet-for-sex.jpeg\",\"width\":1125,\"height\":750},{\"@type\":\"WebPage\",\"@id\":\"https:\/\/deaflgbtiqa.org.uk\/cs\/#webpage\",\"url\":\"https:\/\/deaflgbtiqa.org.uk\/cs\/\",\"name\":\"Seznamte se a p\\u0159ipojte se: Nejlep\\u0161\\u00ed seznamovac\\u00ed recenze - LGBT Dating\",\"isPartOf\":{\"@id\":\"https:\/\/deaflgbtiqa.org.uk\/#website\"},\"primaryImageOfPage\":{\"@id\":\"https:\/\/deaflgbtiqa.org.uk\/cs\/#primaryimage\"},\"datePublished\":\"2022-09-05T14:44:26+00:00\",\"dateModified\":\"2022-09-05T14:44:26+00:00\",\"breadcrumb\":{\"@id\":\"https:\/\/deaflgbtiqa.org.uk\/cs\/#breadcrumb\"},\"inLanguage\":\"cs\",\"potentialAction\":[{\"@type\":\"ReadAction\",\"target\":[\"https:\/\/deaflgbtiqa.org.uk\/cs\/\"]}]},{\"@type\":\"BreadcrumbList\",\"@id\":\"https:\/\/deaflgbtiqa.org.uk\/cs\/#breadcrumb\",\"itemListElement\":[{\"@type\":\"ListItem\",\"position\":1,\"name\":\"Home\",\"item\":\"http:\/\/deaflgbtiqa.org.uk\/cs\/\"},{\"@type\":\"ListItem\",\"position\":2,\"name\":\"Seznamte se a p\\u0159ipojte se: Nejlep\\u0161\\u00ed seznamovac\\u00ed recenze\"}]}]}<\/script>\n<!-- \/ Yoast SEO plugin. -->","yoast_head_json":{"title":"Seznamte se a p\u0159ipojte se: Nejlep\u0161\u00ed seznamovac\u00ed recenze - LGBT Dating","robots":{"index":"index","follow":"follow","max-snippet":"max-snippet:-1","max-image-preview":"max-image-preview:large","max-video-preview":"max-video-preview:-1"},"canonical":"https:\/\/deaflgbtiqa.org.uk\/cs\/","og_locale":"cs_CZ","og_type":"article","og_title":"Seznamte se a p\u0159ipojte se: Nejlep\u0161\u00ed seznamovac\u00ed recenze - LGBT Dating","og_description":"Bezplatn\u00e9 seznamovac\u00ed str\u00e1nky a aplikace nejsou jen pro ty, kte\u0159\u00ed hledaj\u00ed l\u00e1sku &#8211; jsou skv\u011bl\u00fdm zp\u016fsobem, jak naj\u00edt nov\u00e9 p\u0159\u00e1tele a nav\u00e1zat spojen\u00ed. A zat\u00edmco existuje spousta placen\u00fdch mo\u017enost\u00ed, n\u011bkter\u00e9 z nejlep\u0161\u00edch nab\u00edzej\u00ed v\u0161e, co byste cht\u011bli, ani\u017e byste museli platit n\u011bco nav\u00edc. Zde je sedm na\u0161ich obl\u00edben\u00fdch. Recenze Seznamka pro dosp\u011bl\u00e9 Tyto str\u00e1nky nab\u00edzej\u00ed &hellip; Read more &rarr;\"Seznamte se a p\u0159ipojte se: Nejlep\u0161\u00ed seznamovac\u00ed recenze\"","og_url":"https:\/\/deaflgbtiqa.org.uk\/cs\/","og_site_name":"LGBT Dating","og_image":[{"width":1125,"height":750,"url":"http:\/\/deaflgbtiqa.org.uk\/wp-content\/uploads\/2022\/09\/casual-meet-for-sex.jpeg","type":"image\/jpeg"}],"twitter_card":"summary_large_image","twitter_misc":{"Odhadovan\u00e1 doba \u010dten\u00ed":"8 minut"},"schema":{"@context":"https:\/\/schema.org","@graph":[{"@type":"WebSite","@id":"https:\/\/deaflgbtiqa.org.uk\/#website","url":"https:\/\/deaflgbtiqa.org.uk\/","name":"LGBT Dating","description":"Queer & Bi Advice","potentialAction":[{"@type":"SearchAction","target":{"@type":"EntryPoint","urlTemplate":"https:\/\/deaflgbtiqa.org.uk\/?s={search_term_string}"},"query-input":"required name=search_term_string"}],"inLanguage":"cs"},{"@type":"ImageObject","@id":"https:\/\/deaflgbtiqa.org.uk\/cs\/#primaryimage","inLanguage":"cs","url":"https:\/\/deaflgbtiqa.org.uk\/wp-content\/uploads\/2022\/09\/casual-meet-for-sex.jpeg","contentUrl":"https:\/\/deaflgbtiqa.org.uk\/wp-content\/uploads\/2022\/09\/casual-meet-for-sex.jpeg","width":1125,"height":750},{"@type":"WebPage","@id":"https:\/\/deaflgbtiqa.org.uk\/cs\/#webpage","url":"https:\/\/deaflgbtiqa.org.uk\/cs\/","name":"Seznamte se a p\u0159ipojte se: Nejlep\u0161\u00ed seznamovac\u00ed recenze - LGBT Dating","isPartOf":{"@id":"https:\/\/deaflgbtiqa.org.uk\/#website"},"primaryImageOfPage":{"@id":"https:\/\/deaflgbtiqa.org.uk\/cs\/#primaryimage"},"datePublished":"2022-09-05T14:44:26+00:00","dateModified":"2022-09-05T14:44:26+00:00","breadcrumb":{"@id":"https:\/\/deaflgbtiqa.org.uk\/cs\/#breadcrumb"},"inLanguage":"cs","potentialAction":[{"@type":"ReadAction","target":["https:\/\/deaflgbtiqa.org.uk\/cs\/"]}]},{"@type":"BreadcrumbList","@id":"https:\/\/deaflgbtiqa.org.uk\/cs\/#breadcrumb","itemListElement":[{"@type":"ListItem","position":1,"name":"Home","item":"http:\/\/deaflgbtiqa.org.uk\/cs\/"},{"@type":"ListItem","position":2,"name":"Seznamte se a p\u0159ipojte se: Nejlep\u0161\u00ed seznamovac\u00ed recenze"}]}]}},"_links":{"self":[{"href":"https:\/\/deaflgbtiqa.org.uk\/cs\/wp-json\/wp\/v2\/pages\/239"}],"collection":[{"href":"https:\/\/deaflgbtiqa.org.uk\/cs\/wp-json\/wp\/v2\/pages"}],"about":[{"href":"https:\/\/deaflgbtiqa.org.uk\/cs\/wp-json\/wp\/v2\/types\/page"}],"author":[{"embeddable":true,"href":"https:\/\/deaflgbtiqa.org.uk\/cs\/wp-json\/wp\/v2\/users\/1"}],"replies":[{"embeddable":true,"href":"https:\/\/deaflgbtiqa.org.uk\/cs\/wp-json\/wp\/v2\/comments?post=239"}],"version-history":[{"count":0,"href":"https:\/\/deaflgbtiqa.org.uk\/cs\/wp-json\/wp\/v2\/pages\/239\/revisions"}],"wp:featuredmedia":[{"embeddable":true,"href":"https:\/\/deaflgbtiqa.org.uk\/cs\/wp-json\/wp\/v2\/media\/64"}],"wp:attachment":[{"href":"https:\/\/deaflgbtiqa.org.uk\/cs\/wp-json\/wp\/v2\/media?parent=239"}],"curies":[{"name":"wp","href":"https:\/\/api.w.org\/{rel}","templated":true}]}}